{"id":224,"date":"2025-12-09T14:28:26","date_gmt":"2025-12-09T14:28:26","guid":{"rendered":"https:\/\/medietek.com\/ana-sayfa\/"},"modified":"2025-12-23T13:50:39","modified_gmt":"2025-12-23T13:50:39","slug":"ana-sayfa","status":"publish","type":"page","link":"https:\/\/medietek.com\/tr\/","title":{"rendered":"Ana Sayfa"},"content":{"rendered":"<p>[et_pb_section fb_built=&#8221;1&#8243; fullwidth=&#8221;on&#8221; _builder_version=&#8221;4.27.5&#8243; _module_preset=&#8221;default&#8221; global_colors_info=&#8221;{}&#8221;][et_pb_fullwidth_header subhead=&#8221;2011&#039;den Beri Sadece En \u0130yisini Sunuyoruz&#8221; text_orientation=&#8221;center&#8221; header_fullscreen=&#8221;on&#8221; header_scroll_down=&#8221;on&#8221; scroll_down_icon=&#8221;%%2%%&#8221; scroll_down_icon_color=&#8221;#ffffff&#8221; button_one_text=&#8221;Ma\u011faza&#8221; button_one_url=&#8221;https:\/\/medietek.com\/shop&#8221; background_overlay_color=&#8221;rgba(0,0,0,0.4)&#8221; logo_image_url=&#8221;https:\/\/medietek.com\/wp-content\/uploads\/2025\/12\/MT-1000&#215;500-1.png&#8221; button_one_text_tablet=&#8221;Ma\u011faza&#8221; button_one_text_phone=&#8221;Ma\u011faza&#8221; button_one_text_last_edited=&#8221;on|phone&#8221; content_max_width_last_edited=&#8221;off|desktop&#8221; admin_label=&#8221;Contents&#8221; _builder_version=&#8221;4.27.5&#8243; _module_preset=&#8221;default&#8221; title_font=&#8221;Oswald|||on|&#8221; title_text_align=&#8221;center&#8221; title_font_size=&#8221;80px&#8221; title_letter_spacing=&#8221;0.05em&#8221; title_line_height=&#8221;1.5em&#8221; subhead_font=&#8221;Nunito|600|||||||&#8221; subhead_font_size=&#8221;20px&#8221; subhead_line_height=&#8221;1.9em&#8221; background_color=&#8221;rgba(255, 255, 255, 0)&#8221; background_image=&#8221;https:\/\/medietek.com\/wp-content\/uploads\/2025\/12\/video-g5b7fa6b41_1920.jpg&#8221; parallax=&#8221;on&#8221; parallax_method=&#8221;on&#8221; custom_button_one=&#8221;on&#8221; button_one_text_size=&#8221;15px&#8221; button_one_text_color=&#8221;#FFFFFF&#8221; button_one_bg_color=&#8221;#E02B20&#8243; button_one_border_width=&#8221;10px&#8221; button_one_border_color=&#8221;#E02B20&#8243; button_one_border_radius=&#8221;0px&#8221; button_one_letter_spacing=&#8221;3px&#8221; button_one_font=&#8221;|||on|||||&#8221; button_one_use_icon=&#8221;off&#8221; animation_style=&#8221;fade&#8221; animation_starting_opacity=&#8221;50%&#8221; animation_speed_curve=&#8221;ease-in&#8221; title_font_size_tablet=&#8221;60px&#8221; title_font_size_phone=&#8221;40px&#8221; title_font_size_last_edited=&#8221;on|tablet&#8221; button_one_border_color_hover=&#8221;#c99872&#8243; button_one_border_radius_hover=&#8221;0px&#8221; button_one_letter_spacing_hover=&#8221;3px&#8221; button_one_bg_color_hover=&#8221;#c99872&#8243; global_colors_info=&#8221;{}&#8221; button_one_text_size__hover_enabled=&#8221;off&#8221; button_two_text_size__hover_enabled=&#8221;off&#8221; button_one_text_color__hover_enabled=&#8221;off&#8221; button_two_text_color__hover_enabled=&#8221;off&#8221; button_one_border_width__hover_enabled=&#8221;off&#8221; button_two_border_width__hover_enabled=&#8221;off&#8221; button_one_border_color__hover_enabled=&#8221;on&#8221; button_one_border_color__hover=&#8221;#c99872&#8243; button_two_border_color__hover_enabled=&#8221;off&#8221; button_one_border_radius__hover_enabled=&#8221;on&#8221; button_one_border_radius__hover=&#8221;0px&#8221; button_two_border_radius__hover_enabled=&#8221;off&#8221; button_one_letter_spacing__hover_enabled=&#8221;on&#8221; button_one_letter_spacing__hover=&#8221;3px&#8221; button_two_letter_spacing__hover_enabled=&#8221;off&#8221; button_one_bg_color__hover_enabled=&#8221;on&#8221; button_one_bg_color__hover=&#8221;#c99872&#8243; button_two_bg_color__hover_enabled=&#8221;off&#8221;][\/et_pb_fullwidth_header][\/et_pb_section][et_pb_section fb_built=&#8221;1&#8243; _builder_version=&#8221;4.19.4&#8243; _module_preset=&#8221;default&#8221; background_color=&#8221;rgba(214,214,214,0.4)&#8221; custom_padding=&#8221;10px||8px|||&#8221; global_colors_info=&#8221;{}&#8221;][et_pb_row column_structure=&#8221;1_4,1_4,1_4,1_4&#8243; _builder_version=&#8221;4.19.4&#8243; _module_preset=&#8221;default&#8221; custom_padding=&#8221;14px||7px|||&#8221; global_colors_info=&#8221;{}&#8221;][et_pb_column type=&#8221;1_4&#8243; _builder_version=&#8221;4.19.4&#8243; _module_preset=&#8221;default&#8221; global_colors_info=&#8221;{}&#8221;][et_pb_icon font_icon=&#8221;&#xf472;||fa||900&#8243; icon_color=&#8221;#8F8F8F&#8221; icon_width=&#8221;50px&#8221; _builder_version=&#8221;4.19.4&#8243; _module_preset=&#8221;default&#8221; global_colors_info=&#8221;{}&#8221;][\/et_pb_icon][et_pb_text _builder_version=&#8221;4.27.5&#8243; _module_preset=&#8221;default&#8221; header_2_font_size=&#8221;20px&#8221; module_alignment=&#8221;left&#8221; global_colors_info=&#8221;{}&#8221;]<\/p>\n<h2 style=\"text-align: center;\"><span>\u00dccretsiz kargo<\/span><\/h2>\n<p style=\"text-align: center;\"><span>T\u00fcrkiye i\u00e7inde 500\u20ac \u00fczeri sipari\u015flerde \u00fccretsiz teslimat<\/span><\/p>\n<p>[\/et_pb_text][\/et_pb_column][et_pb_column type=&#8221;1_4&#8243; _builder_version=&#8221;4.19.4&#8243; _module_preset=&#8221;default&#8221; global_colors_info=&#8221;{}&#8221;][et_pb_icon font_icon=&#8221;&#xe090;||divi||400&#8243; icon_color=&#8221;#8F8F8F&#8221; icon_width=&#8221;50px&#8221; _builder_version=&#8221;4.19.4&#8243; _module_preset=&#8221;default&#8221; global_colors_info=&#8221;{}&#8221;][\/et_pb_icon][et_pb_text _builder_version=&#8221;4.27.5&#8243; _module_preset=&#8221;default&#8221; header_2_font_size=&#8221;20px&#8221; module_alignment=&#8221;left&#8221; global_colors_info=&#8221;{}&#8221;]<\/p>\n<h2 style=\"text-align: center;\">Sizin i\u00e7in buraday\u0131z<span><\/span><\/h2>\n<p style=\"text-align: center;\"><span>0090 212 234 82 02<\/span><\/p>\n<p>[\/et_pb_text][\/et_pb_column][et_pb_column type=&#8221;1_4&#8243; _builder_version=&#8221;4.19.4&#8243; _module_preset=&#8221;default&#8221; global_colors_info=&#8221;{}&#8221;][et_pb_icon font_icon=&#8221;&#xf2b6;||fa||400&#8243; icon_color=&#8221;#8F8F8F&#8221; icon_width=&#8221;50px&#8221; _builder_version=&#8221;4.19.4&#8243; _module_preset=&#8221;default&#8221; global_colors_info=&#8221;{}&#8221;][\/et_pb_icon][et_pb_text _builder_version=&#8221;4.27.5&#8243; _module_preset=&#8221;default&#8221; header_2_font_size=&#8221;20px&#8221; module_alignment=&#8221;left&#8221; global_colors_info=&#8221;{}&#8221;]<\/p>\n<h2 style=\"text-align: center;\"><span>\u0130leti\u015fime ge\u00e7in<\/span><\/h2>\n<p style=\"text-align: center;\"><span>bilgi@medietek.com<\/span><\/p>\n<p>[\/et_pb_text][\/et_pb_column][et_pb_column type=&#8221;1_4&#8243; _builder_version=&#8221;4.19.4&#8243; _module_preset=&#8221;default&#8221; global_colors_info=&#8221;{}&#8221;][et_pb_icon font_icon=&#8221;&#xf54e;||fa||900&#8243; icon_color=&#8221;#8F8F8F&#8221; icon_width=&#8221;50px&#8221; _builder_version=&#8221;4.19.4&#8243; _module_preset=&#8221;default&#8221; global_colors_info=&#8221;{}&#8221;][\/et_pb_icon][et_pb_text _builder_version=&#8221;4.27.5&#8243; _module_preset=&#8221;default&#8221; header_2_font_size=&#8221;20px&#8221; module_alignment=&#8221;left&#8221; global_colors_info=&#8221;{}&#8221;]<\/p>\n<h2 style=\"text-align: center;\">Ma\u011faza konumu<span><\/span><\/h2>\n<p style=\"text-align: center;\"><span>Bizi ziyaret edin<\/span><\/p>\n<p>[\/et_pb_text][\/et_pb_column][\/et_pb_row][\/et_pb_section][et_pb_section fb_built=&#8221;1&#8243; _builder_version=&#8221;4.19.4&#8243; _module_preset=&#8221;default&#8221; custom_padding=&#8221;4px||8px|||&#8221; global_colors_info=&#8221;{}&#8221;][et_pb_row _builder_version=&#8221;4.19.4&#8243; _module_preset=&#8221;default&#8221; background_color=&#8221;RGBA(255,255,255,0)&#8221; global_colors_info=&#8221;{}&#8221;][et_pb_column type=&#8221;4_4&#8243; _builder_version=&#8221;4.19.4&#8243; _module_preset=&#8221;default&#8221; global_colors_info=&#8221;{}&#8221;][et_pb_text _builder_version=&#8221;4.27.5&#8243; _module_preset=&#8221;default&#8221; header_font_size=&#8221;49px&#8221; global_colors_info=&#8221;{}&#8221;]<\/p>\n<h1 style=\"text-align: center;\">YEN\u0130 GELENLER<\/h1>\n<p>[\/et_pb_text][et_pb_shop type=&#8221;latest&#8221; posts_number=&#8221;6&#8243; columns_number=&#8221;6&#8243; show_rating=&#8221;off&#8221; _builder_version=&#8221;4.19.4&#8243; _module_preset=&#8221;default&#8221; global_colors_info=&#8221;{}&#8221;][\/et_pb_shop][\/et_pb_column][\/et_pb_row][\/et_pb_section][et_pb_section fb_built=&#8221;1&#8243; _builder_version=&#8221;4.19.4&#8243; _module_preset=&#8221;default&#8221; custom_padding=&#8221;18px||12px|||&#8221; global_colors_info=&#8221;{}&#8221;][et_pb_row _builder_version=&#8221;4.19.4&#8243; _module_preset=&#8221;default&#8221; global_colors_info=&#8221;{}&#8221;][et_pb_column type=&#8221;4_4&#8243; _builder_version=&#8221;4.19.4&#8243; _module_preset=&#8221;default&#8221; global_colors_info=&#8221;{}&#8221;][et_pb_text _builder_version=&#8221;4.27.5&#8243; _module_preset=&#8221;default&#8221; header_font=&#8221;|300|||||||&#8221; header_font_size=&#8221;49px&#8221; global_colors_info=&#8221;{}&#8221;]<\/p>\n<div id=\"shopify-section-1594196482399\" class=\"shopify-section rich-text--section pxu-lia-section--play\">\n<section class=\" rich-text--container rich-text-full-width \">\n<div class=\"rich-text-block rich-text-alignment-center pxu-lia-block pxu-lia-block--play\">\n<div class=\"rich-text-content rte\" data-rte=\"\">\n<h1 style=\"text-align: left;\"><span>\u00d6zel \u00e7\u00f6z\u00fcmler<\/span><\/h1>\n<\/div>\n<\/div>\n<\/section>\n<\/div>\n<p>[\/et_pb_text][\/et_pb_column][\/et_pb_row][et_pb_row column_structure=&#8221;1_4,1_4,1_4,1_4&#8243; _builder_version=&#8221;4.19.4&#8243; _module_preset=&#8221;default&#8221; global_colors_info=&#8221;{}&#8221;][et_pb_column type=&#8221;1_4&#8243; _builder_version=&#8221;4.19.4&#8243; _module_preset=&#8221;default&#8221; background_enable_color=&#8221;off&#8221; background_enable_image=&#8221;off&#8221; background_blend=&#8221;overlay&#8221; custom_padding=&#8221;10px|10px|10px|10px|false|false&#8221; global_colors_info=&#8221;{}&#8221;][et_pb_text _builder_version=&#8221;4.27.5&#8243; _module_preset=&#8221;default&#8221; header_text_align=&#8221;left&#8221; header_text_color=&#8221;#000000&#8243; background_enable_image=&#8221;off&#8221; global_colors_info=&#8221;{}&#8221;]<\/p>\n<h1 style=\"text-align: left;\">Ev-Ofis<\/h1>\n<p data-start=\"154\" data-end=\"515\">Ev ofisiniz i\u00e7in \u00f6zel \u00e7\u00f6z\u00fcmler sunuyoruz. Ev ofisinden ileti\u015fim talepleri artt\u0131k\u00e7a, genel g\u00f6r\u00fcn\u00fcm\u00fcn\u00fcz\u00fcn m\u00fc\u015fteriler ve i\u015f ortaklar\u0131 \u00fczerinde profesyonel bir izlenim b\u0131rakmas\u0131 \u00f6nemlidir. D\u00fc\u015f\u00fck ses veya g\u00f6r\u00fcnt\u00fc kalitesi, sekt\u00f6r\u00fcn\u00fcz ne olursa olsun, varl\u0131\u011f\u0131n\u0131z\u0131 \u00f6nemli \u00f6l\u00e7\u00fcde azaltabilir ve profesyonelli\u011finizi zedeleyebilir.  <\/p>\n<p data-start=\"517\" data-end=\"632\">Bu nedenle tavsiye i\u00e7in bize ba\u015fvurmal\u0131s\u0131n\u0131z. \u0130htiya\u00e7lar\u0131n\u0131za uygun birka\u00e7 <strong data-start=\"579\" data-end=\"608\">b\u00fct\u00e7e dostu \u00e7\u00f6z\u00fcm<\/strong> sunuyoruz. <\/p>\n<p>[\/et_pb_text][\/et_pb_column][et_pb_column type=&#8221;1_4&#8243; _builder_version=&#8221;4.19.4&#8243; _module_preset=&#8221;default&#8221; background_enable_color=&#8221;off&#8221; background_enable_image=&#8221;off&#8221; background_blend=&#8221;overlay&#8221; global_colors_info=&#8221;{}&#8221;][et_pb_text _builder_version=&#8221;4.27.5&#8243; _module_preset=&#8221;default&#8221; global_colors_info=&#8221;{}&#8221;]<\/p>\n<h1>St\u00fcdyo<\/h1>\n<p>\u00d6zel bir video st\u00fcdyosu\u2014ister ofisinizin bir k\u00f6\u015fesinde ister ayr\u0131 bir odada olsun\u2014profesyonel video konferanslar, \u00fcr\u00fcn sunumlar\u0131 ve \u00e7evrimi\u00e7i ileti\u015fim i\u00e7in ideal ortam\u0131 yarat\u0131r.<br data-start=\"700\" data-end=\"703\"><span>Standart bir web kameras\u0131n\u0131n ve dahili mikrofonun s\u0131n\u0131rlamalar\u0131n\u0131n \u00f6tesine ge\u00e7mek mi istiyorsunuz? St\u00fcdyo tarz\u0131 bir kurulum, g\u00f6r\u00fcn\u00fcm\u00fcn\u00fcz\u00fc y\u00fckseltebilir ve profesyonel bir imaj\u0131 peki\u015ftirebilir.<\/span><\/p>\n<p>[\/et_pb_text][\/et_pb_column][et_pb_column type=&#8221;1_4&#8243; _builder_version=&#8221;4.19.4&#8243; _module_preset=&#8221;default&#8221; global_colors_info=&#8221;{}&#8221;][et_pb_text _builder_version=&#8221;4.27.5&#8243; _module_preset=&#8221;default&#8221; global_colors_info=&#8221;{}&#8221;]<\/p>\n<h1>Canl\u0131 yay\u0131n ve yay\u0131nc\u0131l\u0131k<\/h1>\n<p><span>\u0130ster <\/span><span class=\"hover:entity-accent entity-underline inline cursor-pointer align-baseline\"><span class=\"whitespace-normal\">Facebook Live<\/span><\/span><span>, <\/span><span class=\"hover:entity-accent entity-underline inline cursor-pointer align-baseline\"><span class=\"whitespace-normal\">YouTube<\/span><\/span><span>, <\/span><span class=\"hover:entity-accent entity-underline inline cursor-pointer align-baseline\"><span class=\"whitespace-normal\">Twitter<\/span><\/span><span> veya ba\u015fka bir platformda canl\u0131 yay\u0131n yap\u0131yor olun, <\/span><span class=\"hover:entity-accent entity-underline inline cursor-pointer align-baseline\"><span class=\"whitespace-normal\">MedieTek<\/span><\/span><span> do\u011fru ekipman\u0131 se\u00e7menize yard\u0131mc\u0131 olabilir ve sizi piyasadaki en iyi yay\u0131n sa\u011flay\u0131c\u0131lar\u0131ndan baz\u0131lar\u0131yla bulu\u015fturabilir.<\/span><\/p>\n<p>[\/et_pb_text][\/et_pb_column][et_pb_column type=&#8221;1_4&#8243; _builder_version=&#8221;4.19.4&#8243; _module_preset=&#8221;default&#8221; global_colors_info=&#8221;{}&#8221;][et_pb_text _builder_version=&#8221;4.27.5&#8243; _module_preset=&#8221;default&#8221; global_colors_info=&#8221;{}&#8221;]<\/p>\n<h1>S\u0131n\u0131f ve E-\u00d6\u011frenme i\u00e7in AV \u00c7\u00f6z\u00fcmleri<\/h1>\n<p>Uzaktan e\u011fitim i\u00e7in profesyonel AV \u00e7\u00f6z\u00fcmleriyle ideal \u00f6\u011frenme ortam\u0131n\u0131 yarat\u0131n. <span class=\"hover:entity-accent entity-underline inline cursor-pointer align-baseline\"><span class=\"whitespace-normal\">MedieTek<\/span><\/span><span> her ad\u0131mda size destek olur.<\/span><\/p>\n<p>[\/et_pb_text][\/et_pb_column][\/et_pb_row][et_pb_row column_structure=&#8221;1_4,1_4,1_4,1_4&#8243; _builder_version=&#8221;4.19.4&#8243; _module_preset=&#8221;default&#8221; global_colors_info=&#8221;{}&#8221;][et_pb_column type=&#8221;1_4&#8243; _builder_version=&#8221;4.19.4&#8243; _module_preset=&#8221;default&#8221; global_colors_info=&#8221;{}&#8221;][et_pb_text _builder_version=&#8221;4.27.5&#8243; _module_preset=&#8221;default&#8221; global_colors_info=&#8221;{}&#8221;]<\/p>\n<h1><span>Konferans ve Toplant\u0131 Odalar\u0131<\/span><\/h1>\n<p data-start=\"0\" data-end=\"412\">Bu, kullan\u0131m \u015fekilleriyle verimlili\u011fi, yarat\u0131c\u0131l\u0131\u011f\u0131 ve pozitif enerjiyi te\u015fvik eden iyi tasarlanm\u0131\u015f toplant\u0131 ve konferans odalar\u0131 gerektirir.<br data-start=\"148\" data-end=\"151\">\u0130yi bir toplant\u0131 odas\u0131 ayd\u0131nl\u0131k, davetkar ve kullan\u0131m\u0131 kolay olmal\u0131d\u0131r. <span class=\"hover:entity-accent entity-underline inline cursor-pointer align-baseline\"><span class=\"whitespace-normal\">MedieTek<\/span><\/span> do\u011fru dengeyi sa\u011flar\u2014teknolojinin kullan\u0131m\u0131 kolay, sezgisel bir ara\u00e7 olarak hizmet etti\u011fi, \u00f6zenle ayarlanm\u0131\u015f ayd\u0131nlatma, ses ve video ile desteklenen bir ortam sunar.<\/p>\n<p data-start=\"414\" data-end=\"471\" data-is-last-node=\"\" data-is-only-node=\"\">Bir sonraki toplant\u0131 odan\u0131z\u0131 MedieTek&#8217;e tasarlat\u0131p in\u015fa ettirin.<\/p>\n<p>[\/et_pb_text][\/et_pb_column][et_pb_column type=&#8221;1_4&#8243; _builder_version=&#8221;4.19.4&#8243; _module_preset=&#8221;default&#8221; global_colors_info=&#8221;{}&#8221;][et_pb_text _builder_version=&#8221;4.27.5&#8243; _module_preset=&#8221;default&#8221; global_colors_info=&#8221;{}&#8221;]<\/p>\n<h1><span>B\u00fct\u00e7e Dostu K\u00fc\u00e7\u00fck Toplant\u0131 Odas\u0131 \u00c7\u00f6z\u00fcmleri<\/span><\/h1>\n<p>K\u00fc\u00e7\u00fck Toplant\u0131 Odas\u0131 (Huddle Room) tipik olarak 2-6 ki\u015fiyi a\u011f\u0131rlayabilen k\u00fc\u00e7\u00fck, \u00f6zel bir toplant\u0131 alan\u0131d\u0131r. <span>H\u0131zl\u0131 ve verimli toplant\u0131lar, beyin f\u0131rt\u0131nas\u0131 oturumlar\u0131 ve gizli g\u00f6r\u00fc\u015fmeler i\u00e7in tasarlanm\u0131\u015ft\u0131r. Oda genellikle uzaktaki meslekta\u015flar veya m\u00fc\u015fterilerle \u00f6zel video g\u00f6r\u00fc\u015fmeleri ve \u00e7evrimi\u00e7i toplant\u0131lar i\u00e7in teknoloji ile donat\u0131lm\u0131\u015ft\u0131r\u2014modern a\u00e7\u0131k ofis ortam\u0131n\u0131n uygun olmad\u0131\u011f\u0131 durumlar i\u00e7in idealdir.<\/span><\/p>\n<p>[\/et_pb_text][\/et_pb_column][et_pb_column type=&#8221;1_4&#8243; _builder_version=&#8221;4.19.4&#8243; _module_preset=&#8221;default&#8221; global_colors_info=&#8221;{}&#8221;][et_pb_text _builder_version=&#8221;4.27.5&#8243; _module_preset=&#8221;default&#8221; global_colors_info=&#8221;{}&#8221; custom_margin__hover_enabled=&#8221;off|desktop&#8221;]<\/p>\n<h1><span>Monit\u00f6r Kalibrasyonu ve 3D LUT Olu\u015fturma<\/span><\/h1>\n<p data-start=\"141\" data-end=\"449\">Monit\u00f6r\u00fcn\u00fcz\u00fc kalibre etmek, n\u00f6tr bir beyaz noktas\u0131 ve renk kaymas\u0131 olmadan do\u011fru \u00e7al\u0131\u015fmay\u0131 sa\u011flamak i\u00e7in esast\u0131r. Ortam ayd\u0131nlatma ko\u015fullar\u0131, duvar renkleri ve \u00e7evre ortamlar, g\u00f6r\u00fc\u015f\u00fcn\u00fcz\u00fcn renk dengesini veya do\u011fru beyaz ve siyah seviyelerini do\u011fru alg\u0131lama yetene\u011finizi etkilememelidir. <\/p>\n<p data-start=\"451\" data-end=\"580\">Ekran\u0131n\u0131z\u0131n uygun \u015fekilde kalibre edilmesinde size yard\u0131mc\u0131 olabilir ve \u00e7al\u0131\u015fma alan\u0131n\u0131z i\u00e7in gerekli optimum ko\u015fullar\u0131 yaratman\u0131za yard\u0131mc\u0131 olabiliriz.<\/p>\n<p>[\/et_pb_text][\/et_pb_column][et_pb_column type=&#8221;1_4&#8243; _builder_version=&#8221;4.19.4&#8243; _module_preset=&#8221;default&#8221; global_colors_info=&#8221;{}&#8221;][\/et_pb_column][\/et_pb_row][et_pb_row _builder_version=&#8221;4.19.4&#8243; _module_preset=&#8221;default&#8221; global_colors_info=&#8221;{}&#8221;][et_pb_column type=&#8221;4_4&#8243; _builder_version=&#8221;4.19.4&#8243; _module_preset=&#8221;default&#8221; global_colors_info=&#8221;{}&#8221;][et_pb_text _builder_version=&#8221;4.27.5&#8243; _module_preset=&#8221;default&#8221; header_font_size=&#8221;49px&#8221; global_colors_info=&#8221;{}&#8221;]<\/p>\n<div id=\"shopify-section-1594196482399\" class=\"shopify-section rich-text--section pxu-lia-section--play\">\n<section class=\" rich-text--container rich-text-full-width \">\n<div class=\"rich-text-block rich-text-alignment-center pxu-lia-block pxu-lia-block--play\">\n<div class=\"rich-text-content rte\" data-rte=\"\">\n<h1 class=\" rich-text-heading rich-text-heading-medium \" style=\"text-align: left;\"><strong data-start=\"122\" data-end=\"134\">Hakk\u0131m\u0131zda<\/strong><span><\/span><\/h1>\n<\/div>\n<\/div>\n<\/section>\n<\/div>\n<p>[\/et_pb_text][et_pb_text _builder_version=&#8221;4.27.5&#8243; _module_preset=&#8221;default&#8221; global_colors_info=&#8221;{}&#8221;]<\/p>\n<div id=\"shopify-section-1594196482399\" class=\"shopify-section rich-text--section pxu-lia-section--play\">\n<section class=\" rich-text--container rich-text-full-width \">\n<div class=\"rich-text-block rich-text-alignment-center pxu-lia-block pxu-lia-block--play\">\n<div class=\"rich-text-content rte\" data-rte=\"\">\n<p data-start=\"876\" data-end=\"1180\">MedieTek, 2011 y\u0131l\u0131ndan beri T\u00fcrk medya sekt\u00f6r\u00fcne profesyonel dan\u0131\u015fmanl\u0131k, premium \u00fcr\u00fcnler ve g\u00fcvenilir uzun vadeli destek sunmaktad\u0131r.<br data-start=\"1030\" data-end=\"1033\">Uzmanl\u0131\u011f\u0131m\u0131z, Danimarka&#8217;daki g\u00fc\u00e7l\u00fc k\u00f6klerimiz ve 2018&#8217;den beri Almanya&#8217;daki aktif varl\u0131\u011f\u0131m\u0131zla 30 y\u0131l\u0131 a\u015fk\u0131n sekt\u00f6r deneyimine dayanmaktad\u0131r.<\/p>\n<\/div>\n<\/div>\n<\/section>\n<\/div>\n<p>[\/et_pb_text][\/et_pb_column][\/et_pb_row][et_pb_row column_structure=&#8221;1_3,1_3,1_3&#8243; _builder_version=&#8221;4.27.5&#8243; _module_preset=&#8221;default&#8221; global_colors_info=&#8221;{}&#8221;][et_pb_column type=&#8221;1_3&#8243; _builder_version=&#8221;4.27.5&#8243; _module_preset=&#8221;default&#8221; global_colors_info=&#8221;{}&#8221;][et_pb_text _builder_version=&#8221;4.27.5&#8243; _module_preset=&#8221;default&#8221; hover_enabled=&#8221;0&#8243; global_colors_info=&#8221;{}&#8221; sticky_enabled=&#8221;0&#8243;]<\/p>\n<p><strong>\u015eirket Adresi<\/strong><span><\/span><\/p>\n<p>\u200b<span>Akkirman Sokak<br \/>No:33\/3 <\/span> <\/p>\n<p dir=\"auto\" class=\"body\"><span>\u015ei\u015fli\/\u0130stanbul\/T\u00fcrkiye<\/span><\/p>\n<p>[\/et_pb_text][\/et_pb_column][et_pb_column type=&#8221;1_3&#8243; _builder_version=&#8221;4.27.5&#8243; _module_preset=&#8221;default&#8221; global_colors_info=&#8221;{}&#8221;][et_pb_text _builder_version=&#8221;4.27.5&#8243; _module_preset=&#8221;default&#8221; hover_enabled=&#8221;0&#8243; global_colors_info=&#8221;{}&#8221; sticky_enabled=&#8221;0&#8243;]<\/p>\n<p style=\"text-align: left;\"><strong>Pazartesi\u2013Cuma<\/strong><br \/><span>09:00-18:00<\/span><\/p>\n<p>[\/et_pb_text][\/et_pb_column][et_pb_column type=&#8221;1_3&#8243; _builder_version=&#8221;4.27.5&#8243; _module_preset=&#8221;default&#8221; global_colors_info=&#8221;{}&#8221;][et_pb_text _builder_version=&#8221;4.27.5&#8243; _module_preset=&#8221;default&#8221; hover_enabled=&#8221;0&#8243; global_colors_info=&#8221;{}&#8221; sticky_enabled=&#8221;0&#8243;]<\/p>\n<p dir=\"auto\" class=\"body\" style=\"text-align: left;\"><strong>\u0130leti\u015fim<\/strong><\/p>\n<p dir=\"auto\" class=\"body\" style=\"text-align: left;\"><span>0090 212 234 82 02  <\/span><\/p>\n<p dir=\"auto\" class=\"body\" style=\"text-align: left;\"><span>bilgi@medietek.com  <\/span><\/p>\n<p>[\/et_pb_text][\/et_pb_column][\/et_pb_row][\/et_pb_section]<\/p>\n","protected":false},"excerpt":{"rendered":"<p>\u00dccretsiz kargo T\u00fcrkiye i\u00e7inde 500\u20ac \u00fczeri sipari\u015flerde \u00fccretsiz teslimatSizin i\u00e7in buraday\u0131z 0090 212 234 82 02\u0130leti\u015fime ge\u00e7in bilgi@medietek.comMa\u011faza konumu Bizi ziyaret edinYEN\u0130 GELENLER \u00d6zel \u00e7\u00f6z\u00fcmler Ev-Ofis Ev ofisiniz i\u00e7in \u00f6zel \u00e7\u00f6z\u00fcmler sunuyoruz. Ev ofisinden ileti\u015fim talepleri artt\u0131k\u00e7a, genel g\u00f6r\u00fcn\u00fcm\u00fcn\u00fcz\u00fcn m\u00fc\u015fteriler ve i\u015f ortaklar\u0131 \u00fczerinde profesyonel bir izlenim b\u0131rakmas\u0131 \u00f6nemlidir. D\u00fc\u015f\u00fck ses veya g\u00f6r\u00fcnt\u00fc kalitesi, sekt\u00f6r\u00fcn\u00fcz [&hellip;]<\/p>\n","protected":false},"author":1,"featured_media":0,"parent":0,"menu_order":0,"comment_status":"closed","ping_status":"closed","template":"page-template-blank.php","meta":{"_et_pb_use_builder":"on","_et_pb_old_content":"","_et_gb_content_width":"","footnotes":""},"class_list":["post-224","page","type-page","status-publish","hentry"],"jetpack_sharing_enabled":true,"_links":{"self":[{"href":"https:\/\/medietek.com\/tr\/wp-json\/wp\/v2\/pages\/224","targetHints":{"allow":["GET"]}}],"collection":[{"href":"https:\/\/medietek.com\/tr\/wp-json\/wp\/v2\/pages"}],"about":[{"href":"https:\/\/medietek.com\/tr\/wp-json\/wp\/v2\/types\/page"}],"author":[{"embeddable":true,"href":"https:\/\/medietek.com\/tr\/wp-json\/wp\/v2\/users\/1"}],"replies":[{"embeddable":true,"href":"https:\/\/medietek.com\/tr\/wp-json\/wp\/v2\/comments?post=224"}],"version-history":[{"count":2,"href":"https:\/\/medietek.com\/tr\/wp-json\/wp\/v2\/pages\/224\/revisions"}],"predecessor-version":[{"id":226,"href":"https:\/\/medietek.com\/tr\/wp-json\/wp\/v2\/pages\/224\/revisions\/226"}],"wp:attachment":[{"href":"https:\/\/medietek.com\/tr\/wp-json\/wp\/v2\/media?parent=224"}],"curies":[{"name":"wp","href":"https:\/\/api.w.org\/{rel}","templated":true}]}}