{"id":135,"date":"2025-12-19T11:53:12","date_gmt":"2025-12-19T11:53:12","guid":{"rendered":"https:\/\/medietek.com\/product\/deity-tc-1-timecode-cihazi\/"},"modified":"2025-12-19T11:53:25","modified_gmt":"2025-12-19T11:53:25","slug":"deity-tc-1-timecode-cihazi","status":"publish","type":"product","link":"https:\/\/medietek.com\/tr\/urun\/deity-tc-1-timecode-cihazi\/","title":{"rendered":"Deity TC-1 Timecode Cihaz\u0131"},"content":{"rendered":"<p>&nbsp;<\/p>\n<p>TC-1, ge\u00e7mi\u015fteki timecode kutular\u0131n\u0131n en iyi \u00f6zelliklerini al\u0131r ve bunlar\u0131 gelecek i\u00e7in tasarlanm\u0131\u015f tek bir timecode jenerat\u00f6r\u00fcnde bir araya getirir. Nas\u0131l \u00e7al\u0131\u015f\u0131rsan\u0131z \u00e7al\u0131\u015f\u0131n, i\u015f ak\u0131\u015f\u0131n\u0131za uyacak \u015fekilde tasarlanm\u0131\u015ft\u0131r. Telefonunuzdan kablosuz olarak kontrol edebilir veya \u00f6zel 8 kanall\u0131 2.4G radyo ekosistemimiz sayesinde di\u011fer kutularla kablosuz olarak senkronize edebilirsiniz. Ayr\u0131ca kablolu ba\u011flant\u0131 kullanabilir ya da dahili olarak timecode \u00fcreterek di\u011fer cihazlar\u0131 kilitlemek i\u00e7in de kullanabilirsiniz.<\/p>\n<p>&nbsp;<\/p>\n<p>Kilitlenebilir 3,5 mm Timecode portu<br \/>Bluetooth 5.0: Maksimum menzil 250 ft<br \/>2.4G senkronizasyon radyosu: Maksimum menzil 30 ft<br \/>Sidus Audio uygulamas\u0131yla uyumludur<br \/>T\u00fcm SMPTE timecode formatlar\u0131n\u0131 destekler<br \/>Timecode do\u011frulu\u011fu: 0,5 ppm<br \/>Her 72 saatte 1 kare sapma<br \/>1 in\u00e7 OLED ekran g\u00f6sterimi<br \/>Dahili kontrol ve men\u00fc<br \/>USB-C ile \u015farj; tam \u015farj s\u00fcresi 2 saat, 28 saate kadar pil \u00f6mr\u00fc<br \/>LED durum g\u00f6stergeleri g\u00fc\u00e7, TC senkronizasyonu ve kablosuz e\u015fle\u015fmeyi g\u00f6sterir<\/p>\n","protected":false},"excerpt":{"rendered":"<p>&nbsp; TC-1, ge\u00e7mi\u015fteki timecode kutular\u0131n\u0131n en iyi \u00f6zelliklerini al\u0131r ve bunlar\u0131 gelecek i\u00e7in tasarlanm\u0131\u015f tek bir timecode jenerat\u00f6r\u00fcnde bir araya getirir. Nas\u0131l \u00e7al\u0131\u015f\u0131rsan\u0131z \u00e7al\u0131\u015f\u0131n, i\u015f ak\u0131\u015f\u0131n\u0131za uyacak \u015fekilde tasarlanm\u0131\u015ft\u0131r. Telefonunuzdan kablosuz olarak kontrol edebilir veya \u00f6zel 8 kanall\u0131 2.4G radyo ekosistemimiz sayesinde di\u011fer kutularla kablosuz olarak senkronize edebilirsiniz. Ayr\u0131ca kablolu ba\u011flant\u0131 kullanabilir ya da dahili [&hellip;]<\/p>\n","protected":false},"featured_media":131,"comment_status":"open","ping_status":"closed","template":"","meta":{"_et_pb_use_builder":"","_et_pb_old_content":"","_et_gb_content_width":"","jetpack_publicize_message":"","jetpack_publicize_feature_enabled":true,"jetpack_social_post_already_shared":false,"jetpack_social_options":{"image_generator_settings":{"template":"highway","default_image_id":0,"font":"","enabled":false},"version":2}},"product_brand":[],"product_cat":[38,39],"product_tag":[],"class_list":{"0":"post-135","1":"product","2":"type-product","3":"status-publish","4":"has-post-thumbnail","6":"product_cat-deity","7":"product_cat-timecode-series","9":"first","10":"outofstock","11":"shipping-taxable","12":"purchasable","13":"product-type-simple"},"jetpack_publicize_connections":[],"jetpack_sharing_enabled":true,"_links":{"self":[{"href":"https:\/\/medietek.com\/tr\/wp-json\/wp\/v2\/product\/135","targetHints":{"allow":["GET"]}}],"collection":[{"href":"https:\/\/medietek.com\/tr\/wp-json\/wp\/v2\/product"}],"about":[{"href":"https:\/\/medietek.com\/tr\/wp-json\/wp\/v2\/types\/product"}],"replies":[{"embeddable":true,"href":"https:\/\/medietek.com\/tr\/wp-json\/wp\/v2\/comments?post=135"}],"wp:featuredmedia":[{"embeddable":true,"href":"https:\/\/medietek.com\/tr\/wp-json\/wp\/v2\/media\/131"}],"wp:attachment":[{"href":"https:\/\/medietek.com\/tr\/wp-json\/wp\/v2\/media?parent=135"}],"wp:term":[{"taxonomy":"product_brand","embeddable":true,"href":"https:\/\/medietek.com\/tr\/wp-json\/wp\/v2\/product_brand?post=135"},{"taxonomy":"product_cat","embeddable":true,"href":"https:\/\/medietek.com\/tr\/wp-json\/wp\/v2\/product_cat?post=135"},{"taxonomy":"product_tag","embeddable":true,"href":"https:\/\/medietek.com\/tr\/wp-json\/wp\/v2\/product_tag?post=135"}],"curies":[{"name":"wp","href":"https:\/\/api.w.org\/{rel}","templated":true}]}}