{"id":341,"date":"2026-01-06T11:42:24","date_gmt":"2026-01-06T11:42:24","guid":{"rendered":"https:\/\/medietek.com\/product\/easyrig-3-cinema-cinema-flex-200n-1200n-standart-kol\/"},"modified":"2026-01-09T11:30:26","modified_gmt":"2026-01-09T11:30:26","slug":"easyrig-3-cinema-cinema-flex-200n-1200n-standart-kol","status":"publish","type":"product","link":"https:\/\/medietek.com\/tr\/urun\/easyrig-3-cinema-cinema-flex-200n-1200n-standart-kol\/","title":{"rendered":"Easyrig 3 Cinema \/ Cinema Flex 200N \u2013 1200N Standart Kol"},"content":{"rendered":"<p><b>Easyrig Cinema 3<\/b>, a\u011f\u0131r film ve video kameralar\u0131n\u0131 uzun s\u00fcre elde ta\u015f\u0131may\u0131 kolayla\u015ft\u0131rmak i\u00e7in tasarlanm\u0131\u015f profesyonel bir kamera destek sistemidir. \u00d6zel olarak tasarlanm\u0131\u015f yelek ve bel kemeri, kamera a\u011f\u0131rl\u0131\u011f\u0131n\u0131 v\u00fccuda e\u015fit \u015fekilde da\u011f\u0131tarak s\u0131rt, omuz ve kollardaki y\u00fck\u00fc \u00f6nemli \u00f6l\u00e7\u00fcde azalt\u0131r. Entegre destek kolu, dikey hareketleri dengeler ve tam hareket \u00f6zg\u00fcrl\u00fc\u011f\u00fcn\u00fc korurken daha stabil \u00e7ekimler elde edilmesini sa\u011flar.<\/p>\n<p>Sistem, farkl\u0131 kamera a\u011f\u0131rl\u0131klar\u0131na uyum sa\u011flayabilen \u00e7e\u015fitli yay (tansiyon) se\u00e7enekleriyle sunulur ve y\u00fcksek uyarlanabilirlik sa\u011flar. Film setleri, belgeseller, reklam \u00e7ekimleri ve uzun s\u00fcreli elde \u00e7ekim gerektiren t\u00fcm prod\u00fcksiyonlar i\u00e7in idealdir.<\/p>\n","protected":false},"excerpt":{"rendered":"<p>Easyrig Cinema 3, a\u011f\u0131r film ve video kameralar\u0131n\u0131 uzun s\u00fcre elde ta\u015f\u0131may\u0131 kolayla\u015ft\u0131rmak i\u00e7in tasarlanm\u0131\u015f profesyonel bir kamera destek sistemidir. \u00d6zel olarak tasarlanm\u0131\u015f yelek ve bel kemeri, kamera a\u011f\u0131rl\u0131\u011f\u0131n\u0131 v\u00fccuda e\u015fit \u015fekilde da\u011f\u0131tarak s\u0131rt, omuz ve kollardaki y\u00fck\u00fc \u00f6nemli \u00f6l\u00e7\u00fcde azalt\u0131r. Entegre destek kolu, dikey hareketleri dengeler ve tam hareket \u00f6zg\u00fcrl\u00fc\u011f\u00fcn\u00fc korurken daha stabil \u00e7ekimler [&hellip;]<\/p>\n","protected":false},"featured_media":554,"comment_status":"open","ping_status":"closed","template":"","meta":{"_et_pb_use_builder":"","_et_pb_old_content":"","_et_gb_content_width":"","jetpack_publicize_message":"","jetpack_publicize_feature_enabled":true,"jetpack_social_post_already_shared":false,"jetpack_social_options":{"image_generator_settings":{"template":"highway","default_image_id":0,"font":"","enabled":false},"version":2}},"product_brand":[],"product_cat":[63,58],"product_tag":[],"class_list":{"0":"post-341","1":"product","2":"type-product","3":"status-publish","4":"has-post-thumbnail","6":"product_cat-cinema-3","7":"product_cat-easyrig","9":"first","10":"outofstock","11":"shipping-taxable","12":"product-type-simple"},"jetpack_publicize_connections":[],"jetpack_sharing_enabled":true,"_links":{"self":[{"href":"https:\/\/medietek.com\/tr\/wp-json\/wp\/v2\/product\/341","targetHints":{"allow":["GET"]}}],"collection":[{"href":"https:\/\/medietek.com\/tr\/wp-json\/wp\/v2\/product"}],"about":[{"href":"https:\/\/medietek.com\/tr\/wp-json\/wp\/v2\/types\/product"}],"replies":[{"embeddable":true,"href":"https:\/\/medietek.com\/tr\/wp-json\/wp\/v2\/comments?post=341"}],"wp:featuredmedia":[{"embeddable":true,"href":"https:\/\/medietek.com\/tr\/wp-json\/wp\/v2\/media\/554"}],"wp:attachment":[{"href":"https:\/\/medietek.com\/tr\/wp-json\/wp\/v2\/media?parent=341"}],"wp:term":[{"taxonomy":"product_brand","embeddable":true,"href":"https:\/\/medietek.com\/tr\/wp-json\/wp\/v2\/product_brand?post=341"},{"taxonomy":"product_cat","embeddable":true,"href":"https:\/\/medietek.com\/tr\/wp-json\/wp\/v2\/product_cat?post=341"},{"taxonomy":"product_tag","embeddable":true,"href":"https:\/\/medietek.com\/tr\/wp-json\/wp\/v2\/product_tag?post=341"}],"curies":[{"name":"wp","href":"https:\/\/api.w.org\/{rel}","templated":true}]}}