{"id":356,"date":"2026-01-06T11:43:30","date_gmt":"2026-01-06T11:43:30","guid":{"rendered":"https:\/\/medietek.com\/product\/easyrig-5-vario-cinema-cinema-flex-5-17-kg-11-38-lbs-standart-kol\/"},"modified":"2026-01-09T11:31:37","modified_gmt":"2026-01-09T11:31:37","slug":"easyrig-5-vario-cinema-cinema-flex-5-17-kg-11-38-lbs-standart-kol","status":"publish","type":"product","link":"https:\/\/medietek.com\/tr\/urun\/easyrig-5-vario-cinema-cinema-flex-5-17-kg-11-38-lbs-standart-kol\/","title":{"rendered":"Easyrig 5 Vario Cinema \/ Cinema Flex 5\u201317 kg \/ 11\u201338 lbs Standart Kol"},"content":{"rendered":"<p><b>Easyrig 5 Vario Cinema<\/b><span>, a\u011f\u0131r kameralar\u0131n omuz, boyun ve kol y\u00fck\u00fcn\u00fc kal\u00e7a ve s\u0131rta aktararak uzun s\u00fcre elde \u00e7ekim yapmay\u0131 ergonomik hale getiren bir kamera ta\u015f\u0131ma sistemidir. Bu sayede operat\u00f6r\u00fcn yorgunlu\u011fu azal\u0131r ve daha stabil \u00e7ekimler elde edilir. Ayarlanabilir gerilim sistemi, yakla\u015f\u0131k 5\u201317\u202fkg aras\u0131ndaki farkl\u0131 kamera a\u011f\u0131rl\u0131klar\u0131na uyum sa\u011flar ve \u00e7e\u015fitli uzatma kollar\u0131 geni\u015f hareket \u00f6zg\u00fcrl\u00fc\u011f\u00fc sunar.<\/span><\/p>\n","protected":false},"excerpt":{"rendered":"<p>Easyrig 5 Vario Cinema, a\u011f\u0131r kameralar\u0131n omuz, boyun ve kol y\u00fck\u00fcn\u00fc kal\u00e7a ve s\u0131rta aktararak uzun s\u00fcre elde \u00e7ekim yapmay\u0131 ergonomik hale getiren bir kamera ta\u015f\u0131ma sistemidir. Bu sayede operat\u00f6r\u00fcn yorgunlu\u011fu azal\u0131r ve daha stabil \u00e7ekimler elde edilir. Ayarlanabilir gerilim sistemi, yakla\u015f\u0131k 5\u201317\u202fkg aras\u0131ndaki farkl\u0131 kamera a\u011f\u0131rl\u0131klar\u0131na uyum sa\u011flar ve \u00e7e\u015fitli uzatma kollar\u0131 geni\u015f hareket [&hellip;]<\/p>\n","protected":false},"featured_media":570,"comment_status":"open","ping_status":"closed","template":"","meta":{"_et_pb_use_builder":"","_et_pb_old_content":"","_et_gb_content_width":"","jetpack_publicize_message":"","jetpack_publicize_feature_enabled":true,"jetpack_social_post_already_shared":false,"jetpack_social_options":{"image_generator_settings":{"template":"highway","default_image_id":0,"font":"","enabled":false},"version":2}},"product_brand":[],"product_cat":[58,60],"product_tag":[],"class_list":{"0":"post-356","1":"product","2":"type-product","3":"status-publish","4":"has-post-thumbnail","6":"product_cat-easyrig","7":"product_cat-vario-5","9":"first","10":"outofstock","11":"shipping-taxable","12":"product-type-simple"},"jetpack_publicize_connections":[],"jetpack_sharing_enabled":true,"_links":{"self":[{"href":"https:\/\/medietek.com\/tr\/wp-json\/wp\/v2\/product\/356","targetHints":{"allow":["GET"]}}],"collection":[{"href":"https:\/\/medietek.com\/tr\/wp-json\/wp\/v2\/product"}],"about":[{"href":"https:\/\/medietek.com\/tr\/wp-json\/wp\/v2\/types\/product"}],"replies":[{"embeddable":true,"href":"https:\/\/medietek.com\/tr\/wp-json\/wp\/v2\/comments?post=356"}],"wp:featuredmedia":[{"embeddable":true,"href":"https:\/\/medietek.com\/tr\/wp-json\/wp\/v2\/media\/570"}],"wp:attachment":[{"href":"https:\/\/medietek.com\/tr\/wp-json\/wp\/v2\/media?parent=356"}],"wp:term":[{"taxonomy":"product_brand","embeddable":true,"href":"https:\/\/medietek.com\/tr\/wp-json\/wp\/v2\/product_brand?post=356"},{"taxonomy":"product_cat","embeddable":true,"href":"https:\/\/medietek.com\/tr\/wp-json\/wp\/v2\/product_cat?post=356"},{"taxonomy":"product_tag","embeddable":true,"href":"https:\/\/medietek.com\/tr\/wp-json\/wp\/v2\/product_tag?post=356"}],"curies":[{"name":"wp","href":"https:\/\/api.w.org\/{rel}","templated":true}]}}