{"id":371,"date":"2026-01-06T11:44:38","date_gmt":"2026-01-06T11:44:38","guid":{"rendered":"https:\/\/medietek.com\/product\/easyrig-5-vario-gimbalrig-gimbal-flex-5-17-kg-11-38-lbs-standart-kol\/"},"modified":"2026-01-09T11:32:47","modified_gmt":"2026-01-09T11:32:47","slug":"easyrig-5-vario-gimbalrig-gimbal-flex-5-17-kg-11-38-lbs-standart-kol","status":"publish","type":"product","link":"https:\/\/medietek.com\/tr\/urun\/easyrig-5-vario-gimbalrig-gimbal-flex-5-17-kg-11-38-lbs-standart-kol\/","title":{"rendered":"Easyrig 5 Vario GimbalRig \/ Gimbal Flex 5\u201317 kg \/ 11\u201338 lbs Standart Kol"},"content":{"rendered":"<p><b>Easyrig 5 Vario GimbalRig<\/b><span>, kamera veya gimbal kurulumu gibi a\u011f\u0131r ekipmanlar\u0131n a\u011f\u0131rl\u0131\u011f\u0131n\u0131 omuz, boyun ve kollardan kal\u00e7a ve v\u00fccut merkezine aktararak uzun \u00e7ekimlerde daha konforlu \u00e7al\u0131\u015fman\u0131z\u0131 sa\u011flayan ergonomik bir kamera ta\u015f\u0131ma sistemidir. GimbalRig yele\u011fi kal\u00e7a b\u00f6lgesinde ekstra destek sunar ve \u00f6zellikle gimbal ile \u00e7al\u0131\u015fma s\u0131ras\u0131nda avantaj sa\u011flar. Sistem, yakla\u015f\u0131k&nbsp;<\/span><b>5\u201317\u202fkg<\/b><span>&nbsp;a\u011f\u0131rl\u0131\u011f\u0131ndaki kamera\/gimbal kurulumlar\u0131na uyacak \u015fekilde ayarlanabilir ve bir destek kolu, kilitlenebilir kamera kancas\u0131, kal\u00e7a kemeri ve ta\u015f\u0131ma \u00e7antas\u0131 ile birlikte gelir.<\/span><\/p>\n","protected":false},"excerpt":{"rendered":"<p>Easyrig 5 Vario GimbalRig, kamera veya gimbal kurulumu gibi a\u011f\u0131r ekipmanlar\u0131n a\u011f\u0131rl\u0131\u011f\u0131n\u0131 omuz, boyun ve kollardan kal\u00e7a ve v\u00fccut merkezine aktararak uzun \u00e7ekimlerde daha konforlu \u00e7al\u0131\u015fman\u0131z\u0131 sa\u011flayan ergonomik bir kamera ta\u015f\u0131ma sistemidir. GimbalRig yele\u011fi kal\u00e7a b\u00f6lgesinde ekstra destek sunar ve \u00f6zellikle gimbal ile \u00e7al\u0131\u015fma s\u0131ras\u0131nda avantaj sa\u011flar. Sistem, yakla\u015f\u0131k&nbsp;5\u201317\u202fkg&nbsp;a\u011f\u0131rl\u0131\u011f\u0131ndaki kamera\/gimbal kurulumlar\u0131na uyacak \u015fekilde ayarlanabilir ve [&hellip;]<\/p>\n","protected":false},"featured_media":585,"comment_status":"open","ping_status":"closed","template":"","meta":{"_et_pb_use_builder":"","_et_pb_old_content":"","_et_gb_content_width":"","jetpack_publicize_message":"","jetpack_publicize_feature_enabled":true,"jetpack_social_post_already_shared":false,"jetpack_social_options":{"image_generator_settings":{"template":"highway","default_image_id":0,"font":"","enabled":false},"version":2}},"product_brand":[],"product_cat":[58,60],"product_tag":[],"class_list":{"0":"post-371","1":"product","2":"type-product","3":"status-publish","4":"has-post-thumbnail","6":"product_cat-easyrig","7":"product_cat-vario-5","9":"first","10":"outofstock","11":"shipping-taxable","12":"product-type-simple"},"jetpack_publicize_connections":[],"jetpack_sharing_enabled":true,"_links":{"self":[{"href":"https:\/\/medietek.com\/tr\/wp-json\/wp\/v2\/product\/371","targetHints":{"allow":["GET"]}}],"collection":[{"href":"https:\/\/medietek.com\/tr\/wp-json\/wp\/v2\/product"}],"about":[{"href":"https:\/\/medietek.com\/tr\/wp-json\/wp\/v2\/types\/product"}],"replies":[{"embeddable":true,"href":"https:\/\/medietek.com\/tr\/wp-json\/wp\/v2\/comments?post=371"}],"wp:featuredmedia":[{"embeddable":true,"href":"https:\/\/medietek.com\/tr\/wp-json\/wp\/v2\/media\/585"}],"wp:attachment":[{"href":"https:\/\/medietek.com\/tr\/wp-json\/wp\/v2\/media?parent=371"}],"wp:term":[{"taxonomy":"product_brand","embeddable":true,"href":"https:\/\/medietek.com\/tr\/wp-json\/wp\/v2\/product_brand?post=371"},{"taxonomy":"product_cat","embeddable":true,"href":"https:\/\/medietek.com\/tr\/wp-json\/wp\/v2\/product_cat?post=371"},{"taxonomy":"product_tag","embeddable":true,"href":"https:\/\/medietek.com\/tr\/wp-json\/wp\/v2\/product_tag?post=371"}],"curies":[{"name":"wp","href":"https:\/\/api.w.org\/{rel}","templated":true}]}}