{"id":397,"date":"2026-01-06T11:46:27","date_gmt":"2026-01-06T11:46:27","guid":{"rendered":"https:\/\/medietek.com\/product\/easyrig-5-vario-strong-cinema-cinema-flex-ust-kol-130-mm-5\/"},"modified":"2026-01-09T11:34:42","modified_gmt":"2026-01-09T11:34:42","slug":"easyrig-5-vario-strong-cinema-cinema-flex-ust-kol-130-mm-5","status":"publish","type":"product","link":"https:\/\/medietek.com\/tr\/urun\/easyrig-5-vario-strong-cinema-cinema-flex-ust-kol-130-mm-5\/","title":{"rendered":"Easyrig 5 Vario Strong, Cinema \/ Cinema Flex \u00dcst Kol +130 mm (5&#8243;)"},"content":{"rendered":"<p><b>Easyrig 5 Vario Strong, Cinema \/ Cinema Flex yelek ve +130 mm (5&#8243;) \u00fcst kol<\/b><span>&nbsp;ile a\u011f\u0131r kamera sistemlerinde daha fazla eri\u015fim ve daha iyi denge sa\u011flar. Uzat\u0131lm\u0131\u015f \u00fcst kol, \u00f6nde daha rahat hareket ve ergonomik \u00e7al\u0131\u015fma sunar. B\u00fcy\u00fck sinema kameralar\u0131 ve gimbal sistemleriyle \u00e7al\u0131\u015fan profesyonel operat\u00f6rler i\u00e7in idealdir.<\/span><\/p>\n","protected":false},"excerpt":{"rendered":"<p>Easyrig 5 Vario Strong, Cinema \/ Cinema Flex yelek ve +130 mm (5&#8243;) \u00fcst kol&nbsp;ile a\u011f\u0131r kamera sistemlerinde daha fazla eri\u015fim ve daha iyi denge sa\u011flar. Uzat\u0131lm\u0131\u015f \u00fcst kol, \u00f6nde daha rahat hareket ve ergonomik \u00e7al\u0131\u015fma sunar. B\u00fcy\u00fck sinema kameralar\u0131 ve gimbal sistemleriyle \u00e7al\u0131\u015fan profesyonel operat\u00f6rler i\u00e7in idealdir.<\/p>\n","protected":false},"featured_media":606,"comment_status":"open","ping_status":"closed","template":"","meta":{"_et_pb_use_builder":"","_et_pb_old_content":"","_et_gb_content_width":"","jetpack_publicize_message":"","jetpack_publicize_feature_enabled":true,"jetpack_social_post_already_shared":false,"jetpack_social_options":{"image_generator_settings":{"template":"highway","default_image_id":0,"font":"","enabled":false},"version":2}},"product_brand":[],"product_cat":[58,60],"product_tag":[],"class_list":{"0":"post-397","1":"product","2":"type-product","3":"status-publish","4":"has-post-thumbnail","6":"product_cat-easyrig","7":"product_cat-vario-5","9":"first","10":"outofstock","11":"shipping-taxable","12":"product-type-simple"},"jetpack_publicize_connections":[],"jetpack_sharing_enabled":true,"_links":{"self":[{"href":"https:\/\/medietek.com\/tr\/wp-json\/wp\/v2\/product\/397","targetHints":{"allow":["GET"]}}],"collection":[{"href":"https:\/\/medietek.com\/tr\/wp-json\/wp\/v2\/product"}],"about":[{"href":"https:\/\/medietek.com\/tr\/wp-json\/wp\/v2\/types\/product"}],"replies":[{"embeddable":true,"href":"https:\/\/medietek.com\/tr\/wp-json\/wp\/v2\/comments?post=397"}],"wp:featuredmedia":[{"embeddable":true,"href":"https:\/\/medietek.com\/tr\/wp-json\/wp\/v2\/media\/606"}],"wp:attachment":[{"href":"https:\/\/medietek.com\/tr\/wp-json\/wp\/v2\/media?parent=397"}],"wp:term":[{"taxonomy":"product_brand","embeddable":true,"href":"https:\/\/medietek.com\/tr\/wp-json\/wp\/v2\/product_brand?post=397"},{"taxonomy":"product_cat","embeddable":true,"href":"https:\/\/medietek.com\/tr\/wp-json\/wp\/v2\/product_cat?post=397"},{"taxonomy":"product_tag","embeddable":true,"href":"https:\/\/medietek.com\/tr\/wp-json\/wp\/v2\/product_tag?post=397"}],"curies":[{"name":"wp","href":"https:\/\/api.w.org\/{rel}","templated":true}]}}