{"id":402,"date":"2026-01-06T11:46:50","date_gmt":"2026-01-06T11:46:50","guid":{"rendered":"https:\/\/medietek.com\/product\/easyrig-5-vario-strong-gimbalrig-gimbal-flex-10-25-kg-22-55-lbs-standart-kol\/"},"modified":"2026-01-09T11:35:03","modified_gmt":"2026-01-09T11:35:03","slug":"easyrig-5-vario-strong-gimbalrig-gimbal-flex-10-25-kg-22-55-lbs-standart-kol","status":"publish","type":"product","link":"https:\/\/medietek.com\/tr\/urun\/easyrig-5-vario-strong-gimbalrig-gimbal-flex-10-25-kg-22-55-lbs-standart-kol\/","title":{"rendered":"Easyrig 5 Vario Strong, GimbalRig \/ Gimbal Flex 10\u201325 kg \/ 22\u201355 lbs Standart Kol"},"content":{"rendered":"<p><b>Easyrig 5 Vario Strong GimbalRig \/ Gimbal Flex (10\u201325 kg) Standart Kol<\/b><span>&nbsp;a\u011f\u0131r gimbal ve kamera sistemleriyle \u00e7al\u0131\u015fan operat\u00f6rler i\u00e7in idealdir. S\u0131rt ve omuz y\u00fck\u00fcn\u00fc azalt\u0131r, stabilite sa\u011flar ve uzun, ak\u0131c\u0131 hareketli \u00e7ekimlere imk\u00e2n tan\u0131r. Standart kol, denge, kontrol ve hareket \u00f6zg\u00fcrl\u00fc\u011f\u00fc aras\u0131nda m\u00fckemmel bir uyum sunar.<\/span><\/p>\n","protected":false},"excerpt":{"rendered":"<p>Easyrig 5 Vario Strong GimbalRig \/ Gimbal Flex (10\u201325 kg) Standart Kol&nbsp;a\u011f\u0131r gimbal ve kamera sistemleriyle \u00e7al\u0131\u015fan operat\u00f6rler i\u00e7in idealdir. S\u0131rt ve omuz y\u00fck\u00fcn\u00fc azalt\u0131r, stabilite sa\u011flar ve uzun, ak\u0131c\u0131 hareketli \u00e7ekimlere imk\u00e2n tan\u0131r. Standart kol, denge, kontrol ve hareket \u00f6zg\u00fcrl\u00fc\u011f\u00fc aras\u0131nda m\u00fckemmel bir uyum sunar.<\/p>\n","protected":false},"featured_media":612,"comment_status":"open","ping_status":"closed","template":"","meta":{"_et_pb_use_builder":"","_et_pb_old_content":"","_et_gb_content_width":"","jetpack_publicize_message":"","jetpack_publicize_feature_enabled":true,"jetpack_social_post_already_shared":false,"jetpack_social_options":{"image_generator_settings":{"template":"highway","default_image_id":0,"font":"","enabled":false},"version":2}},"product_brand":[],"product_cat":[58,60],"product_tag":[],"class_list":{"0":"post-402","1":"product","2":"type-product","3":"status-publish","4":"has-post-thumbnail","6":"product_cat-easyrig","7":"product_cat-vario-5","9":"first","10":"outofstock","11":"shipping-taxable","12":"product-type-simple"},"jetpack_publicize_connections":[],"jetpack_sharing_enabled":true,"_links":{"self":[{"href":"https:\/\/medietek.com\/tr\/wp-json\/wp\/v2\/product\/402","targetHints":{"allow":["GET"]}}],"collection":[{"href":"https:\/\/medietek.com\/tr\/wp-json\/wp\/v2\/product"}],"about":[{"href":"https:\/\/medietek.com\/tr\/wp-json\/wp\/v2\/types\/product"}],"replies":[{"embeddable":true,"href":"https:\/\/medietek.com\/tr\/wp-json\/wp\/v2\/comments?post=402"}],"wp:featuredmedia":[{"embeddable":true,"href":"https:\/\/medietek.com\/tr\/wp-json\/wp\/v2\/media\/612"}],"wp:attachment":[{"href":"https:\/\/medietek.com\/tr\/wp-json\/wp\/v2\/media?parent=402"}],"wp:term":[{"taxonomy":"product_brand","embeddable":true,"href":"https:\/\/medietek.com\/tr\/wp-json\/wp\/v2\/product_brand?post=402"},{"taxonomy":"product_cat","embeddable":true,"href":"https:\/\/medietek.com\/tr\/wp-json\/wp\/v2\/product_cat?post=402"},{"taxonomy":"product_tag","embeddable":true,"href":"https:\/\/medietek.com\/tr\/wp-json\/wp\/v2\/product_tag?post=402"}],"curies":[{"name":"wp","href":"https:\/\/api.w.org\/{rel}","templated":true}]}}