{"id":407,"date":"2026-01-06T11:47:11","date_gmt":"2026-01-06T11:47:11","guid":{"rendered":"https:\/\/medietek.com\/product\/easyrig-5-vario-strong-gimbalrig-gimbal-flex-ust-kol-130-mm-5\/"},"modified":"2026-01-09T11:35:23","modified_gmt":"2026-01-09T11:35:23","slug":"easyrig-5-vario-strong-gimbalrig-gimbal-flex-ust-kol-130-mm-5","status":"publish","type":"product","link":"https:\/\/medietek.com\/tr\/urun\/easyrig-5-vario-strong-gimbalrig-gimbal-flex-ust-kol-130-mm-5\/","title":{"rendered":"Easyrig 5 Vario Strong, GimbalRig \/ Gimbal Flex \u00dcst Kol +130 mm (5&#8243;)"},"content":{"rendered":"<p><b>Easyrig 5 Vario Strong GimbalRig \/ Gimbal Flex +130 mm (5&#8243;) \u00fcst kol<\/b><span>, daha fazla eri\u015fim ve hareket \u00f6zg\u00fcrl\u00fc\u011f\u00fc isteyen gimbal ve kamera operat\u00f6rleri i\u00e7in tasarlanm\u0131\u015ft\u0131r. Uzat\u0131lm\u0131\u015f \u00fcst kol, g\u00f6vdeden ekstra mesafe sa\u011flayarak a\u011f\u0131r gimbal sistemlerinin dengesini art\u0131r\u0131r ve dinamik \u00e7ekimlerde daha ak\u0131c\u0131 hareketler sunar.&nbsp;<\/span><b>10\u201325 kg<\/b><span>&nbsp;ta\u015f\u0131ma kapasitesi sayesinde operat\u00f6r\u00fcn s\u0131rt ve omuz y\u00fck\u00fcn\u00fc azalt\u0131r ve uzun \u00e7ekimlerde ergonomik \u00e7al\u0131\u015fma imk\u00e2n\u0131 sa\u011flar.<\/span><\/p>\n","protected":false},"excerpt":{"rendered":"<p>Easyrig 5 Vario Strong GimbalRig \/ Gimbal Flex +130 mm (5&#8243;) \u00fcst kol, daha fazla eri\u015fim ve hareket \u00f6zg\u00fcrl\u00fc\u011f\u00fc isteyen gimbal ve kamera operat\u00f6rleri i\u00e7in tasarlanm\u0131\u015ft\u0131r. Uzat\u0131lm\u0131\u015f \u00fcst kol, g\u00f6vdeden ekstra mesafe sa\u011flayarak a\u011f\u0131r gimbal sistemlerinin dengesini art\u0131r\u0131r ve dinamik \u00e7ekimlerde daha ak\u0131c\u0131 hareketler sunar.&nbsp;10\u201325 kg&nbsp;ta\u015f\u0131ma kapasitesi sayesinde operat\u00f6r\u00fcn s\u0131rt ve omuz y\u00fck\u00fcn\u00fc azalt\u0131r ve [&hellip;]<\/p>\n","protected":false},"featured_media":615,"comment_status":"open","ping_status":"closed","template":"","meta":{"_et_pb_use_builder":"","_et_pb_old_content":"","_et_gb_content_width":"","jetpack_publicize_message":"","jetpack_publicize_feature_enabled":true,"jetpack_social_post_already_shared":false,"jetpack_social_options":{"image_generator_settings":{"template":"highway","default_image_id":0,"font":"","enabled":false},"version":2}},"product_brand":[],"product_cat":[58,60],"product_tag":[],"class_list":{"0":"post-407","1":"product","2":"type-product","3":"status-publish","4":"has-post-thumbnail","6":"product_cat-easyrig","7":"product_cat-vario-5","9":"first","10":"outofstock","11":"shipping-taxable","12":"product-type-simple"},"jetpack_publicize_connections":[],"jetpack_sharing_enabled":true,"_links":{"self":[{"href":"https:\/\/medietek.com\/tr\/wp-json\/wp\/v2\/product\/407","targetHints":{"allow":["GET"]}}],"collection":[{"href":"https:\/\/medietek.com\/tr\/wp-json\/wp\/v2\/product"}],"about":[{"href":"https:\/\/medietek.com\/tr\/wp-json\/wp\/v2\/types\/product"}],"replies":[{"embeddable":true,"href":"https:\/\/medietek.com\/tr\/wp-json\/wp\/v2\/comments?post=407"}],"wp:featuredmedia":[{"embeddable":true,"href":"https:\/\/medietek.com\/tr\/wp-json\/wp\/v2\/media\/615"}],"wp:attachment":[{"href":"https:\/\/medietek.com\/tr\/wp-json\/wp\/v2\/media?parent=407"}],"wp:term":[{"taxonomy":"product_brand","embeddable":true,"href":"https:\/\/medietek.com\/tr\/wp-json\/wp\/v2\/product_brand?post=407"},{"taxonomy":"product_cat","embeddable":true,"href":"https:\/\/medietek.com\/tr\/wp-json\/wp\/v2\/product_cat?post=407"},{"taxonomy":"product_tag","embeddable":true,"href":"https:\/\/medietek.com\/tr\/wp-json\/wp\/v2\/product_tag?post=407"}],"curies":[{"name":"wp","href":"https:\/\/api.w.org\/{rel}","templated":true}]}}