{"id":409,"date":"2026-01-06T11:47:28","date_gmt":"2026-01-06T11:47:28","guid":{"rendered":"https:\/\/medietek.com\/product\/easyrig-5-vario-strong-gimbalrig-gimbal-flex-easyrig-stabil-g3\/"},"modified":"2026-01-09T11:35:43","modified_gmt":"2026-01-09T11:35:43","slug":"easyrig-5-vario-strong-gimbalrig-gimbal-flex-easyrig-stabil-g3","status":"publish","type":"product","link":"https:\/\/medietek.com\/tr\/urun\/easyrig-5-vario-strong-gimbalrig-gimbal-flex-easyrig-stabil-g3\/","title":{"rendered":"Easyrig 5 Vario Strong, GimbalRig \/ Gimbal Flex Easyrig STABIL G3"},"content":{"rendered":"<p><b>Easyrig 5 Vario Strong GimbalRig \/ Gimbal Flex STABIL G3<\/b><span>, a\u011f\u0131r gimbal ve kamera sistemleriyle \u00e7al\u0131\u015fan operat\u00f6rler i\u00e7in maksimum stabilite ve konfor sunar. STABIL G3 \u00fcst kol mod\u00fcl\u00fc, dikey hareketleri belirgin \u015fekilde azaltarak daha ak\u0131c\u0131 ve kontrol\u00fc y\u00fcksek kamera hareketleri sa\u011flar.&nbsp;<\/span><b>10\u201325 kg<\/b><span>&nbsp;ayarlanabilir y\u00fck aral\u0131\u011f\u0131 sayesinde s\u0131rt ve omuz y\u00fck\u00fcn\u00fc azalt\u0131r ve uzun \u00e7ekimlerde ergonomik \u00e7al\u0131\u015fma imk\u00e2n\u0131 tan\u0131r. Film, reklam ve belgesel projelerinde p\u00fcr\u00fczs\u00fcz elde \u00e7ekimler i\u00e7in m\u00fckemmel bir \u00e7\u00f6z\u00fcmd\u00fcr.<\/span><\/p>\n","protected":false},"excerpt":{"rendered":"<p>Easyrig 5 Vario Strong GimbalRig \/ Gimbal Flex STABIL G3, a\u011f\u0131r gimbal ve kamera sistemleriyle \u00e7al\u0131\u015fan operat\u00f6rler i\u00e7in maksimum stabilite ve konfor sunar. STABIL G3 \u00fcst kol mod\u00fcl\u00fc, dikey hareketleri belirgin \u015fekilde azaltarak daha ak\u0131c\u0131 ve kontrol\u00fc y\u00fcksek kamera hareketleri sa\u011flar.&nbsp;10\u201325 kg&nbsp;ayarlanabilir y\u00fck aral\u0131\u011f\u0131 sayesinde s\u0131rt ve omuz y\u00fck\u00fcn\u00fc azalt\u0131r ve uzun \u00e7ekimlerde ergonomik \u00e7al\u0131\u015fma [&hellip;]<\/p>\n","protected":false},"featured_media":0,"comment_status":"open","ping_status":"closed","template":"","meta":{"_et_pb_use_builder":"","_et_pb_old_content":"","_et_gb_content_width":"","jetpack_publicize_message":"","jetpack_publicize_feature_enabled":true,"jetpack_social_post_already_shared":false,"jetpack_social_options":{"image_generator_settings":{"template":"highway","default_image_id":0,"font":"","enabled":false},"version":2}},"product_brand":[],"product_cat":[58,60],"product_tag":[],"class_list":{"0":"post-409","1":"product","2":"type-product","3":"status-publish","5":"product_cat-easyrig","6":"product_cat-vario-5","8":"first","9":"outofstock","10":"shipping-taxable","11":"product-type-simple"},"jetpack_publicize_connections":[],"jetpack_sharing_enabled":true,"_links":{"self":[{"href":"https:\/\/medietek.com\/tr\/wp-json\/wp\/v2\/product\/409","targetHints":{"allow":["GET"]}}],"collection":[{"href":"https:\/\/medietek.com\/tr\/wp-json\/wp\/v2\/product"}],"about":[{"href":"https:\/\/medietek.com\/tr\/wp-json\/wp\/v2\/types\/product"}],"replies":[{"embeddable":true,"href":"https:\/\/medietek.com\/tr\/wp-json\/wp\/v2\/comments?post=409"}],"wp:attachment":[{"href":"https:\/\/medietek.com\/tr\/wp-json\/wp\/v2\/media?parent=409"}],"wp:term":[{"taxonomy":"product_brand","embeddable":true,"href":"https:\/\/medietek.com\/tr\/wp-json\/wp\/v2\/product_brand?post=409"},{"taxonomy":"product_cat","embeddable":true,"href":"https:\/\/medietek.com\/tr\/wp-json\/wp\/v2\/product_cat?post=409"},{"taxonomy":"product_tag","embeddable":true,"href":"https:\/\/medietek.com\/tr\/wp-json\/wp\/v2\/product_tag?post=409"}],"curies":[{"name":"wp","href":"https:\/\/api.w.org\/{rel}","templated":true}]}}