{"id":414,"date":"2026-01-06T11:47:48","date_gmt":"2026-01-06T11:47:48","guid":{"rendered":"https:\/\/medietek.com\/product\/easyrig-6-vario-cinema-cinema-flex-4-14-kg-8-8-30-8-lbs-standart-kol\/"},"modified":"2026-01-09T11:36:03","modified_gmt":"2026-01-09T11:36:03","slug":"easyrig-6-vario-cinema-cinema-flex-4-14-kg-8-8-30-8-lbs-standart-kol","status":"publish","type":"product","link":"https:\/\/medietek.com\/tr\/urun\/easyrig-6-vario-cinema-cinema-flex-4-14-kg-8-8-30-8-lbs-standart-kol\/","title":{"rendered":"Easyrig 6 Vario Cinema \/ Cinema Flex 4\u201314 kg \/ 8.8\u201330.8 lbs Standart Kol"},"content":{"rendered":"<p><b>Easyrig 6 Vario Cinema \/ Cinema Flex (4\u201314 kg) Standart Kol<\/b>, hafif ve orta a\u011f\u0131rl\u0131ktaki kamera kurulumlar\u0131yla \u00e7al\u0131\u015fan operat\u00f6rler i\u00e7in tasarlanm\u0131\u015ft\u0131r. Ayarlanabilir Vario gerilim sistemi, y\u00fck aral\u0131\u011f\u0131n\u0131 kameran\u0131n a\u011f\u0131rl\u0131\u011f\u0131na g\u00f6re hassas bi\u00e7imde ayarlamaya imk\u00e2n tan\u0131r.<\/p>\n<p>Cinema ve Cinema Flex yelekleri, a\u011f\u0131rl\u0131\u011f\u0131 s\u0131rt ve omuzlara e\u015fit \u015fekilde da\u011f\u0131tarak uzun \u00e7ekimlerde yorgunlu\u011fu azalt\u0131r. Standart kol, ideal bir eri\u015fim ve denge sunarak belgesel, sinema ve reklam \u00e7ekimleri i\u00e7in m\u00fckemmel bir \u00e7\u00f6z\u00fcm sa\u011flar.<\/p>\n","protected":false},"excerpt":{"rendered":"<p>Easyrig 6 Vario Cinema \/ Cinema Flex (4\u201314 kg) Standart Kol, hafif ve orta a\u011f\u0131rl\u0131ktaki kamera kurulumlar\u0131yla \u00e7al\u0131\u015fan operat\u00f6rler i\u00e7in tasarlanm\u0131\u015ft\u0131r. Ayarlanabilir Vario gerilim sistemi, y\u00fck aral\u0131\u011f\u0131n\u0131 kameran\u0131n a\u011f\u0131rl\u0131\u011f\u0131na g\u00f6re hassas bi\u00e7imde ayarlamaya imk\u00e2n tan\u0131r. Cinema ve Cinema Flex yelekleri, a\u011f\u0131rl\u0131\u011f\u0131 s\u0131rt ve omuzlara e\u015fit \u015fekilde da\u011f\u0131tarak uzun \u00e7ekimlerde yorgunlu\u011fu azalt\u0131r. Standart kol, ideal bir [&hellip;]<\/p>\n","protected":false},"featured_media":621,"comment_status":"open","ping_status":"closed","template":"","meta":{"_et_pb_use_builder":"","_et_pb_old_content":"","_et_gb_content_width":"","jetpack_publicize_message":"","jetpack_publicize_feature_enabled":true,"jetpack_social_post_already_shared":false,"jetpack_social_options":{"image_generator_settings":{"template":"highway","default_image_id":0,"font":"","enabled":false},"version":2}},"product_brand":[],"product_cat":[58,62],"product_tag":[],"class_list":{"0":"post-414","1":"product","2":"type-product","3":"status-publish","4":"has-post-thumbnail","6":"product_cat-easyrig","7":"product_cat-vario-6","9":"first","10":"outofstock","11":"shipping-taxable","12":"product-type-simple"},"jetpack_publicize_connections":[],"jetpack_sharing_enabled":true,"_links":{"self":[{"href":"https:\/\/medietek.com\/tr\/wp-json\/wp\/v2\/product\/414","targetHints":{"allow":["GET"]}}],"collection":[{"href":"https:\/\/medietek.com\/tr\/wp-json\/wp\/v2\/product"}],"about":[{"href":"https:\/\/medietek.com\/tr\/wp-json\/wp\/v2\/types\/product"}],"replies":[{"embeddable":true,"href":"https:\/\/medietek.com\/tr\/wp-json\/wp\/v2\/comments?post=414"}],"wp:featuredmedia":[{"embeddable":true,"href":"https:\/\/medietek.com\/tr\/wp-json\/wp\/v2\/media\/621"}],"wp:attachment":[{"href":"https:\/\/medietek.com\/tr\/wp-json\/wp\/v2\/media?parent=414"}],"wp:term":[{"taxonomy":"product_brand","embeddable":true,"href":"https:\/\/medietek.com\/tr\/wp-json\/wp\/v2\/product_brand?post=414"},{"taxonomy":"product_cat","embeddable":true,"href":"https:\/\/medietek.com\/tr\/wp-json\/wp\/v2\/product_cat?post=414"},{"taxonomy":"product_tag","embeddable":true,"href":"https:\/\/medietek.com\/tr\/wp-json\/wp\/v2\/product_tag?post=414"}],"curies":[{"name":"wp","href":"https:\/\/api.w.org\/{rel}","templated":true}]}}