{"id":424,"date":"2026-01-06T11:48:28","date_gmt":"2026-01-06T11:48:28","guid":{"rendered":"https:\/\/medietek.com\/product\/easyrig-6-vario-cinema-cinema-flex-ust-kol-230-mm-9\/"},"modified":"2026-01-09T11:36:49","modified_gmt":"2026-01-09T11:36:49","slug":"easyrig-6-vario-cinema-cinema-flex-ust-kol-230-mm-9","status":"publish","type":"product","link":"https:\/\/medietek.com\/tr\/urun\/easyrig-6-vario-cinema-cinema-flex-ust-kol-230-mm-9\/","title":{"rendered":"Easyrig 6 Vario Cinema \/ Cinema Flex \u00dcst Kol +230 mm (9&#8243;)"},"content":{"rendered":"<p><b>Easyrig 6 Vario Cinema \/ Cinema Flex +130 mm (5&#8243;) \u00fcst kol<\/b>, hafif ve orta a\u011f\u0131rl\u0131ktaki kamera sistemleriyle \u00e7al\u0131\u015fan operat\u00f6rlere daha fazla eri\u015fim ve hareket \u00f6zg\u00fcrl\u00fc\u011f\u00fc sa\u011flar. Uzat\u0131lm\u0131\u015f \u00fcst kol, kamera ile v\u00fccut aras\u0131nda ekstra mesafe olu\u015fturarak dengeyi kolayla\u015ft\u0131r\u0131r ve daha ak\u0131c\u0131 kamera hareketleri sunar.<\/p>\n<p>Ayarlanabilir Vario gerilim sistemi&nbsp;<b>4\u201314 kg<\/b>&nbsp;y\u00fck aral\u0131\u011f\u0131na g\u00f6re hassas ayar yaparak a\u011f\u0131rl\u0131\u011f\u0131 verimli \u015fekilde da\u011f\u0131t\u0131r ve s\u0131rt ile omuzlardaki y\u00fck\u00fc azalt\u0131r. Cinema ve Cinema Flex yelekleri, uzun \u00e7ekimlerde ergonomik destek ve y\u00fcksek konfor sa\u011flar. Belgesel, sinema filmi ve reklam prod\u00fcksiyonlar\u0131 i\u00e7in m\u00fckemmel bir \u00e7\u00f6z\u00fcmd\u00fcr.<\/p>\n","protected":false},"excerpt":{"rendered":"<p>Easyrig 6 Vario Cinema \/ Cinema Flex +130 mm (5&#8243;) \u00fcst kol, hafif ve orta a\u011f\u0131rl\u0131ktaki kamera sistemleriyle \u00e7al\u0131\u015fan operat\u00f6rlere daha fazla eri\u015fim ve hareket \u00f6zg\u00fcrl\u00fc\u011f\u00fc sa\u011flar. Uzat\u0131lm\u0131\u015f \u00fcst kol, kamera ile v\u00fccut aras\u0131nda ekstra mesafe olu\u015fturarak dengeyi kolayla\u015ft\u0131r\u0131r ve daha ak\u0131c\u0131 kamera hareketleri sunar. Ayarlanabilir Vario gerilim sistemi&nbsp;4\u201314 kg&nbsp;y\u00fck aral\u0131\u011f\u0131na g\u00f6re hassas ayar yaparak [&hellip;]<\/p>\n","protected":false},"featured_media":630,"comment_status":"open","ping_status":"closed","template":"","meta":{"_et_pb_use_builder":"","_et_pb_old_content":"","_et_gb_content_width":"","jetpack_publicize_message":"","jetpack_publicize_feature_enabled":true,"jetpack_social_post_already_shared":false,"jetpack_social_options":{"image_generator_settings":{"template":"highway","default_image_id":0,"font":"","enabled":false},"version":2}},"product_brand":[],"product_cat":[58,62],"product_tag":[],"class_list":{"0":"post-424","1":"product","2":"type-product","3":"status-publish","4":"has-post-thumbnail","6":"product_cat-easyrig","7":"product_cat-vario-6","9":"first","10":"outofstock","11":"shipping-taxable","12":"product-type-simple"},"jetpack_publicize_connections":[],"jetpack_sharing_enabled":true,"_links":{"self":[{"href":"https:\/\/medietek.com\/tr\/wp-json\/wp\/v2\/product\/424","targetHints":{"allow":["GET"]}}],"collection":[{"href":"https:\/\/medietek.com\/tr\/wp-json\/wp\/v2\/product"}],"about":[{"href":"https:\/\/medietek.com\/tr\/wp-json\/wp\/v2\/types\/product"}],"replies":[{"embeddable":true,"href":"https:\/\/medietek.com\/tr\/wp-json\/wp\/v2\/comments?post=424"}],"wp:featuredmedia":[{"embeddable":true,"href":"https:\/\/medietek.com\/tr\/wp-json\/wp\/v2\/media\/630"}],"wp:attachment":[{"href":"https:\/\/medietek.com\/tr\/wp-json\/wp\/v2\/media?parent=424"}],"wp:term":[{"taxonomy":"product_brand","embeddable":true,"href":"https:\/\/medietek.com\/tr\/wp-json\/wp\/v2\/product_brand?post=424"},{"taxonomy":"product_cat","embeddable":true,"href":"https:\/\/medietek.com\/tr\/wp-json\/wp\/v2\/product_cat?post=424"},{"taxonomy":"product_tag","embeddable":true,"href":"https:\/\/medietek.com\/tr\/wp-json\/wp\/v2\/product_tag?post=424"}],"curies":[{"name":"wp","href":"https:\/\/api.w.org\/{rel}","templated":true}]}}