{"id":434,"date":"2026-01-06T11:49:09","date_gmt":"2026-01-06T11:49:09","guid":{"rendered":"https:\/\/medietek.com\/product\/easyrig-6-vario-gimbalrig-gimbal-flex-4-14-kg-8-8-30-8-lbs-standart-kol\/"},"modified":"2026-01-09T11:37:30","modified_gmt":"2026-01-09T11:37:30","slug":"easyrig-6-vario-gimbalrig-gimbal-flex-4-14-kg-8-8-30-8-lbs-standart-kol","status":"publish","type":"product","link":"https:\/\/medietek.com\/tr\/urun\/easyrig-6-vario-gimbalrig-gimbal-flex-4-14-kg-8-8-30-8-lbs-standart-kol\/","title":{"rendered":"Easyrig 6 Vario GimbalRig \/ Gimbal Flex 4\u201314 kg \/ 8.8\u201330.8 lbs Standart Kol"},"content":{"rendered":"<p><span>Easyrig Vario 6, kameran\u0131z\u0131n ve ta\u015f\u0131ma sisteminizin a\u011f\u0131rl\u0131\u011f\u0131n\u0131 kollar\u0131n\u0131zdan, omuzlar\u0131n\u0131zdan ve boynunuzdan kal\u00e7an\u0131za aktararak uzun \u00e7ekimlerde yorgunlu\u011fu azaltan profesyonel bir kamera destek sistemidir. \u00d6nceki modele g\u00f6re&nbsp;<\/span><b>yakla\u015f\u0131k %20 daha hafiftir<\/b><span>&nbsp;ve&nbsp;<\/span><b>yakla\u015f\u0131k 4 \u2013 14 kg<\/b><span>&nbsp;aras\u0131ndaki kamera kurulumlar\u0131n\u0131 destekler. Arkadaki ayar d\u00fc\u011fmesi ile gerilimi giymi\u015f haldeyken ayarlayabilir ve dahili&nbsp;<\/span><b>Cinema veya Cinema Flex yele\u011fi<\/b><span>&nbsp;ile orta boyutlu sistemlerde konforlu destek sa\u011flar.<\/span><\/p>\n","protected":false},"excerpt":{"rendered":"<p>Easyrig Vario 6, kameran\u0131z\u0131n ve ta\u015f\u0131ma sisteminizin a\u011f\u0131rl\u0131\u011f\u0131n\u0131 kollar\u0131n\u0131zdan, omuzlar\u0131n\u0131zdan ve boynunuzdan kal\u00e7an\u0131za aktararak uzun \u00e7ekimlerde yorgunlu\u011fu azaltan profesyonel bir kamera destek sistemidir. \u00d6nceki modele g\u00f6re&nbsp;yakla\u015f\u0131k %20 daha hafiftir&nbsp;ve&nbsp;yakla\u015f\u0131k 4 \u2013 14 kg&nbsp;aras\u0131ndaki kamera kurulumlar\u0131n\u0131 destekler. Arkadaki ayar d\u00fc\u011fmesi ile gerilimi giymi\u015f haldeyken ayarlayabilir ve dahili&nbsp;Cinema veya Cinema Flex yele\u011fi&nbsp;ile orta boyutlu sistemlerde konforlu destek [&hellip;]<\/p>\n","protected":false},"featured_media":639,"comment_status":"open","ping_status":"closed","template":"","meta":{"_et_pb_use_builder":"","_et_pb_old_content":"","_et_gb_content_width":"","jetpack_publicize_message":"","jetpack_publicize_feature_enabled":true,"jetpack_social_post_already_shared":false,"jetpack_social_options":{"image_generator_settings":{"template":"highway","default_image_id":0,"font":"","enabled":false},"version":2}},"product_brand":[],"product_cat":[58,62],"product_tag":[],"class_list":{"0":"post-434","1":"product","2":"type-product","3":"status-publish","4":"has-post-thumbnail","6":"product_cat-easyrig","7":"product_cat-vario-6","9":"first","10":"outofstock","11":"shipping-taxable","12":"product-type-simple"},"jetpack_publicize_connections":[],"jetpack_sharing_enabled":true,"_links":{"self":[{"href":"https:\/\/medietek.com\/tr\/wp-json\/wp\/v2\/product\/434","targetHints":{"allow":["GET"]}}],"collection":[{"href":"https:\/\/medietek.com\/tr\/wp-json\/wp\/v2\/product"}],"about":[{"href":"https:\/\/medietek.com\/tr\/wp-json\/wp\/v2\/types\/product"}],"replies":[{"embeddable":true,"href":"https:\/\/medietek.com\/tr\/wp-json\/wp\/v2\/comments?post=434"}],"wp:featuredmedia":[{"embeddable":true,"href":"https:\/\/medietek.com\/tr\/wp-json\/wp\/v2\/media\/639"}],"wp:attachment":[{"href":"https:\/\/medietek.com\/tr\/wp-json\/wp\/v2\/media?parent=434"}],"wp:term":[{"taxonomy":"product_brand","embeddable":true,"href":"https:\/\/medietek.com\/tr\/wp-json\/wp\/v2\/product_brand?post=434"},{"taxonomy":"product_cat","embeddable":true,"href":"https:\/\/medietek.com\/tr\/wp-json\/wp\/v2\/product_cat?post=434"},{"taxonomy":"product_tag","embeddable":true,"href":"https:\/\/medietek.com\/tr\/wp-json\/wp\/v2\/product_tag?post=434"}],"curies":[{"name":"wp","href":"https:\/\/api.w.org\/{rel}","templated":true}]}}