{"id":450,"date":"2026-01-06T11:59:54","date_gmt":"2026-01-06T11:59:54","guid":{"rendered":"https:\/\/medietek.com\/product\/2026-easyrig-6-vario-gimbalrig-gimbal-flex-easyrig-stabil-orta\/"},"modified":"2026-01-09T11:38:33","modified_gmt":"2026-01-09T11:38:33","slug":"2026-easyrig-6-vario-gimbalrig-gimbal-flex-easyrig-stabil-orta","status":"publish","type":"product","link":"https:\/\/medietek.com\/tr\/urun\/2026-easyrig-6-vario-gimbalrig-gimbal-flex-easyrig-stabil-orta\/","title":{"rendered":"2026 Easyrig 6 Vario GimbalRig \/ Gimbal Flex Easyrig STABIL Orta"},"content":{"rendered":"<p><span>Easyrig Vario\u202f6 GimbalRig\/Gimbal\u202fFlex, kameran\u0131z\u0131n ve gimbal sisteminizin a\u011f\u0131rl\u0131\u011f\u0131n\u0131 kollar\u0131n\u0131zdan, omuzlar\u0131n\u0131zdan ve boynunuzdan kal\u00e7an\u0131za aktararak uzun \u00e7ekimlerde yorgunlu\u011fu azaltan profesyonel bir kamera destek sistemidir. Yakla\u015f\u0131k&nbsp;<\/span><b>4\u202f\u2013\u202f14\u202fkg<\/b><span>&nbsp;aras\u0131 kurulumlar i\u00e7in uygundur ve \u00f6nceki modele g\u00f6re&nbsp;<\/span><b>yakla\u015f\u0131k %20 daha hafiftir<\/b><span>. Gimbal\u202fFlex\/GimbalRig yele\u011fi, g\u00f6vde ve bel \u00e7evresinde ekstra destek sa\u011flar, bu da \u00f6zellikle gimbal ile uzun s\u00fcre \u00e7al\u0131\u015f\u0131rken konforu art\u0131r\u0131r. Arka taraftaki gerilim d\u00fc\u011fmesi ile ta\u015f\u0131ma sisteminin gerilimini giymi\u015f haldeyken kolayca ayarlayabilirsin.<\/span><\/p>\n","protected":false},"excerpt":{"rendered":"<p>Easyrig Vario\u202f6 GimbalRig\/Gimbal\u202fFlex, kameran\u0131z\u0131n ve gimbal sisteminizin a\u011f\u0131rl\u0131\u011f\u0131n\u0131 kollar\u0131n\u0131zdan, omuzlar\u0131n\u0131zdan ve boynunuzdan kal\u00e7an\u0131za aktararak uzun \u00e7ekimlerde yorgunlu\u011fu azaltan profesyonel bir kamera destek sistemidir. Yakla\u015f\u0131k&nbsp;4\u202f\u2013\u202f14\u202fkg&nbsp;aras\u0131 kurulumlar i\u00e7in uygundur ve \u00f6nceki modele g\u00f6re&nbsp;yakla\u015f\u0131k %20 daha hafiftir. Gimbal\u202fFlex\/GimbalRig yele\u011fi, g\u00f6vde ve bel \u00e7evresinde ekstra destek sa\u011flar, bu da \u00f6zellikle gimbal ile uzun s\u00fcre \u00e7al\u0131\u015f\u0131rken konforu art\u0131r\u0131r. Arka taraftaki [&hellip;]<\/p>\n","protected":false},"featured_media":654,"comment_status":"open","ping_status":"closed","template":"","meta":{"_et_pb_use_builder":"","_et_pb_old_content":"","_et_gb_content_width":"","jetpack_publicize_message":"","jetpack_publicize_feature_enabled":true,"jetpack_social_post_already_shared":false,"jetpack_social_options":{"image_generator_settings":{"template":"highway","default_image_id":0,"font":"","enabled":false},"version":2}},"product_brand":[],"product_cat":[58,62],"product_tag":[],"class_list":{"0":"post-450","1":"product","2":"type-product","3":"status-publish","4":"has-post-thumbnail","6":"product_cat-easyrig","7":"product_cat-vario-6","9":"first","10":"outofstock","11":"shipping-taxable","12":"product-type-simple"},"jetpack_publicize_connections":[],"jetpack_sharing_enabled":true,"_links":{"self":[{"href":"https:\/\/medietek.com\/tr\/wp-json\/wp\/v2\/product\/450","targetHints":{"allow":["GET"]}}],"collection":[{"href":"https:\/\/medietek.com\/tr\/wp-json\/wp\/v2\/product"}],"about":[{"href":"https:\/\/medietek.com\/tr\/wp-json\/wp\/v2\/types\/product"}],"replies":[{"embeddable":true,"href":"https:\/\/medietek.com\/tr\/wp-json\/wp\/v2\/comments?post=450"}],"wp:featuredmedia":[{"embeddable":true,"href":"https:\/\/medietek.com\/tr\/wp-json\/wp\/v2\/media\/654"}],"wp:attachment":[{"href":"https:\/\/medietek.com\/tr\/wp-json\/wp\/v2\/media?parent=450"}],"wp:term":[{"taxonomy":"product_brand","embeddable":true,"href":"https:\/\/medietek.com\/tr\/wp-json\/wp\/v2\/product_brand?post=450"},{"taxonomy":"product_cat","embeddable":true,"href":"https:\/\/medietek.com\/tr\/wp-json\/wp\/v2\/product_cat?post=450"},{"taxonomy":"product_tag","embeddable":true,"href":"https:\/\/medietek.com\/tr\/wp-json\/wp\/v2\/product_tag?post=450"}],"curies":[{"name":"wp","href":"https:\/\/api.w.org\/{rel}","templated":true}]}}