{"id":536,"date":"2026-01-08T15:28:23","date_gmt":"2026-01-08T15:28:23","guid":{"rendered":"https:\/\/medietek.com\/product\/easyrig-minimax-2-7-kg-4-4-15-4-lbs\/"},"modified":"2026-01-09T11:38:50","modified_gmt":"2026-01-09T11:38:50","slug":"easyrig-minimax-2-7-kg-4-4-15-4-lbs","status":"publish","type":"product","link":"https:\/\/medietek.com\/tr\/urun\/easyrig-minimax-2-7-kg-4-4-15-4-lbs\/","title":{"rendered":"Easyrig Minimax 2 \u2013 7 kg, 4.4 \u2013 15.4 lbs"},"content":{"rendered":"<p><b>Easyrig Minimax<\/b><span>, yakla\u015f\u0131k&nbsp;<\/span><b>2\u202f\u2013\u202f7\u202fkg<\/b><span>&nbsp;a\u011f\u0131rl\u0131\u011f\u0131ndaki kompakt ve hafif kameralar i\u00e7in tasarlanm\u0131\u015f hafif ve ergonomik bir kamera ta\u015f\u0131ma sistemidir. Kamera a\u011f\u0131rl\u0131\u011f\u0131n\u0131 kollar\u0131n ve omuzlar\u0131n yerine v\u00fccut yele\u011fine aktararak&nbsp;<\/span><b>daha uzun s\u00fcre rahat\u00e7a \u00e7ekim yapman\u0131<\/b><span>&nbsp;sa\u011flar. Ayarlanabilir yay sistemli gerilim mekanizmas\u0131, kameran\u0131n a\u011f\u0131rl\u0131\u011f\u0131na uyum sa\u011flar ve yelek a\u011f\u0131rl\u0131\u011f\u0131 e\u015fit da\u011f\u0131t\u0131r \u2014 haber, belgesel ve sokak \u00e7ekimleri gibi h\u0131zl\u0131 \u00e7ekimlerde idealdir.&nbsp;<\/span><\/p>\n","protected":false},"excerpt":{"rendered":"<p>Easyrig Minimax, yakla\u015f\u0131k&nbsp;2\u202f\u2013\u202f7\u202fkg&nbsp;a\u011f\u0131rl\u0131\u011f\u0131ndaki kompakt ve hafif kameralar i\u00e7in tasarlanm\u0131\u015f hafif ve ergonomik bir kamera ta\u015f\u0131ma sistemidir. Kamera a\u011f\u0131rl\u0131\u011f\u0131n\u0131 kollar\u0131n ve omuzlar\u0131n yerine v\u00fccut yele\u011fine aktararak&nbsp;daha uzun s\u00fcre rahat\u00e7a \u00e7ekim yapman\u0131&nbsp;sa\u011flar. Ayarlanabilir yay sistemli gerilim mekanizmas\u0131, kameran\u0131n a\u011f\u0131rl\u0131\u011f\u0131na uyum sa\u011flar ve yelek a\u011f\u0131rl\u0131\u011f\u0131 e\u015fit da\u011f\u0131t\u0131r \u2014 haber, belgesel ve sokak \u00e7ekimleri gibi h\u0131zl\u0131 \u00e7ekimlerde idealdir.&nbsp;<\/p>\n","protected":false},"featured_media":532,"comment_status":"open","ping_status":"closed","template":"","meta":{"_et_pb_use_builder":"","_et_pb_old_content":"","_et_gb_content_width":"","jetpack_publicize_message":"","jetpack_publicize_feature_enabled":true,"jetpack_social_post_already_shared":false,"jetpack_social_options":{"image_generator_settings":{"template":"highway","default_image_id":0,"font":"","enabled":false},"version":2}},"product_brand":[],"product_cat":[58,59],"product_tag":[],"class_list":{"0":"post-536","1":"product","2":"type-product","3":"status-publish","4":"has-post-thumbnail","6":"product_cat-easyrig","7":"product_cat-minimax","9":"first","10":"outofstock","11":"shipping-taxable","12":"product-type-simple"},"jetpack_publicize_connections":[],"jetpack_sharing_enabled":true,"_links":{"self":[{"href":"https:\/\/medietek.com\/tr\/wp-json\/wp\/v2\/product\/536","targetHints":{"allow":["GET"]}}],"collection":[{"href":"https:\/\/medietek.com\/tr\/wp-json\/wp\/v2\/product"}],"about":[{"href":"https:\/\/medietek.com\/tr\/wp-json\/wp\/v2\/types\/product"}],"replies":[{"embeddable":true,"href":"https:\/\/medietek.com\/tr\/wp-json\/wp\/v2\/comments?post=536"}],"wp:featuredmedia":[{"embeddable":true,"href":"https:\/\/medietek.com\/tr\/wp-json\/wp\/v2\/media\/532"}],"wp:attachment":[{"href":"https:\/\/medietek.com\/tr\/wp-json\/wp\/v2\/media?parent=536"}],"wp:term":[{"taxonomy":"product_brand","embeddable":true,"href":"https:\/\/medietek.com\/tr\/wp-json\/wp\/v2\/product_brand?post=536"},{"taxonomy":"product_cat","embeddable":true,"href":"https:\/\/medietek.com\/tr\/wp-json\/wp\/v2\/product_cat?post=536"},{"taxonomy":"product_tag","embeddable":true,"href":"https:\/\/medietek.com\/tr\/wp-json\/wp\/v2\/product_tag?post=536"}],"curies":[{"name":"wp","href":"https:\/\/api.w.org\/{rel}","templated":true}]}}