{"id":541,"date":"2026-01-08T15:28:45","date_gmt":"2026-01-08T15:28:45","guid":{"rendered":"https:\/\/medietek.com\/product\/easyrig-minimax-flex\/"},"modified":"2026-01-09T11:39:05","modified_gmt":"2026-01-09T11:39:05","slug":"easyrig-minimax-flex","status":"publish","type":"product","link":"https:\/\/medietek.com\/tr\/urun\/easyrig-minimax-flex\/","title":{"rendered":"Easyrig Minimax Flex"},"content":{"rendered":"<p><b>Easyrig Minimax Flex<\/b><span>, yakla\u015f\u0131k&nbsp;<\/span><b>2 \u2013 7 kg<\/b><span>&nbsp;a\u011f\u0131rl\u0131\u011f\u0131ndaki hafif veya orta a\u011f\u0131rl\u0131ktaki kamera veya gimbal sistemleri i\u00e7in tasarlanm\u0131\u015f ergonomik bir kamera destek sistemidir. Kamera a\u011f\u0131rl\u0131\u011f\u0131n\u0131 kollar\u0131ndan, omuzlar\u0131ndan ve boynundan v\u00fccut g\u00f6vdesine aktararak&nbsp;<\/span><b>daha uzun s\u00fcre yorgunluk olmadan \u00e7ekim yapman\u0131 sa\u011flar<\/b><span>. \u00d6zel olarak tasarlanm\u0131\u015f&nbsp;<\/span><b>Flex yele\u011fi<\/b><span>, ekstra destek ve \u00e7oklu ayar noktalar\u0131yla konforlu bir uyum sunar. Yay destek sistemi, hareketleri daha yumu\u015fak hale getirerek elde \u00e7ekimde rahatl\u0131k sa\u011flar.<\/span><\/p>\n","protected":false},"excerpt":{"rendered":"<p>Easyrig Minimax Flex, yakla\u015f\u0131k&nbsp;2 \u2013 7 kg&nbsp;a\u011f\u0131rl\u0131\u011f\u0131ndaki hafif veya orta a\u011f\u0131rl\u0131ktaki kamera veya gimbal sistemleri i\u00e7in tasarlanm\u0131\u015f ergonomik bir kamera destek sistemidir. Kamera a\u011f\u0131rl\u0131\u011f\u0131n\u0131 kollar\u0131ndan, omuzlar\u0131ndan ve boynundan v\u00fccut g\u00f6vdesine aktararak&nbsp;daha uzun s\u00fcre yorgunluk olmadan \u00e7ekim yapman\u0131 sa\u011flar. \u00d6zel olarak tasarlanm\u0131\u015f&nbsp;Flex yele\u011fi, ekstra destek ve \u00e7oklu ayar noktalar\u0131yla konforlu bir uyum sunar. Yay destek sistemi, [&hellip;]<\/p>\n","protected":false},"featured_media":537,"comment_status":"open","ping_status":"closed","template":"","meta":{"_et_pb_use_builder":"","_et_pb_old_content":"","_et_gb_content_width":"","jetpack_publicize_message":"","jetpack_publicize_feature_enabled":true,"jetpack_social_post_already_shared":false,"jetpack_social_options":{"image_generator_settings":{"template":"highway","default_image_id":0,"font":"","enabled":false},"version":2}},"product_brand":[],"product_cat":[58,59],"product_tag":[],"class_list":{"0":"post-541","1":"product","2":"type-product","3":"status-publish","4":"has-post-thumbnail","6":"product_cat-easyrig","7":"product_cat-minimax","9":"first","10":"outofstock","11":"shipping-taxable","12":"product-type-simple"},"jetpack_publicize_connections":[],"jetpack_sharing_enabled":true,"_links":{"self":[{"href":"https:\/\/medietek.com\/tr\/wp-json\/wp\/v2\/product\/541","targetHints":{"allow":["GET"]}}],"collection":[{"href":"https:\/\/medietek.com\/tr\/wp-json\/wp\/v2\/product"}],"about":[{"href":"https:\/\/medietek.com\/tr\/wp-json\/wp\/v2\/types\/product"}],"replies":[{"embeddable":true,"href":"https:\/\/medietek.com\/tr\/wp-json\/wp\/v2\/comments?post=541"}],"wp:featuredmedia":[{"embeddable":true,"href":"https:\/\/medietek.com\/tr\/wp-json\/wp\/v2\/media\/537"}],"wp:attachment":[{"href":"https:\/\/medietek.com\/tr\/wp-json\/wp\/v2\/media?parent=541"}],"wp:term":[{"taxonomy":"product_brand","embeddable":true,"href":"https:\/\/medietek.com\/tr\/wp-json\/wp\/v2\/product_brand?post=541"},{"taxonomy":"product_cat","embeddable":true,"href":"https:\/\/medietek.com\/tr\/wp-json\/wp\/v2\/product_cat?post=541"},{"taxonomy":"product_tag","embeddable":true,"href":"https:\/\/medietek.com\/tr\/wp-json\/wp\/v2\/product_tag?post=541"}],"curies":[{"name":"wp","href":"https:\/\/api.w.org\/{rel}","templated":true}]}}