{"id":546,"date":"2026-01-08T15:29:04","date_gmt":"2026-01-08T15:29:04","guid":{"rendered":"https:\/\/medietek.com\/product\/easyrig-minimax-stabil-light\/"},"modified":"2026-01-09T11:39:19","modified_gmt":"2026-01-09T11:39:19","slug":"easyrig-minimax-stabil-light","status":"publish","type":"product","link":"https:\/\/medietek.com\/tr\/urun\/easyrig-minimax-stabil-light\/","title":{"rendered":"Easyrig Minimax STABIL Light"},"content":{"rendered":"<p><b>Easyrig Minimax STABIL Light<\/b><span>, yakla\u015f\u0131k&nbsp;<\/span><b>2 \u2013 7 kg<\/b><span>&nbsp;a\u011f\u0131rl\u0131\u011f\u0131ndaki hafif veya orta a\u011f\u0131r kamera ya da gimbal sistemleri i\u00e7in tasarlanm\u0131\u015f ergonomik bir kamera ta\u015f\u0131ma sistemidir. A\u011f\u0131rl\u0131\u011f\u0131 kollar, omuzlar ve boyun yerine bir yelek ve geli\u015ftirilmi\u015f&nbsp;<\/span><b>STABIL Light kolu<\/b><span>&nbsp;ile g\u00f6vdeye aktararak daha uzun ve daha az yorucu \u00e7ekimler yapman\u0131 sa\u011flar. STABIL Light kolu, dikey hareketleri azaltmaya yard\u0131mc\u0131 olur ve istenirse normal bir Minimax kolu gibi kilitlenebilir.&nbsp;<\/span><\/p>\n","protected":false},"excerpt":{"rendered":"<p>Easyrig Minimax STABIL Light, yakla\u015f\u0131k&nbsp;2 \u2013 7 kg&nbsp;a\u011f\u0131rl\u0131\u011f\u0131ndaki hafif veya orta a\u011f\u0131r kamera ya da gimbal sistemleri i\u00e7in tasarlanm\u0131\u015f ergonomik bir kamera ta\u015f\u0131ma sistemidir. A\u011f\u0131rl\u0131\u011f\u0131 kollar, omuzlar ve boyun yerine bir yelek ve geli\u015ftirilmi\u015f&nbsp;STABIL Light kolu&nbsp;ile g\u00f6vdeye aktararak daha uzun ve daha az yorucu \u00e7ekimler yapman\u0131 sa\u011flar. STABIL Light kolu, dikey hareketleri azaltmaya yard\u0131mc\u0131 olur [&hellip;]<\/p>\n","protected":false},"featured_media":542,"comment_status":"open","ping_status":"closed","template":"","meta":{"_et_pb_use_builder":"","_et_pb_old_content":"","_et_gb_content_width":"","jetpack_publicize_message":"","jetpack_publicize_feature_enabled":true,"jetpack_social_post_already_shared":false,"jetpack_social_options":{"image_generator_settings":{"template":"highway","default_image_id":0,"font":"","enabled":false},"version":2}},"product_brand":[],"product_cat":[58,59],"product_tag":[],"class_list":{"0":"post-546","1":"product","2":"type-product","3":"status-publish","4":"has-post-thumbnail","6":"product_cat-easyrig","7":"product_cat-minimax","9":"first","10":"outofstock","11":"shipping-taxable","12":"product-type-simple"},"jetpack_publicize_connections":[],"jetpack_sharing_enabled":true,"_links":{"self":[{"href":"https:\/\/medietek.com\/tr\/wp-json\/wp\/v2\/product\/546","targetHints":{"allow":["GET"]}}],"collection":[{"href":"https:\/\/medietek.com\/tr\/wp-json\/wp\/v2\/product"}],"about":[{"href":"https:\/\/medietek.com\/tr\/wp-json\/wp\/v2\/types\/product"}],"replies":[{"embeddable":true,"href":"https:\/\/medietek.com\/tr\/wp-json\/wp\/v2\/comments?post=546"}],"wp:featuredmedia":[{"embeddable":true,"href":"https:\/\/medietek.com\/tr\/wp-json\/wp\/v2\/media\/542"}],"wp:attachment":[{"href":"https:\/\/medietek.com\/tr\/wp-json\/wp\/v2\/media?parent=546"}],"wp:term":[{"taxonomy":"product_brand","embeddable":true,"href":"https:\/\/medietek.com\/tr\/wp-json\/wp\/v2\/product_brand?post=546"},{"taxonomy":"product_cat","embeddable":true,"href":"https:\/\/medietek.com\/tr\/wp-json\/wp\/v2\/product_cat?post=546"},{"taxonomy":"product_tag","embeddable":true,"href":"https:\/\/medietek.com\/tr\/wp-json\/wp\/v2\/product_tag?post=546"}],"curies":[{"name":"wp","href":"https:\/\/api.w.org\/{rel}","templated":true}]}}