{"id":548,"date":"2026-01-08T15:29:20","date_gmt":"2026-01-08T15:29:20","guid":{"rendered":"https:\/\/medietek.com\/product\/easyrig-minimax-canta-minimax-icin-standart-canta\/"},"modified":"2026-01-09T11:45:29","modified_gmt":"2026-01-09T11:45:29","slug":"easyrig-minimax-canta-minimax-icin-standart-canta","status":"publish","type":"product","link":"https:\/\/medietek.com\/tr\/urun\/easyrig-minimax-canta-minimax-icin-standart-canta\/","title":{"rendered":"Easyrig Minimax \u00e7anta Minimax i\u00e7in standart \u00e7anta"},"content":{"rendered":"<p><b>Easyrig Minimax Bag \u2013 Minimax i\u00e7in standart \u00e7anta<\/b><br \/><span>Minimax Bag, Easyrig Minimax sistemi i\u00e7in resmi ta\u015f\u0131ma \u00e7antas\u0131d\u0131r. T\u00fcm sistemi ta\u015f\u0131ma ve depolama s\u0131ras\u0131nda g\u00fcvenli \u015fekilde korur ve aksesuarlar i\u00e7in kompakt alan sunar. \u00c7ekimler aras\u0131nda ta\u015f\u0131mak ve g\u00fcvenle kullanmak i\u00e7in idealdir.<\/span><\/p>\n","protected":false},"excerpt":{"rendered":"<p>Easyrig Minimax Bag \u2013 Minimax i\u00e7in standart \u00e7antaMinimax Bag, Easyrig Minimax sistemi i\u00e7in resmi ta\u015f\u0131ma \u00e7antas\u0131d\u0131r. T\u00fcm sistemi ta\u015f\u0131ma ve depolama s\u0131ras\u0131nda g\u00fcvenli \u015fekilde korur ve aksesuarlar i\u00e7in kompakt alan sunar. \u00c7ekimler aras\u0131nda ta\u015f\u0131mak ve g\u00fcvenle kullanmak i\u00e7in idealdir.<\/p>\n","protected":false},"featured_media":0,"comment_status":"open","ping_status":"closed","template":"","meta":{"_et_pb_use_builder":"","_et_pb_old_content":"","_et_gb_content_width":"","jetpack_publicize_message":"","jetpack_publicize_feature_enabled":true,"jetpack_social_post_already_shared":false,"jetpack_social_options":{"image_generator_settings":{"template":"highway","default_image_id":0,"font":"","enabled":false},"version":2}},"product_brand":[],"product_cat":[58,59],"product_tag":[],"class_list":{"0":"post-548","1":"product","2":"type-product","3":"status-publish","5":"product_cat-easyrig","6":"product_cat-minimax","8":"first","9":"outofstock","10":"shipping-taxable","11":"product-type-simple"},"jetpack_publicize_connections":[],"jetpack_sharing_enabled":true,"_links":{"self":[{"href":"https:\/\/medietek.com\/tr\/wp-json\/wp\/v2\/product\/548","targetHints":{"allow":["GET"]}}],"collection":[{"href":"https:\/\/medietek.com\/tr\/wp-json\/wp\/v2\/product"}],"about":[{"href":"https:\/\/medietek.com\/tr\/wp-json\/wp\/v2\/types\/product"}],"replies":[{"embeddable":true,"href":"https:\/\/medietek.com\/tr\/wp-json\/wp\/v2\/comments?post=548"}],"wp:attachment":[{"href":"https:\/\/medietek.com\/tr\/wp-json\/wp\/v2\/media?parent=548"}],"wp:term":[{"taxonomy":"product_brand","embeddable":true,"href":"https:\/\/medietek.com\/tr\/wp-json\/wp\/v2\/product_brand?post=548"},{"taxonomy":"product_cat","embeddable":true,"href":"https:\/\/medietek.com\/tr\/wp-json\/wp\/v2\/product_cat?post=548"},{"taxonomy":"product_tag","embeddable":true,"href":"https:\/\/medietek.com\/tr\/wp-json\/wp\/v2\/product_tag?post=548"}],"curies":[{"name":"wp","href":"https:\/\/api.w.org\/{rel}","templated":true}]}}