{"id":661,"date":"2026-01-09T11:39:29","date_gmt":"2026-01-09T11:39:29","guid":{"rendered":"https:\/\/medietek.com\/product\/easyrig-minimax-flex-stabil-light\/"},"modified":"2026-01-09T11:39:39","modified_gmt":"2026-01-09T11:39:39","slug":"easyrig-minimax-flex-stabil-light","status":"publish","type":"product","link":"https:\/\/medietek.com\/tr\/urun\/easyrig-minimax-flex-stabil-light\/","title":{"rendered":"Easyrig Minimax Flex STABIL Light"},"content":{"rendered":"<p><b>Easyrig Minimax Flex STABIL Light<\/b><span>, hafif ve orta a\u011f\u0131rl\u0131ktaki kamera veya gimbal sistemleri i\u00e7in tasarlanm\u0131\u015f ergonomik bir kamera ta\u015f\u0131ma sistemidir (yakla\u015f\u0131k&nbsp;<\/span><b>2 \u2013 7 kg \/ 4.4 \u2013 15.4 lb<\/b><span>). A\u011f\u0131rl\u0131\u011f\u0131 kollar, omuzlar ve boyun yerine v\u00fccuda aktararak&nbsp;<\/span><b>daha uzun s\u00fcre daha az yorgunlukla \u00e7ekim yapman\u0131 sa\u011flar<\/b><span>. Dahili&nbsp;<\/span><b>STABIL Light kolu<\/b><span>, y\u00fcr\u00fcrken veya ko\u015farken dikey hareketleri azaltarak daha stabil g\u00f6r\u00fcnt\u00fcler elde edilmesine yard\u0131mc\u0131 olur \u2014 \u00f6zellikle gimbal kullan\u0131mlar\u0131nda.&nbsp;<\/span><b>Flex yelek<\/b><span>&nbsp;ise ekstra destek ve ayar imk\u00e2n\u0131 sunar.<\/span><\/p>\n","protected":false},"excerpt":{"rendered":"<p>Easyrig Minimax Flex STABIL Light, hafif ve orta a\u011f\u0131rl\u0131ktaki kamera veya gimbal sistemleri i\u00e7in tasarlanm\u0131\u015f ergonomik bir kamera ta\u015f\u0131ma sistemidir (yakla\u015f\u0131k&nbsp;2 \u2013 7 kg \/ 4.4 \u2013 15.4 lb). A\u011f\u0131rl\u0131\u011f\u0131 kollar, omuzlar ve boyun yerine v\u00fccuda aktararak&nbsp;daha uzun s\u00fcre daha az yorgunlukla \u00e7ekim yapman\u0131 sa\u011flar. Dahili&nbsp;STABIL Light kolu, y\u00fcr\u00fcrken veya ko\u015farken dikey hareketleri azaltarak daha [&hellip;]<\/p>\n","protected":false},"featured_media":657,"comment_status":"open","ping_status":"closed","template":"","meta":{"_et_pb_use_builder":"","_et_pb_old_content":"","_et_gb_content_width":"","jetpack_publicize_message":"","jetpack_publicize_feature_enabled":true,"jetpack_social_post_already_shared":false,"jetpack_social_options":{"image_generator_settings":{"template":"highway","default_image_id":0,"font":"","enabled":false},"version":2}},"product_brand":[],"product_cat":[58,59],"product_tag":[],"class_list":{"0":"post-661","1":"product","2":"type-product","3":"status-publish","4":"has-post-thumbnail","6":"product_cat-easyrig","7":"product_cat-minimax","9":"first","10":"outofstock","11":"shipping-taxable","12":"product-type-simple"},"jetpack_publicize_connections":[],"jetpack_sharing_enabled":true,"_links":{"self":[{"href":"https:\/\/medietek.com\/tr\/wp-json\/wp\/v2\/product\/661","targetHints":{"allow":["GET"]}}],"collection":[{"href":"https:\/\/medietek.com\/tr\/wp-json\/wp\/v2\/product"}],"about":[{"href":"https:\/\/medietek.com\/tr\/wp-json\/wp\/v2\/types\/product"}],"replies":[{"embeddable":true,"href":"https:\/\/medietek.com\/tr\/wp-json\/wp\/v2\/comments?post=661"}],"wp:featuredmedia":[{"embeddable":true,"href":"https:\/\/medietek.com\/tr\/wp-json\/wp\/v2\/media\/657"}],"wp:attachment":[{"href":"https:\/\/medietek.com\/tr\/wp-json\/wp\/v2\/media?parent=661"}],"wp:term":[{"taxonomy":"product_brand","embeddable":true,"href":"https:\/\/medietek.com\/tr\/wp-json\/wp\/v2\/product_brand?post=661"},{"taxonomy":"product_cat","embeddable":true,"href":"https:\/\/medietek.com\/tr\/wp-json\/wp\/v2\/product_cat?post=661"},{"taxonomy":"product_tag","embeddable":true,"href":"https:\/\/medietek.com\/tr\/wp-json\/wp\/v2\/product_tag?post=661"}],"curies":[{"name":"wp","href":"https:\/\/api.w.org\/{rel}","templated":true}]}}