{"id":666,"date":"2026-01-09T11:39:48","date_gmt":"2026-01-09T11:39:48","guid":{"rendered":"https:\/\/medietek.com\/product\/easyrig-boom-rig-2024-boom-operatorleri-icin-2-10-kg-4-4-22-lbs\/"},"modified":"2026-01-09T11:39:59","modified_gmt":"2026-01-09T11:39:59","slug":"easyrig-boom-rig-2024-boom-operatorleri-icin-2-10-kg-4-4-22-lbs","status":"publish","type":"product","link":"https:\/\/medietek.com\/tr\/urun\/easyrig-boom-rig-2024-boom-operatorleri-icin-2-10-kg-4-4-22-lbs\/","title":{"rendered":"Easyrig Boom Rig 2024 Boom Operat\u00f6rleri i\u00e7in 2\u201310 kg \/ 4.4\u201322 lbs"},"content":{"rendered":"<p><b>Easyrig Boom Rig<\/b><span>,&nbsp;<\/span><b>ses teknisyenleri ve boom operat\u00f6rleri<\/b><span>&nbsp;i\u00e7in tasarlanm\u0131\u015f ergonomik bir destek sistemidir ve boom dire\u011finin a\u011f\u0131rl\u0131\u011f\u0131n\u0131 kollar, omuzlar ve s\u0131rt yerine kal\u00e7aya aktararak yorgunlu\u011fu azalt\u0131r. Yakla\u015f\u0131k&nbsp;<\/span><b>2 \u2013 10 kg (4,4 \u2013 22 lbs)<\/b><span>a\u011f\u0131rl\u0131\u011f\u0131ndaki boom direklerini ta\u015f\u0131mak i\u00e7in uygundur ve farkl\u0131 y\u00fckler i\u00e7in arka taraftaki d\u00fc\u011fme ile ayarlanabilir. Rulo i\u00e7eren boom kancas\u0131, dire\u011fi kolayca d\u00f6nd\u00fcrmeyi sa\u011flar; mikser veya yan montaj i\u00e7in ek kancalar ise uzun \u00e7ekimler s\u0131ras\u0131nda daha fazla esneklik ve konfor sunar.&nbsp;<\/span><\/p>\n","protected":false},"excerpt":{"rendered":"<p>Easyrig Boom Rig,&nbsp;ses teknisyenleri ve boom operat\u00f6rleri&nbsp;i\u00e7in tasarlanm\u0131\u015f ergonomik bir destek sistemidir ve boom dire\u011finin a\u011f\u0131rl\u0131\u011f\u0131n\u0131 kollar, omuzlar ve s\u0131rt yerine kal\u00e7aya aktararak yorgunlu\u011fu azalt\u0131r. Yakla\u015f\u0131k&nbsp;2 \u2013 10 kg (4,4 \u2013 22 lbs)a\u011f\u0131rl\u0131\u011f\u0131ndaki boom direklerini ta\u015f\u0131mak i\u00e7in uygundur ve farkl\u0131 y\u00fckler i\u00e7in arka taraftaki d\u00fc\u011fme ile ayarlanabilir. Rulo i\u00e7eren boom kancas\u0131, dire\u011fi kolayca d\u00f6nd\u00fcrmeyi sa\u011flar; [&hellip;]<\/p>\n","protected":false},"featured_media":662,"comment_status":"open","ping_status":"closed","template":"","meta":{"_et_pb_use_builder":"","_et_pb_old_content":"","_et_gb_content_width":"","jetpack_publicize_message":"","jetpack_publicize_feature_enabled":true,"jetpack_social_post_already_shared":false,"jetpack_social_options":{"image_generator_settings":{"template":"highway","default_image_id":0,"font":"","enabled":false},"version":2}},"product_brand":[],"product_cat":[61,58],"product_tag":[],"class_list":{"0":"post-666","1":"product","2":"type-product","3":"status-publish","4":"has-post-thumbnail","6":"product_cat-boom-rig","7":"product_cat-easyrig","9":"first","10":"outofstock","11":"shipping-taxable","12":"product-type-simple"},"jetpack_publicize_connections":[],"jetpack_sharing_enabled":true,"_links":{"self":[{"href":"https:\/\/medietek.com\/tr\/wp-json\/wp\/v2\/product\/666","targetHints":{"allow":["GET"]}}],"collection":[{"href":"https:\/\/medietek.com\/tr\/wp-json\/wp\/v2\/product"}],"about":[{"href":"https:\/\/medietek.com\/tr\/wp-json\/wp\/v2\/types\/product"}],"replies":[{"embeddable":true,"href":"https:\/\/medietek.com\/tr\/wp-json\/wp\/v2\/comments?post=666"}],"wp:featuredmedia":[{"embeddable":true,"href":"https:\/\/medietek.com\/tr\/wp-json\/wp\/v2\/media\/662"}],"wp:attachment":[{"href":"https:\/\/medietek.com\/tr\/wp-json\/wp\/v2\/media?parent=666"}],"wp:term":[{"taxonomy":"product_brand","embeddable":true,"href":"https:\/\/medietek.com\/tr\/wp-json\/wp\/v2\/product_brand?post=666"},{"taxonomy":"product_cat","embeddable":true,"href":"https:\/\/medietek.com\/tr\/wp-json\/wp\/v2\/product_cat?post=666"},{"taxonomy":"product_tag","embeddable":true,"href":"https:\/\/medietek.com\/tr\/wp-json\/wp\/v2\/product_tag?post=666"}],"curies":[{"name":"wp","href":"https:\/\/api.w.org\/{rel}","templated":true}]}}