{"id":671,"date":"2026-01-09T11:40:07","date_gmt":"2026-01-09T11:40:07","guid":{"rendered":"https:\/\/medietek.com\/product\/easyrig-boom-rig-flex-yeni-2025-boom-operatorleri-icin-2-10-kg-4-4-22-lbs\/"},"modified":"2026-01-09T11:40:17","modified_gmt":"2026-01-09T11:40:17","slug":"easyrig-boom-rig-flex-yeni-2025-boom-operatorleri-icin-2-10-kg-4-4-22-lbs","status":"publish","type":"product","link":"https:\/\/medietek.com\/tr\/urun\/easyrig-boom-rig-flex-yeni-2025-boom-operatorleri-icin-2-10-kg-4-4-22-lbs\/","title":{"rendered":"Easyrig Boom Rig Flex YEN\u0130! 2025 Boom Operat\u00f6rleri i\u00e7in 2\u201310 kg \/ 4.4\u201322 lbs"},"content":{"rendered":"<p><b>Easyrig Boom Rig Flex (2025)<\/b><span>,&nbsp;<\/span><b>boom operat\u00f6rleri ve ses teknisyenleri<\/b><span>&nbsp;i\u00e7in tasarlanm\u0131\u015f ergonomik bir destek sistemidir ve boom dire\u011finin a\u011f\u0131rl\u0131\u011f\u0131n\u0131 kollar, omuzlar ve s\u0131rt yerine v\u00fccut \u00fczerinde dengeler.&nbsp;<\/span><b>Flex yelek<\/b><span>, g\u00f6\u011f\u00fcs ve \u00fcst v\u00fccut i\u00e7in&nbsp;<\/span><b>ayar yap\u0131labilir destek<\/b><span>&nbsp;sa\u011flayarak uzun \u00e7ekimlerde daha fazla konfor sunar. Yakla\u015f\u0131k&nbsp;<\/span><b>2 \u2013 10 kg (4,4 \u2013 22 lbs)<\/b><span>a\u011f\u0131rl\u0131\u011f\u0131ndaki boom direkleriyle kullan\u0131lmak \u00fczere uygundur ve farkl\u0131 v\u00fccut tiplerine g\u00f6re kolayca ayarlanabilir.<\/span><\/p>\n","protected":false},"excerpt":{"rendered":"<p>Easyrig Boom Rig Flex (2025),&nbsp;boom operat\u00f6rleri ve ses teknisyenleri&nbsp;i\u00e7in tasarlanm\u0131\u015f ergonomik bir destek sistemidir ve boom dire\u011finin a\u011f\u0131rl\u0131\u011f\u0131n\u0131 kollar, omuzlar ve s\u0131rt yerine v\u00fccut \u00fczerinde dengeler.&nbsp;Flex yelek, g\u00f6\u011f\u00fcs ve \u00fcst v\u00fccut i\u00e7in&nbsp;ayar yap\u0131labilir destek&nbsp;sa\u011flayarak uzun \u00e7ekimlerde daha fazla konfor sunar. Yakla\u015f\u0131k&nbsp;2 \u2013 10 kg (4,4 \u2013 22 lbs)a\u011f\u0131rl\u0131\u011f\u0131ndaki boom direkleriyle kullan\u0131lmak \u00fczere uygundur ve farkl\u0131 [&hellip;]<\/p>\n","protected":false},"featured_media":667,"comment_status":"open","ping_status":"closed","template":"","meta":{"_et_pb_use_builder":"","_et_pb_old_content":"","_et_gb_content_width":"","jetpack_publicize_message":"","jetpack_publicize_feature_enabled":true,"jetpack_social_post_already_shared":false,"jetpack_social_options":{"image_generator_settings":{"template":"highway","default_image_id":0,"font":"","enabled":false},"version":2}},"product_brand":[],"product_cat":[61,58],"product_tag":[],"class_list":{"0":"post-671","1":"product","2":"type-product","3":"status-publish","4":"has-post-thumbnail","6":"product_cat-boom-rig","7":"product_cat-easyrig","9":"first","10":"outofstock","11":"shipping-taxable","12":"product-type-simple"},"jetpack_publicize_connections":[],"jetpack_sharing_enabled":true,"_links":{"self":[{"href":"https:\/\/medietek.com\/tr\/wp-json\/wp\/v2\/product\/671","targetHints":{"allow":["GET"]}}],"collection":[{"href":"https:\/\/medietek.com\/tr\/wp-json\/wp\/v2\/product"}],"about":[{"href":"https:\/\/medietek.com\/tr\/wp-json\/wp\/v2\/types\/product"}],"replies":[{"embeddable":true,"href":"https:\/\/medietek.com\/tr\/wp-json\/wp\/v2\/comments?post=671"}],"wp:featuredmedia":[{"embeddable":true,"href":"https:\/\/medietek.com\/tr\/wp-json\/wp\/v2\/media\/667"}],"wp:attachment":[{"href":"https:\/\/medietek.com\/tr\/wp-json\/wp\/v2\/media?parent=671"}],"wp:term":[{"taxonomy":"product_brand","embeddable":true,"href":"https:\/\/medietek.com\/tr\/wp-json\/wp\/v2\/product_brand?post=671"},{"taxonomy":"product_cat","embeddable":true,"href":"https:\/\/medietek.com\/tr\/wp-json\/wp\/v2\/product_cat?post=671"},{"taxonomy":"product_tag","embeddable":true,"href":"https:\/\/medietek.com\/tr\/wp-json\/wp\/v2\/product_tag?post=671"}],"curies":[{"name":"wp","href":"https:\/\/api.w.org\/{rel}","templated":true}]}}