{"id":675,"date":"2026-01-09T11:40:25","date_gmt":"2026-01-09T11:40:25","guid":{"rendered":"https:\/\/medietek.com\/product\/easyrig-5-vario-destek-cubugu-5-17-kg-11-38-lbs-standart-kol\/"},"modified":"2026-01-09T11:40:36","modified_gmt":"2026-01-09T11:40:36","slug":"easyrig-5-vario-destek-cubugu-5-17-kg-11-38-lbs-standart-kol","status":"publish","type":"product","link":"https:\/\/medietek.com\/tr\/urun\/easyrig-5-vario-destek-cubugu-5-17-kg-11-38-lbs-standart-kol\/","title":{"rendered":"Easyrig 5 Vario destek \u00e7ubu\u011fu 5\u201317 kg \/ 11\u201338 lbs Standart Kol"},"content":{"rendered":"<p><b>Easyrig 5 Vario<\/b><span>&nbsp;standard destek kolu ile birlikte, kameran\u0131z\u0131 kollar\u0131n\u0131zdan, omuzlar\u0131n\u0131zdan ve boynunuzdan kal\u00e7an\u0131za aktararak&nbsp;<\/span><b>daha uzun s\u00fcre ve daha az yorgunlukla elde \u00e7ekim yapman\u0131z\u0131<\/b><span>&nbsp;sa\u011flayan ergonomik bir kamera ta\u015f\u0131ma sistemidir. Yakla\u015f\u0131k&nbsp;<\/span><b>5 \u2013 17 kg (11 \u2013 38 lbs)<\/b><span>&nbsp;a\u011f\u0131rl\u0131\u011f\u0131ndaki kamera sistemleri i\u00e7in uygundur ve yay mekanizmas\u0131 sayesinde farkl\u0131 kurulum a\u011f\u0131rl\u0131klar\u0131na kolayca ayarlanabilir. Standart destek kolu ve kamera kancas\u0131, \u00e7e\u015fitli kamera ve gimbal konfig\u00fcrasyonlar\u0131yla kullan\u0131m sa\u011flar.&nbsp;<\/span><\/p>\n","protected":false},"excerpt":{"rendered":"<p>Easyrig 5 Vario&nbsp;standard destek kolu ile birlikte, kameran\u0131z\u0131 kollar\u0131n\u0131zdan, omuzlar\u0131n\u0131zdan ve boynunuzdan kal\u00e7an\u0131za aktararak&nbsp;daha uzun s\u00fcre ve daha az yorgunlukla elde \u00e7ekim yapman\u0131z\u0131&nbsp;sa\u011flayan ergonomik bir kamera ta\u015f\u0131ma sistemidir. Yakla\u015f\u0131k&nbsp;5 \u2013 17 kg (11 \u2013 38 lbs)&nbsp;a\u011f\u0131rl\u0131\u011f\u0131ndaki kamera sistemleri i\u00e7in uygundur ve yay mekanizmas\u0131 sayesinde farkl\u0131 kurulum a\u011f\u0131rl\u0131klar\u0131na kolayca ayarlanabilir. Standart destek kolu ve kamera kancas\u0131, [&hellip;]<\/p>\n","protected":false},"featured_media":672,"comment_status":"open","ping_status":"closed","template":"","meta":{"_et_pb_use_builder":"","_et_pb_old_content":"","_et_gb_content_width":"","jetpack_publicize_message":"","jetpack_publicize_feature_enabled":true,"jetpack_social_post_already_shared":false,"jetpack_social_options":{"image_generator_settings":{"template":"highway","default_image_id":0,"font":"","enabled":false},"version":2}},"product_brand":[],"product_cat":[58,60],"product_tag":[],"class_list":{"0":"post-675","1":"product","2":"type-product","3":"status-publish","4":"has-post-thumbnail","6":"product_cat-easyrig","7":"product_cat-vario-5","9":"first","10":"outofstock","11":"shipping-taxable","12":"product-type-simple"},"jetpack_publicize_connections":[],"jetpack_sharing_enabled":true,"_links":{"self":[{"href":"https:\/\/medietek.com\/tr\/wp-json\/wp\/v2\/product\/675","targetHints":{"allow":["GET"]}}],"collection":[{"href":"https:\/\/medietek.com\/tr\/wp-json\/wp\/v2\/product"}],"about":[{"href":"https:\/\/medietek.com\/tr\/wp-json\/wp\/v2\/types\/product"}],"replies":[{"embeddable":true,"href":"https:\/\/medietek.com\/tr\/wp-json\/wp\/v2\/comments?post=675"}],"wp:featuredmedia":[{"embeddable":true,"href":"https:\/\/medietek.com\/tr\/wp-json\/wp\/v2\/media\/672"}],"wp:attachment":[{"href":"https:\/\/medietek.com\/tr\/wp-json\/wp\/v2\/media?parent=675"}],"wp:term":[{"taxonomy":"product_brand","embeddable":true,"href":"https:\/\/medietek.com\/tr\/wp-json\/wp\/v2\/product_brand?post=675"},{"taxonomy":"product_cat","embeddable":true,"href":"https:\/\/medietek.com\/tr\/wp-json\/wp\/v2\/product_cat?post=675"},{"taxonomy":"product_tag","embeddable":true,"href":"https:\/\/medietek.com\/tr\/wp-json\/wp\/v2\/product_tag?post=675"}],"curies":[{"name":"wp","href":"https:\/\/api.w.org\/{rel}","templated":true}]}}