{"id":679,"date":"2026-01-09T11:40:43","date_gmt":"2026-01-09T11:40:43","guid":{"rendered":"https:\/\/medietek.com\/product\/easyrig-5-vario-destek-cubugu-ust-kol-130-mm-5\/"},"modified":"2026-01-09T11:40:55","modified_gmt":"2026-01-09T11:40:55","slug":"easyrig-5-vario-destek-cubugu-ust-kol-130-mm-5","status":"publish","type":"product","link":"https:\/\/medietek.com\/tr\/urun\/easyrig-5-vario-destek-cubugu-ust-kol-130-mm-5\/","title":{"rendered":"Easyrig 5 Vario destek \u00e7ubu\u011fu \u00dcst Kol +130 mm (5&#8243;)"},"content":{"rendered":"<p><b><span>Easyrig 5 Vario<\/span><\/b><span>,&nbsp;<\/span><b>Support Bar Upper Arm +130 mm (5 &#8220;)<\/b><span>&nbsp;ile birlikte orta ve a\u011f\u0131r kamera sistemleri (<\/span><b>yakla\u015f\u0131k 5 \u2013 17 kg \/ 11 \u2013 38 lbs<\/b><span>) i\u00e7in tasarlanm\u0131\u015f ergonomik bir kamera ta\u015f\u0131ma sistemidir.&nbsp;<\/span><b>+130 mm uzat\u0131lm\u0131\u015f \u00fcst kol<\/b><span>, kameran\u0131n v\u00fccutta biraz daha uzak bir konumda tutulmas\u0131na olanak tan\u0131r; bu da&nbsp;<\/span><b>omuz seviyesinde \u00e7ekim ve hafif elde \u00e7ekimi<\/b><span>&nbsp;daha kolay hale getirir. Sistem, a\u011f\u0131rl\u0131\u011f\u0131 kollar, omuzlar ve boyundan v\u00fccuda aktararak uzun \u00e7ekimlerde yorgunlu\u011fu azaltmaya yard\u0131mc\u0131 olur.<\/span><\/p>\n","protected":false},"excerpt":{"rendered":"<p>Easyrig 5 Vario,&nbsp;Support Bar Upper Arm +130 mm (5 &#8220;)&nbsp;ile birlikte orta ve a\u011f\u0131r kamera sistemleri (yakla\u015f\u0131k 5 \u2013 17 kg \/ 11 \u2013 38 lbs) i\u00e7in tasarlanm\u0131\u015f ergonomik bir kamera ta\u015f\u0131ma sistemidir.&nbsp;+130 mm uzat\u0131lm\u0131\u015f \u00fcst kol, kameran\u0131n v\u00fccutta biraz daha uzak bir konumda tutulmas\u0131na olanak tan\u0131r; bu da&nbsp;omuz seviyesinde \u00e7ekim ve hafif elde \u00e7ekimi&nbsp;daha [&hellip;]<\/p>\n","protected":false},"featured_media":676,"comment_status":"open","ping_status":"closed","template":"","meta":{"_et_pb_use_builder":"","_et_pb_old_content":"","_et_gb_content_width":"","jetpack_publicize_message":"","jetpack_publicize_feature_enabled":true,"jetpack_social_post_already_shared":false,"jetpack_social_options":{"image_generator_settings":{"template":"highway","default_image_id":0,"font":"","enabled":false},"version":2}},"product_brand":[],"product_cat":[58,60],"product_tag":[],"class_list":{"0":"post-679","1":"product","2":"type-product","3":"status-publish","4":"has-post-thumbnail","6":"product_cat-easyrig","7":"product_cat-vario-5","9":"first","10":"outofstock","11":"shipping-taxable","12":"product-type-simple"},"jetpack_publicize_connections":[],"jetpack_sharing_enabled":true,"_links":{"self":[{"href":"https:\/\/medietek.com\/tr\/wp-json\/wp\/v2\/product\/679","targetHints":{"allow":["GET"]}}],"collection":[{"href":"https:\/\/medietek.com\/tr\/wp-json\/wp\/v2\/product"}],"about":[{"href":"https:\/\/medietek.com\/tr\/wp-json\/wp\/v2\/types\/product"}],"replies":[{"embeddable":true,"href":"https:\/\/medietek.com\/tr\/wp-json\/wp\/v2\/comments?post=679"}],"wp:featuredmedia":[{"embeddable":true,"href":"https:\/\/medietek.com\/tr\/wp-json\/wp\/v2\/media\/676"}],"wp:attachment":[{"href":"https:\/\/medietek.com\/tr\/wp-json\/wp\/v2\/media?parent=679"}],"wp:term":[{"taxonomy":"product_brand","embeddable":true,"href":"https:\/\/medietek.com\/tr\/wp-json\/wp\/v2\/product_brand?post=679"},{"taxonomy":"product_cat","embeddable":true,"href":"https:\/\/medietek.com\/tr\/wp-json\/wp\/v2\/product_cat?post=679"},{"taxonomy":"product_tag","embeddable":true,"href":"https:\/\/medietek.com\/tr\/wp-json\/wp\/v2\/product_tag?post=679"}],"curies":[{"name":"wp","href":"https:\/\/api.w.org\/{rel}","templated":true}]}}