{"id":683,"date":"2026-01-09T11:41:02","date_gmt":"2026-01-09T11:41:02","guid":{"rendered":"https:\/\/medietek.com\/product\/easyrig-5-vario-destek-cubugu-ust-kol-230-mm-9\/"},"modified":"2026-01-09T11:41:14","modified_gmt":"2026-01-09T11:41:14","slug":"easyrig-5-vario-destek-cubugu-ust-kol-230-mm-9","status":"publish","type":"product","link":"https:\/\/medietek.com\/tr\/urun\/easyrig-5-vario-destek-cubugu-ust-kol-230-mm-9\/","title":{"rendered":"Easyrig 5 Vario destek \u00e7ubu\u011fu \u00dcst Kol +230 mm (9&#8243;)"},"content":{"rendered":"<p><b>Easyrig 5 Vario<\/b><span>&nbsp;ve&nbsp;<\/span><b>Support Bar Upper Arm +230\u202fmm (9\u201d)<\/b><span>, orta ve a\u011f\u0131r kamera sistemleri i\u00e7in ergonomik bir ta\u015f\u0131ma sistemidir (yakla\u015f\u0131k 5 \u2013 17 kg \/ 11 \u2013 38 lbs).<\/span><br \/><span>Uzat\u0131lm\u0131\u015f \u00fcst kol (+230\u202fmm), kameran\u0131n v\u00fccuda daha uzak bir konumda tutulmas\u0131n\u0131 sa\u011flar; bu sayede omuz seviyesinde \u00e7ekimler ve elde kullan\u0131m daha rahat olur.<\/span><br \/><span>Sistem, a\u011f\u0131rl\u0131\u011f\u0131 kollar, omuzlar ve boyundan g\u00f6vdeye aktararak yorgunlu\u011fu azalt\u0131r.<\/span><\/p>\n","protected":false},"excerpt":{"rendered":"<p>Easyrig 5 Vario&nbsp;ve&nbsp;Support Bar Upper Arm +230\u202fmm (9\u201d), orta ve a\u011f\u0131r kamera sistemleri i\u00e7in ergonomik bir ta\u015f\u0131ma sistemidir (yakla\u015f\u0131k 5 \u2013 17 kg \/ 11 \u2013 38 lbs).Uzat\u0131lm\u0131\u015f \u00fcst kol (+230\u202fmm), kameran\u0131n v\u00fccuda daha uzak bir konumda tutulmas\u0131n\u0131 sa\u011flar; bu sayede omuz seviyesinde \u00e7ekimler ve elde kullan\u0131m daha rahat olur.Sistem, a\u011f\u0131rl\u0131\u011f\u0131 kollar, omuzlar ve boyundan [&hellip;]<\/p>\n","protected":false},"featured_media":680,"comment_status":"open","ping_status":"closed","template":"","meta":{"_et_pb_use_builder":"","_et_pb_old_content":"","_et_gb_content_width":"","jetpack_publicize_message":"","jetpack_publicize_feature_enabled":true,"jetpack_social_post_already_shared":false,"jetpack_social_options":{"image_generator_settings":{"template":"highway","default_image_id":0,"font":"","enabled":false},"version":2}},"product_brand":[],"product_cat":[58,60],"product_tag":[],"class_list":{"0":"post-683","1":"product","2":"type-product","3":"status-publish","4":"has-post-thumbnail","6":"product_cat-easyrig","7":"product_cat-vario-5","9":"first","10":"outofstock","11":"shipping-taxable","12":"product-type-simple"},"jetpack_publicize_connections":[],"jetpack_sharing_enabled":true,"_links":{"self":[{"href":"https:\/\/medietek.com\/tr\/wp-json\/wp\/v2\/product\/683","targetHints":{"allow":["GET"]}}],"collection":[{"href":"https:\/\/medietek.com\/tr\/wp-json\/wp\/v2\/product"}],"about":[{"href":"https:\/\/medietek.com\/tr\/wp-json\/wp\/v2\/types\/product"}],"replies":[{"embeddable":true,"href":"https:\/\/medietek.com\/tr\/wp-json\/wp\/v2\/comments?post=683"}],"wp:featuredmedia":[{"embeddable":true,"href":"https:\/\/medietek.com\/tr\/wp-json\/wp\/v2\/media\/680"}],"wp:attachment":[{"href":"https:\/\/medietek.com\/tr\/wp-json\/wp\/v2\/media?parent=683"}],"wp:term":[{"taxonomy":"product_brand","embeddable":true,"href":"https:\/\/medietek.com\/tr\/wp-json\/wp\/v2\/product_brand?post=683"},{"taxonomy":"product_cat","embeddable":true,"href":"https:\/\/medietek.com\/tr\/wp-json\/wp\/v2\/product_cat?post=683"},{"taxonomy":"product_tag","embeddable":true,"href":"https:\/\/medietek.com\/tr\/wp-json\/wp\/v2\/product_tag?post=683"}],"curies":[{"name":"wp","href":"https:\/\/api.w.org\/{rel}","templated":true}]}}