{"id":687,"date":"2026-01-09T11:41:22","date_gmt":"2026-01-09T11:41:22","guid":{"rendered":"https:\/\/medietek.com\/product\/easyrig-5-vario-destek-cubugu-easyrig-stabil-g3\/"},"modified":"2026-01-09T11:41:33","modified_gmt":"2026-01-09T11:41:33","slug":"easyrig-5-vario-destek-cubugu-easyrig-stabil-g3","status":"publish","type":"product","link":"https:\/\/medietek.com\/tr\/urun\/easyrig-5-vario-destek-cubugu-easyrig-stabil-g3\/","title":{"rendered":"Easyrig 5 Vario destek \u00e7ubu\u011fu Easyrig STABIL G3"},"content":{"rendered":"<p><b>Easyrig 5 Vario ve STABIL G3 Support Bar<\/b><span>, orta ve a\u011f\u0131r kamera sistemleri i\u00e7in profesyonel bir ta\u015f\u0131ma sistemidir (yakla\u015f\u0131k 5\u202f\u2013\u202f17\u202fkg \/ 11\u202f\u2013\u202f38\u202flbs).<\/span><br \/><b>STABIL G3 Support Bar<\/b><span>, dikey hareketleri azalt\u0131r ve \u00f6zellikle gimbal veya omuz montajl\u0131 \u00e7ekimlerde daha stabil g\u00f6r\u00fcnt\u00fc sa\u011flar.<\/span><br \/><span>Sistem, a\u011f\u0131rl\u0131\u011f\u0131 kollar, omuzlar ve boyundan kal\u00e7a ve g\u00f6vdeye aktararak daha uzun s\u00fcre yorgunluk olmadan \u00e7al\u0131\u015fmay\u0131 m\u00fcmk\u00fcn k\u0131lar.<\/span><\/p>\n","protected":false},"excerpt":{"rendered":"<p>Easyrig 5 Vario ve STABIL G3 Support Bar, orta ve a\u011f\u0131r kamera sistemleri i\u00e7in profesyonel bir ta\u015f\u0131ma sistemidir (yakla\u015f\u0131k 5\u202f\u2013\u202f17\u202fkg \/ 11\u202f\u2013\u202f38\u202flbs).STABIL G3 Support Bar, dikey hareketleri azalt\u0131r ve \u00f6zellikle gimbal veya omuz montajl\u0131 \u00e7ekimlerde daha stabil g\u00f6r\u00fcnt\u00fc sa\u011flar.Sistem, a\u011f\u0131rl\u0131\u011f\u0131 kollar, omuzlar ve boyundan kal\u00e7a ve g\u00f6vdeye aktararak daha uzun s\u00fcre yorgunluk olmadan \u00e7al\u0131\u015fmay\u0131 m\u00fcmk\u00fcn [&hellip;]<\/p>\n","protected":false},"featured_media":684,"comment_status":"open","ping_status":"closed","template":"","meta":{"_et_pb_use_builder":"","_et_pb_old_content":"","_et_gb_content_width":"","jetpack_publicize_message":"","jetpack_publicize_feature_enabled":true,"jetpack_social_post_already_shared":false,"jetpack_social_options":{"image_generator_settings":{"template":"highway","default_image_id":0,"font":"","enabled":false},"version":2}},"product_brand":[],"product_cat":[58,60],"product_tag":[],"class_list":{"0":"post-687","1":"product","2":"type-product","3":"status-publish","4":"has-post-thumbnail","6":"product_cat-easyrig","7":"product_cat-vario-5","9":"first","10":"outofstock","11":"shipping-taxable","12":"product-type-simple"},"jetpack_publicize_connections":[],"jetpack_sharing_enabled":true,"_links":{"self":[{"href":"https:\/\/medietek.com\/tr\/wp-json\/wp\/v2\/product\/687","targetHints":{"allow":["GET"]}}],"collection":[{"href":"https:\/\/medietek.com\/tr\/wp-json\/wp\/v2\/product"}],"about":[{"href":"https:\/\/medietek.com\/tr\/wp-json\/wp\/v2\/types\/product"}],"replies":[{"embeddable":true,"href":"https:\/\/medietek.com\/tr\/wp-json\/wp\/v2\/comments?post=687"}],"wp:featuredmedia":[{"embeddable":true,"href":"https:\/\/medietek.com\/tr\/wp-json\/wp\/v2\/media\/684"}],"wp:attachment":[{"href":"https:\/\/medietek.com\/tr\/wp-json\/wp\/v2\/media?parent=687"}],"wp:term":[{"taxonomy":"product_brand","embeddable":true,"href":"https:\/\/medietek.com\/tr\/wp-json\/wp\/v2\/product_brand?post=687"},{"taxonomy":"product_cat","embeddable":true,"href":"https:\/\/medietek.com\/tr\/wp-json\/wp\/v2\/product_cat?post=687"},{"taxonomy":"product_tag","embeddable":true,"href":"https:\/\/medietek.com\/tr\/wp-json\/wp\/v2\/product_tag?post=687"}],"curies":[{"name":"wp","href":"https:\/\/api.w.org\/{rel}","templated":true}]}}