{"id":692,"date":"2026-01-09T11:41:40","date_gmt":"2026-01-09T11:41:40","guid":{"rendered":"https:\/\/medietek.com\/product\/easyrig-6-vario-destek-cubugu-4-14-kg-8-8-30-8-lbs-standart-kol\/"},"modified":"2026-01-09T11:41:50","modified_gmt":"2026-01-09T11:41:50","slug":"easyrig-6-vario-destek-cubugu-4-14-kg-8-8-30-8-lbs-standart-kol","status":"publish","type":"product","link":"https:\/\/medietek.com\/tr\/urun\/easyrig-6-vario-destek-cubugu-4-14-kg-8-8-30-8-lbs-standart-kol\/","title":{"rendered":"Easyrig 6 Vario destek \u00e7ubu\u011fu 4\u201314 kg \/ 8.8\u201330.8 lbs Standart Kol"},"content":{"rendered":"<p><b>Easyrig 6 Vario ve Standart Support Arm<\/b>, orta ve a\u011f\u0131r kamera sistemleri i\u00e7in ergonomik bir ta\u015f\u0131ma sistemidir (yakla\u015f\u0131k 4\u202f\u2013\u202f14\u202fkg \/ 8,8\u202f\u2013\u202f30,8\u202flbs).<br \/>Standart kol, kameray\u0131 omuz seviyesinde veya elde \u00e7ekim pozisyonunda esnek bir \u015fekilde konumland\u0131rman\u0131za olanak tan\u0131r.<br \/>Sistem, a\u011f\u0131rl\u0131\u011f\u0131 kollar, omuzlar ve boyundan kal\u00e7a ve g\u00f6vdeye aktararak yorgunlu\u011fu azalt\u0131r ve profesyonel \u00e7ekimlerde daha uzun ve rahat \u00e7al\u0131\u015fma imkan\u0131 sa\u011flar.<\/p>\n","protected":false},"excerpt":{"rendered":"<p>Easyrig 6 Vario ve Standart Support Arm, orta ve a\u011f\u0131r kamera sistemleri i\u00e7in ergonomik bir ta\u015f\u0131ma sistemidir (yakla\u015f\u0131k 4\u202f\u2013\u202f14\u202fkg \/ 8,8\u202f\u2013\u202f30,8\u202flbs).Standart kol, kameray\u0131 omuz seviyesinde veya elde \u00e7ekim pozisyonunda esnek bir \u015fekilde konumland\u0131rman\u0131za olanak tan\u0131r.Sistem, a\u011f\u0131rl\u0131\u011f\u0131 kollar, omuzlar ve boyundan kal\u00e7a ve g\u00f6vdeye aktararak yorgunlu\u011fu azalt\u0131r ve profesyonel \u00e7ekimlerde daha uzun ve rahat \u00e7al\u0131\u015fma imkan\u0131 [&hellip;]<\/p>\n","protected":false},"featured_media":689,"comment_status":"open","ping_status":"closed","template":"","meta":{"_et_pb_use_builder":"","_et_pb_old_content":"","_et_gb_content_width":"","jetpack_publicize_message":"","jetpack_publicize_feature_enabled":true,"jetpack_social_post_already_shared":false,"jetpack_social_options":{"image_generator_settings":{"template":"highway","default_image_id":0,"font":"","enabled":false},"version":2}},"product_brand":[],"product_cat":[58,62],"product_tag":[],"class_list":{"0":"post-692","1":"product","2":"type-product","3":"status-publish","4":"has-post-thumbnail","6":"product_cat-easyrig","7":"product_cat-vario-6","9":"first","10":"outofstock","11":"shipping-taxable","12":"product-type-simple"},"jetpack_publicize_connections":[],"jetpack_sharing_enabled":true,"_links":{"self":[{"href":"https:\/\/medietek.com\/tr\/wp-json\/wp\/v2\/product\/692","targetHints":{"allow":["GET"]}}],"collection":[{"href":"https:\/\/medietek.com\/tr\/wp-json\/wp\/v2\/product"}],"about":[{"href":"https:\/\/medietek.com\/tr\/wp-json\/wp\/v2\/types\/product"}],"replies":[{"embeddable":true,"href":"https:\/\/medietek.com\/tr\/wp-json\/wp\/v2\/comments?post=692"}],"wp:featuredmedia":[{"embeddable":true,"href":"https:\/\/medietek.com\/tr\/wp-json\/wp\/v2\/media\/689"}],"wp:attachment":[{"href":"https:\/\/medietek.com\/tr\/wp-json\/wp\/v2\/media?parent=692"}],"wp:term":[{"taxonomy":"product_brand","embeddable":true,"href":"https:\/\/medietek.com\/tr\/wp-json\/wp\/v2\/product_brand?post=692"},{"taxonomy":"product_cat","embeddable":true,"href":"https:\/\/medietek.com\/tr\/wp-json\/wp\/v2\/product_cat?post=692"},{"taxonomy":"product_tag","embeddable":true,"href":"https:\/\/medietek.com\/tr\/wp-json\/wp\/v2\/product_tag?post=692"}],"curies":[{"name":"wp","href":"https:\/\/api.w.org\/{rel}","templated":true}]}}