{"id":696,"date":"2026-01-09T11:41:58","date_gmt":"2026-01-09T11:41:58","guid":{"rendered":"https:\/\/medietek.com\/product\/easyrig-6-vario-destek-cubugu-ust-kol-130-mm-5\/"},"modified":"2026-01-09T11:42:10","modified_gmt":"2026-01-09T11:42:10","slug":"easyrig-6-vario-destek-cubugu-ust-kol-130-mm-5","status":"publish","type":"product","link":"https:\/\/medietek.com\/tr\/urun\/easyrig-6-vario-destek-cubugu-ust-kol-130-mm-5\/","title":{"rendered":"Easyrig 6 Vario destek \u00e7ubu\u011fu \u00dcst Kol +130 mm (5&#8243;)"},"content":{"rendered":"<p><b>Easyrig 6 Vario ve Upper Arm +130\u202fmm (5\u201d)<\/b><span>, orta ve a\u011f\u0131r kamera sistemleri i\u00e7in ergonomik bir ta\u015f\u0131ma sistemidir (yakla\u015f\u0131k 4\u202f\u2013\u202f14\u202fkg \/ 8,8\u202f\u2013\u202f30,8\u202flbs).<\/span><br \/><b>+130\u202fmm uzat\u0131lm\u0131\u015f \u00fcst kol<\/b><span>, \u00f6zellikle omuz seviyesinde veya elde \u00e7ekimlerde daha esnek kamera konumland\u0131rma sa\u011flar.<\/span><br \/><span>Sistem, a\u011f\u0131rl\u0131\u011f\u0131 kollar, omuzlar ve boyundan kal\u00e7a ve g\u00f6vdeye aktararak yorgunlu\u011fu azalt\u0131r.<\/span><\/p>\n","protected":false},"excerpt":{"rendered":"<p>Easyrig 6 Vario ve Upper Arm +130\u202fmm (5\u201d), orta ve a\u011f\u0131r kamera sistemleri i\u00e7in ergonomik bir ta\u015f\u0131ma sistemidir (yakla\u015f\u0131k 4\u202f\u2013\u202f14\u202fkg \/ 8,8\u202f\u2013\u202f30,8\u202flbs).+130\u202fmm uzat\u0131lm\u0131\u015f \u00fcst kol, \u00f6zellikle omuz seviyesinde veya elde \u00e7ekimlerde daha esnek kamera konumland\u0131rma sa\u011flar.Sistem, a\u011f\u0131rl\u0131\u011f\u0131 kollar, omuzlar ve boyundan kal\u00e7a ve g\u00f6vdeye aktararak yorgunlu\u011fu azalt\u0131r.<\/p>\n","protected":false},"featured_media":693,"comment_status":"open","ping_status":"closed","template":"","meta":{"_et_pb_use_builder":"","_et_pb_old_content":"","_et_gb_content_width":"","jetpack_publicize_message":"","jetpack_publicize_feature_enabled":true,"jetpack_social_post_already_shared":false,"jetpack_social_options":{"image_generator_settings":{"template":"highway","default_image_id":0,"font":"","enabled":false},"version":2}},"product_brand":[],"product_cat":[58,62],"product_tag":[],"class_list":{"0":"post-696","1":"product","2":"type-product","3":"status-publish","4":"has-post-thumbnail","6":"product_cat-easyrig","7":"product_cat-vario-6","9":"first","10":"outofstock","11":"shipping-taxable","12":"product-type-simple"},"jetpack_publicize_connections":[],"jetpack_sharing_enabled":true,"_links":{"self":[{"href":"https:\/\/medietek.com\/tr\/wp-json\/wp\/v2\/product\/696","targetHints":{"allow":["GET"]}}],"collection":[{"href":"https:\/\/medietek.com\/tr\/wp-json\/wp\/v2\/product"}],"about":[{"href":"https:\/\/medietek.com\/tr\/wp-json\/wp\/v2\/types\/product"}],"replies":[{"embeddable":true,"href":"https:\/\/medietek.com\/tr\/wp-json\/wp\/v2\/comments?post=696"}],"wp:featuredmedia":[{"embeddable":true,"href":"https:\/\/medietek.com\/tr\/wp-json\/wp\/v2\/media\/693"}],"wp:attachment":[{"href":"https:\/\/medietek.com\/tr\/wp-json\/wp\/v2\/media?parent=696"}],"wp:term":[{"taxonomy":"product_brand","embeddable":true,"href":"https:\/\/medietek.com\/tr\/wp-json\/wp\/v2\/product_brand?post=696"},{"taxonomy":"product_cat","embeddable":true,"href":"https:\/\/medietek.com\/tr\/wp-json\/wp\/v2\/product_cat?post=696"},{"taxonomy":"product_tag","embeddable":true,"href":"https:\/\/medietek.com\/tr\/wp-json\/wp\/v2\/product_tag?post=696"}],"curies":[{"name":"wp","href":"https:\/\/api.w.org\/{rel}","templated":true}]}}