{"id":700,"date":"2026-01-09T11:42:18","date_gmt":"2026-01-09T11:42:18","guid":{"rendered":"https:\/\/medietek.com\/product\/easyrig-6-vario-destek-cubugu-ust-kol-230-mm-9\/"},"modified":"2026-01-09T11:42:29","modified_gmt":"2026-01-09T11:42:29","slug":"easyrig-6-vario-destek-cubugu-ust-kol-230-mm-9","status":"publish","type":"product","link":"https:\/\/medietek.com\/tr\/urun\/easyrig-6-vario-destek-cubugu-ust-kol-230-mm-9\/","title":{"rendered":"Easyrig 6 Vario destek \u00e7ubu\u011fu \u00dcst Kol +230 mm (9&#8243;)"},"content":{"rendered":"<p><b>Easyrig 6 Vario ve Upper Arm +230\u202fmm (9\u201d)<\/b>, orta ve a\u011f\u0131r kamera sistemleri i\u00e7in ergonomik bir ta\u015f\u0131ma sistemidir (yakla\u015f\u0131k 4\u202f\u2013\u202f14\u202fkg \/ 8,8\u202f\u2013\u202f30,8\u202flbs).<br \/><b>+230\u202fmm uzat\u0131lm\u0131\u015f \u00fcst kol<\/b>, kamera konumland\u0131rmada daha fazla esneklik sa\u011flar ve omuz seviyesinde veya elde \u00e7ekimleri kolayla\u015ft\u0131r\u0131r.<br \/>Sistem, a\u011f\u0131rl\u0131\u011f\u0131 kollar, omuzlar ve boyundan kal\u00e7a ve g\u00f6vdeye aktararak yorgunlu\u011fu azalt\u0131r.<\/p>\n","protected":false},"excerpt":{"rendered":"<p>Easyrig 6 Vario ve Upper Arm +230\u202fmm (9\u201d), orta ve a\u011f\u0131r kamera sistemleri i\u00e7in ergonomik bir ta\u015f\u0131ma sistemidir (yakla\u015f\u0131k 4\u202f\u2013\u202f14\u202fkg \/ 8,8\u202f\u2013\u202f30,8\u202flbs).+230\u202fmm uzat\u0131lm\u0131\u015f \u00fcst kol, kamera konumland\u0131rmada daha fazla esneklik sa\u011flar ve omuz seviyesinde veya elde \u00e7ekimleri kolayla\u015ft\u0131r\u0131r.Sistem, a\u011f\u0131rl\u0131\u011f\u0131 kollar, omuzlar ve boyundan kal\u00e7a ve g\u00f6vdeye aktararak yorgunlu\u011fu azalt\u0131r.<\/p>\n","protected":false},"featured_media":697,"comment_status":"open","ping_status":"closed","template":"","meta":{"_et_pb_use_builder":"","_et_pb_old_content":"","_et_gb_content_width":"","jetpack_publicize_message":"","jetpack_publicize_feature_enabled":true,"jetpack_social_post_already_shared":false,"jetpack_social_options":{"image_generator_settings":{"template":"highway","default_image_id":0,"font":"","enabled":false},"version":2}},"product_brand":[],"product_cat":[58,62],"product_tag":[],"class_list":{"0":"post-700","1":"product","2":"type-product","3":"status-publish","4":"has-post-thumbnail","6":"product_cat-easyrig","7":"product_cat-vario-6","9":"first","10":"outofstock","11":"shipping-taxable","12":"product-type-simple"},"jetpack_publicize_connections":[],"jetpack_sharing_enabled":true,"_links":{"self":[{"href":"https:\/\/medietek.com\/tr\/wp-json\/wp\/v2\/product\/700","targetHints":{"allow":["GET"]}}],"collection":[{"href":"https:\/\/medietek.com\/tr\/wp-json\/wp\/v2\/product"}],"about":[{"href":"https:\/\/medietek.com\/tr\/wp-json\/wp\/v2\/types\/product"}],"replies":[{"embeddable":true,"href":"https:\/\/medietek.com\/tr\/wp-json\/wp\/v2\/comments?post=700"}],"wp:featuredmedia":[{"embeddable":true,"href":"https:\/\/medietek.com\/tr\/wp-json\/wp\/v2\/media\/697"}],"wp:attachment":[{"href":"https:\/\/medietek.com\/tr\/wp-json\/wp\/v2\/media?parent=700"}],"wp:term":[{"taxonomy":"product_brand","embeddable":true,"href":"https:\/\/medietek.com\/tr\/wp-json\/wp\/v2\/product_brand?post=700"},{"taxonomy":"product_cat","embeddable":true,"href":"https:\/\/medietek.com\/tr\/wp-json\/wp\/v2\/product_cat?post=700"},{"taxonomy":"product_tag","embeddable":true,"href":"https:\/\/medietek.com\/tr\/wp-json\/wp\/v2\/product_tag?post=700"}],"curies":[{"name":"wp","href":"https:\/\/api.w.org\/{rel}","templated":true}]}}