{"id":706,"date":"2026-01-09T11:42:39","date_gmt":"2026-01-09T11:42:39","guid":{"rendered":"https:\/\/medietek.com\/product\/2026-easyrig-6-vario-destek-cubugu\/"},"modified":"2026-01-09T11:42:47","modified_gmt":"2026-01-09T11:42:47","slug":"2026-easyrig-6-vario-destek-cubugu","status":"publish","type":"product","link":"https:\/\/medietek.com\/tr\/urun\/2026-easyrig-6-vario-destek-cubugu\/","title":{"rendered":"2026 Easyrig 6 Vario destek \u00e7ubu\u011fu"},"content":{"rendered":"<p><b>2026 Easyrig 6 Vario Support Bar<\/b><span>, orta a\u011f\u0131rl\u0131ktaki kamera sistemleri (<\/span><b>yakla\u015f\u0131k 4\u202f\u2013\u202f14\u202fkg \/ 8,8\u202f\u2013\u202f30,8\u202flbs<\/b><span>) i\u00e7in tasarlanm\u0131\u015f yeni,&nbsp;<\/span><b>daha hafif bir ta\u015f\u0131ma sistemidir<\/b><span>.&nbsp;<\/span><b>STABIL G3 kolu<\/b><span>&nbsp;sayesinde dikey hareketleri azalt\u0131r ve elde veya gimbal ile yap\u0131lan \u00e7ekimlerde daha stabil g\u00f6r\u00fcnt\u00fcler elde etmeye yard\u0131mc\u0131 olur. Sistem, a\u011f\u0131rl\u0131\u011f\u0131 kollar, omuzlar ve boyundan v\u00fccuda aktararak&nbsp;<\/span><b>daha uzun ve daha rahat \u00e7ekim yapman\u0131 sa\u011flar<\/b><span>.<\/span><\/p>\n","protected":false},"excerpt":{"rendered":"<p>2026 Easyrig 6 Vario Support Bar, orta a\u011f\u0131rl\u0131ktaki kamera sistemleri (yakla\u015f\u0131k 4\u202f\u2013\u202f14\u202fkg \/ 8,8\u202f\u2013\u202f30,8\u202flbs) i\u00e7in tasarlanm\u0131\u015f yeni,&nbsp;daha hafif bir ta\u015f\u0131ma sistemidir.&nbsp;STABIL G3 kolu&nbsp;sayesinde dikey hareketleri azalt\u0131r ve elde veya gimbal ile yap\u0131lan \u00e7ekimlerde daha stabil g\u00f6r\u00fcnt\u00fcler elde etmeye yard\u0131mc\u0131 olur. Sistem, a\u011f\u0131rl\u0131\u011f\u0131 kollar, omuzlar ve boyundan v\u00fccuda aktararak&nbsp;daha uzun ve daha rahat \u00e7ekim yapman\u0131 sa\u011flar.<\/p>\n","protected":false},"featured_media":701,"comment_status":"open","ping_status":"closed","template":"","meta":{"_et_pb_use_builder":"","_et_pb_old_content":"","_et_gb_content_width":"","jetpack_publicize_message":"","jetpack_publicize_feature_enabled":true,"jetpack_social_post_already_shared":false,"jetpack_social_options":{"image_generator_settings":{"template":"highway","default_image_id":0,"font":"","enabled":false},"version":2}},"product_brand":[],"product_cat":[58,62],"product_tag":[],"class_list":{"0":"post-706","1":"product","2":"type-product","3":"status-publish","4":"has-post-thumbnail","6":"product_cat-easyrig","7":"product_cat-vario-6","9":"first","10":"outofstock","11":"shipping-taxable","12":"product-type-simple"},"jetpack_publicize_connections":[],"jetpack_sharing_enabled":true,"_links":{"self":[{"href":"https:\/\/medietek.com\/tr\/wp-json\/wp\/v2\/product\/706","targetHints":{"allow":["GET"]}}],"collection":[{"href":"https:\/\/medietek.com\/tr\/wp-json\/wp\/v2\/product"}],"about":[{"href":"https:\/\/medietek.com\/tr\/wp-json\/wp\/v2\/types\/product"}],"replies":[{"embeddable":true,"href":"https:\/\/medietek.com\/tr\/wp-json\/wp\/v2\/comments?post=706"}],"wp:featuredmedia":[{"embeddable":true,"href":"https:\/\/medietek.com\/tr\/wp-json\/wp\/v2\/media\/701"}],"wp:attachment":[{"href":"https:\/\/medietek.com\/tr\/wp-json\/wp\/v2\/media?parent=706"}],"wp:term":[{"taxonomy":"product_brand","embeddable":true,"href":"https:\/\/medietek.com\/tr\/wp-json\/wp\/v2\/product_brand?post=706"},{"taxonomy":"product_cat","embeddable":true,"href":"https:\/\/medietek.com\/tr\/wp-json\/wp\/v2\/product_cat?post=706"},{"taxonomy":"product_tag","embeddable":true,"href":"https:\/\/medietek.com\/tr\/wp-json\/wp\/v2\/product_tag?post=706"}],"curies":[{"name":"wp","href":"https:\/\/api.w.org\/{rel}","templated":true}]}}