{"id":714,"date":"2026-01-09T11:42:57","date_gmt":"2026-01-09T11:42:57","guid":{"rendered":"https:\/\/medietek.com\/product\/easyrig-minimax-stabil-light-komple-destek-cubugu\/"},"modified":"2026-01-09T11:43:07","modified_gmt":"2026-01-09T11:43:07","slug":"easyrig-minimax-stabil-light-komple-destek-cubugu","status":"publish","type":"product","link":"https:\/\/medietek.com\/tr\/urun\/easyrig-minimax-stabil-light-komple-destek-cubugu\/","title":{"rendered":"Easyrig Minimax STABIL Light komple destek \u00e7ubu\u011fu"},"content":{"rendered":"<p><b>Easyrig Minimax STABIL Light \u2013 Complete Support Bar<\/b><span>, Minimax sisteminin daha hafif ve geli\u015ftirilmi\u015f versiyonudur ve ekstra stabilizasyon sa\u011flayan&nbsp;<\/span><b>STABIL Light kol<\/b><span>&nbsp;ile birlikte gelir.&nbsp;<\/span><b>2\u20137 kg<\/b><span>&nbsp;aras\u0131ndaki kamera sistemleri i\u00e7in tasarlanm\u0131\u015ft\u0131r ve dikey hareketleri azaltarak elde ve gimbal \u00e7ekimlerinde daha sabit g\u00f6r\u00fcnt\u00fcler sunar.<\/span><br \/><span>A\u011f\u0131rl\u0131\u011f\u0131 g\u00f6vdeye aktard\u0131\u011f\u0131 i\u00e7in uzun s\u00fcreli \u00e7ekimlerde yorgunlu\u011fu azalt\u0131r; belgesel, etkinlik ve mobil prod\u00fcksiyonlar i\u00e7in idealdir.<\/span><\/p>\n","protected":false},"excerpt":{"rendered":"<p>Easyrig Minimax STABIL Light \u2013 Complete Support Bar, Minimax sisteminin daha hafif ve geli\u015ftirilmi\u015f versiyonudur ve ekstra stabilizasyon sa\u011flayan&nbsp;STABIL Light kol&nbsp;ile birlikte gelir.&nbsp;2\u20137 kg&nbsp;aras\u0131ndaki kamera sistemleri i\u00e7in tasarlanm\u0131\u015ft\u0131r ve dikey hareketleri azaltarak elde ve gimbal \u00e7ekimlerinde daha sabit g\u00f6r\u00fcnt\u00fcler sunar.A\u011f\u0131rl\u0131\u011f\u0131 g\u00f6vdeye aktard\u0131\u011f\u0131 i\u00e7in uzun s\u00fcreli \u00e7ekimlerde yorgunlu\u011fu azalt\u0131r; belgesel, etkinlik ve mobil prod\u00fcksiyonlar i\u00e7in idealdir.<\/p>\n","protected":false},"featured_media":707,"comment_status":"open","ping_status":"closed","template":"","meta":{"_et_pb_use_builder":"","_et_pb_old_content":"","_et_gb_content_width":"","jetpack_publicize_message":"","jetpack_publicize_feature_enabled":true,"jetpack_social_post_already_shared":false,"jetpack_social_options":{"image_generator_settings":{"template":"highway","default_image_id":0,"font":"","enabled":false},"version":2}},"product_brand":[],"product_cat":[58,59],"product_tag":[],"class_list":{"0":"post-714","1":"product","2":"type-product","3":"status-publish","4":"has-post-thumbnail","6":"product_cat-easyrig","7":"product_cat-minimax","9":"first","10":"outofstock","11":"shipping-taxable","12":"product-type-simple"},"jetpack_publicize_connections":[],"jetpack_sharing_enabled":true,"_links":{"self":[{"href":"https:\/\/medietek.com\/tr\/wp-json\/wp\/v2\/product\/714","targetHints":{"allow":["GET"]}}],"collection":[{"href":"https:\/\/medietek.com\/tr\/wp-json\/wp\/v2\/product"}],"about":[{"href":"https:\/\/medietek.com\/tr\/wp-json\/wp\/v2\/types\/product"}],"replies":[{"embeddable":true,"href":"https:\/\/medietek.com\/tr\/wp-json\/wp\/v2\/comments?post=714"}],"wp:featuredmedia":[{"embeddable":true,"href":"https:\/\/medietek.com\/tr\/wp-json\/wp\/v2\/media\/707"}],"wp:attachment":[{"href":"https:\/\/medietek.com\/tr\/wp-json\/wp\/v2\/media?parent=714"}],"wp:term":[{"taxonomy":"product_brand","embeddable":true,"href":"https:\/\/medietek.com\/tr\/wp-json\/wp\/v2\/product_brand?post=714"},{"taxonomy":"product_cat","embeddable":true,"href":"https:\/\/medietek.com\/tr\/wp-json\/wp\/v2\/product_cat?post=714"},{"taxonomy":"product_tag","embeddable":true,"href":"https:\/\/medietek.com\/tr\/wp-json\/wp\/v2\/product_tag?post=714"}],"curies":[{"name":"wp","href":"https:\/\/api.w.org\/{rel}","templated":true}]}}