{"id":723,"date":"2026-01-09T11:43:18","date_gmt":"2026-01-09T11:43:18","guid":{"rendered":"https:\/\/medietek.com\/product\/easyrig-stabil-g3-sonumleme-ve-katlanabilir-ust-kol-280-mm-11\/"},"modified":"2026-01-09T11:43:28","modified_gmt":"2026-01-09T11:43:28","slug":"easyrig-stabil-g3-sonumleme-ve-katlanabilir-ust-kol-280-mm-11","status":"publish","type":"product","link":"https:\/\/medietek.com\/tr\/urun\/easyrig-stabil-g3-sonumleme-ve-katlanabilir-ust-kol-280-mm-11\/","title":{"rendered":"Easyrig STABIL G3 S\u00f6n\u00fcmleme ve katlanabilir \u00fcst kol 280 mm (11&#8243;)"},"content":{"rendered":"<p><b>Easyrig STABIL G3 Upper Arm 280 mm (11&#8243;)<\/b>, dikey hareketleri azaltmak ve daha stabil kamera kullan\u0131m\u0131 sa\u011flamak i\u00e7in tasarlanm\u0131\u015f, amortis\u00f6rl\u00fc ve katlanabilir bir \u00fcst koldur.&nbsp;<b>280 mm uzat\u0131lm\u0131\u015f uzunlu\u011fu<\/b>, gimbal, elde ve omuzda kullan\u0131lan kamera sistemlerinde daha fazla eri\u015fim ve esneklik sunar.<br \/><b>Katlanabilir yap\u0131s\u0131<\/b>&nbsp;sayesinde ta\u015f\u0131nmas\u0131 kolayd\u0131r ve yeni&nbsp;<b>dampening teknolojisi<\/b>&nbsp;yukar\u0131-a\u015fa\u011f\u0131 hareketleri minimuma indirerek daha sabit g\u00f6r\u00fcnt\u00fcler sa\u011flar.<\/p>\n","protected":false},"excerpt":{"rendered":"<p>Easyrig STABIL G3 Upper Arm 280 mm (11&#8243;), dikey hareketleri azaltmak ve daha stabil kamera kullan\u0131m\u0131 sa\u011flamak i\u00e7in tasarlanm\u0131\u015f, amortis\u00f6rl\u00fc ve katlanabilir bir \u00fcst koldur.&nbsp;280 mm uzat\u0131lm\u0131\u015f uzunlu\u011fu, gimbal, elde ve omuzda kullan\u0131lan kamera sistemlerinde daha fazla eri\u015fim ve esneklik sunar.Katlanabilir yap\u0131s\u0131&nbsp;sayesinde ta\u015f\u0131nmas\u0131 kolayd\u0131r ve yeni&nbsp;dampening teknolojisi&nbsp;yukar\u0131-a\u015fa\u011f\u0131 hareketleri minimuma indirerek daha sabit g\u00f6r\u00fcnt\u00fcler sa\u011flar.<\/p>\n","protected":false},"featured_media":715,"comment_status":"open","ping_status":"closed","template":"","meta":{"_et_pb_use_builder":"","_et_pb_old_content":"","_et_gb_content_width":"","jetpack_publicize_message":"","jetpack_publicize_feature_enabled":true,"jetpack_social_post_already_shared":false,"jetpack_social_options":{"image_generator_settings":{"template":"highway","default_image_id":0,"font":"","enabled":false},"version":2}},"product_brand":[],"product_cat":[58],"product_tag":[],"class_list":{"0":"post-723","1":"product","2":"type-product","3":"status-publish","4":"has-post-thumbnail","6":"product_cat-easyrig","8":"first","9":"outofstock","10":"shipping-taxable","11":"product-type-simple"},"jetpack_publicize_connections":[],"jetpack_sharing_enabled":true,"_links":{"self":[{"href":"https:\/\/medietek.com\/tr\/wp-json\/wp\/v2\/product\/723","targetHints":{"allow":["GET"]}}],"collection":[{"href":"https:\/\/medietek.com\/tr\/wp-json\/wp\/v2\/product"}],"about":[{"href":"https:\/\/medietek.com\/tr\/wp-json\/wp\/v2\/types\/product"}],"replies":[{"embeddable":true,"href":"https:\/\/medietek.com\/tr\/wp-json\/wp\/v2\/comments?post=723"}],"wp:featuredmedia":[{"embeddable":true,"href":"https:\/\/medietek.com\/tr\/wp-json\/wp\/v2\/media\/715"}],"wp:attachment":[{"href":"https:\/\/medietek.com\/tr\/wp-json\/wp\/v2\/media?parent=723"}],"wp:term":[{"taxonomy":"product_brand","embeddable":true,"href":"https:\/\/medietek.com\/tr\/wp-json\/wp\/v2\/product_brand?post=723"},{"taxonomy":"product_cat","embeddable":true,"href":"https:\/\/medietek.com\/tr\/wp-json\/wp\/v2\/product_cat?post=723"},{"taxonomy":"product_tag","embeddable":true,"href":"https:\/\/medietek.com\/tr\/wp-json\/wp\/v2\/product_tag?post=723"}],"curies":[{"name":"wp","href":"https:\/\/api.w.org\/{rel}","templated":true}]}}