{"id":728,"date":"2026-01-09T11:43:35","date_gmt":"2026-01-09T11:43:35","guid":{"rendered":"https:\/\/medietek.com\/product\/easyrig-easytilt-25-mm-0-98-ve-30-mm-1-18-dis-cerceveli-gimballar-ile-uyumludur\/"},"modified":"2026-01-09T11:43:45","modified_gmt":"2026-01-09T11:43:45","slug":"easyrig-easytilt-25-mm-0-98-ve-30-mm-1-18-dis-cerceveli-gimballar-ile-uyumludur","status":"publish","type":"product","link":"https:\/\/medietek.com\/tr\/urun\/easyrig-easytilt-25-mm-0-98-ve-30-mm-1-18-dis-cerceveli-gimballar-ile-uyumludur\/","title":{"rendered":"Easyrig EasyTilt 25 mm \/ 0.98&#8243; ve 30 mm \/ 1.18&#8243; d\u0131\u015f \u00e7er\u00e7eveli gimballar ile uyumludur"},"content":{"rendered":"<p><b>Easyrig EasyTilt<\/b><span>, gimbal e\u011fme hareketlerini daha ak\u0131c\u0131 ve kontroll\u00fc h\u00e2le getiren kullan\u0131\u015fl\u0131 bir aksesuar\u0131d\u0131r.&nbsp;<\/span><b>25 mm (0.98&#8243;)<\/b><span>&nbsp;veya&nbsp;<\/span><b>30 mm (1.18&#8243;)<\/b><span>&nbsp;d\u0131\u015f \u00e7er\u00e7eve \u00e7ap\u0131na sahip gimbals ile uyumludur. Y\u00fcksek veya al\u00e7ak a\u00e7\u0131larda \u00e7al\u0131\u015f\u0131rken daha fazla stabilite ve esneklik isteyen kameramanlar i\u00e7in idealdir.<\/span><\/p>\n","protected":false},"excerpt":{"rendered":"<p>Easyrig EasyTilt, gimbal e\u011fme hareketlerini daha ak\u0131c\u0131 ve kontroll\u00fc h\u00e2le getiren kullan\u0131\u015fl\u0131 bir aksesuar\u0131d\u0131r.&nbsp;25 mm (0.98&#8243;)&nbsp;veya&nbsp;30 mm (1.18&#8243;)&nbsp;d\u0131\u015f \u00e7er\u00e7eve \u00e7ap\u0131na sahip gimbals ile uyumludur. Y\u00fcksek veya al\u00e7ak a\u00e7\u0131larda \u00e7al\u0131\u015f\u0131rken daha fazla stabilite ve esneklik isteyen kameramanlar i\u00e7in idealdir.<\/p>\n","protected":false},"featured_media":724,"comment_status":"open","ping_status":"closed","template":"","meta":{"_et_pb_use_builder":"","_et_pb_old_content":"","_et_gb_content_width":"","jetpack_publicize_message":"","jetpack_publicize_feature_enabled":true,"jetpack_social_post_already_shared":false,"jetpack_social_options":{"image_generator_settings":{"template":"highway","default_image_id":0,"font":"","enabled":false},"version":2}},"product_brand":[],"product_cat":[58],"product_tag":[],"class_list":{"0":"post-728","1":"product","2":"type-product","3":"status-publish","4":"has-post-thumbnail","6":"product_cat-easyrig","8":"first","9":"outofstock","10":"shipping-taxable","11":"product-type-simple"},"jetpack_publicize_connections":[],"jetpack_sharing_enabled":true,"_links":{"self":[{"href":"https:\/\/medietek.com\/tr\/wp-json\/wp\/v2\/product\/728","targetHints":{"allow":["GET"]}}],"collection":[{"href":"https:\/\/medietek.com\/tr\/wp-json\/wp\/v2\/product"}],"about":[{"href":"https:\/\/medietek.com\/tr\/wp-json\/wp\/v2\/types\/product"}],"replies":[{"embeddable":true,"href":"https:\/\/medietek.com\/tr\/wp-json\/wp\/v2\/comments?post=728"}],"wp:featuredmedia":[{"embeddable":true,"href":"https:\/\/medietek.com\/tr\/wp-json\/wp\/v2\/media\/724"}],"wp:attachment":[{"href":"https:\/\/medietek.com\/tr\/wp-json\/wp\/v2\/media?parent=728"}],"wp:term":[{"taxonomy":"product_brand","embeddable":true,"href":"https:\/\/medietek.com\/tr\/wp-json\/wp\/v2\/product_brand?post=728"},{"taxonomy":"product_cat","embeddable":true,"href":"https:\/\/medietek.com\/tr\/wp-json\/wp\/v2\/product_cat?post=728"},{"taxonomy":"product_tag","embeddable":true,"href":"https:\/\/medietek.com\/tr\/wp-json\/wp\/v2\/product_tag?post=728"}],"curies":[{"name":"wp","href":"https:\/\/api.w.org\/{rel}","templated":true}]}}