{"id":731,"date":"2026-01-09T11:43:50","date_gmt":"2026-01-09T11:43:50","guid":{"rendered":"https:\/\/medietek.com\/product\/easyrig-minimax-komple-destek-cubugu-2-7-kg-4-4-15-4-lbs\/"},"modified":"2026-01-09T11:44:01","modified_gmt":"2026-01-09T11:44:01","slug":"easyrig-minimax-komple-destek-cubugu-2-7-kg-4-4-15-4-lbs","status":"publish","type":"product","link":"https:\/\/medietek.com\/tr\/urun\/easyrig-minimax-komple-destek-cubugu-2-7-kg-4-4-15-4-lbs\/","title":{"rendered":"Easyrig Minimax komple destek \u00e7ubu\u011fu 2\u20137 kg, 4.4\u201315.4 lbs"},"content":{"rendered":"<p><b>Easyrig Minimax Complete Support Bar (2\u20137 kg \/ 4,4\u201315,4 lbs)<\/b><br \/><span>Easyrig Minimax, k\u00fc\u00e7\u00fck ve orta boy kamera sistemleri i\u00e7in tasarlanm\u0131\u015f kompakt ve hafif bir kamera ta\u015f\u0131ma sistemidir. Kamera a\u011f\u0131rl\u0131\u011f\u0131n\u0131 g\u00f6vde ve kal\u00e7alara aktararak kol, omuz ve s\u0131rt \u00fczerindeki y\u00fck\u00fc azalt\u0131r. Belgesel \u00e7ekimleri, hareketli sahneler ve uzun s\u00fcreli elde \u00e7ekimler i\u00e7in idealdir. Complete support bar, ekstra denge ve kontrol sa\u011flar.<\/span><\/p>\n","protected":false},"excerpt":{"rendered":"<p>Easyrig Minimax Complete Support Bar (2\u20137 kg \/ 4,4\u201315,4 lbs)Easyrig Minimax, k\u00fc\u00e7\u00fck ve orta boy kamera sistemleri i\u00e7in tasarlanm\u0131\u015f kompakt ve hafif bir kamera ta\u015f\u0131ma sistemidir. Kamera a\u011f\u0131rl\u0131\u011f\u0131n\u0131 g\u00f6vde ve kal\u00e7alara aktararak kol, omuz ve s\u0131rt \u00fczerindeki y\u00fck\u00fc azalt\u0131r. Belgesel \u00e7ekimleri, hareketli sahneler ve uzun s\u00fcreli elde \u00e7ekimler i\u00e7in idealdir. Complete support bar, ekstra denge [&hellip;]<\/p>\n","protected":false},"featured_media":0,"comment_status":"open","ping_status":"closed","template":"","meta":{"_et_pb_use_builder":"","_et_pb_old_content":"","_et_gb_content_width":"","jetpack_publicize_message":"","jetpack_publicize_feature_enabled":true,"jetpack_social_post_already_shared":false,"jetpack_social_options":{"image_generator_settings":{"template":"highway","default_image_id":0,"font":"","enabled":false},"version":2}},"product_brand":[],"product_cat":[58,59],"product_tag":[],"class_list":{"0":"post-731","1":"product","2":"type-product","3":"status-publish","5":"product_cat-easyrig","6":"product_cat-minimax","8":"first","9":"outofstock","10":"shipping-taxable","11":"product-type-simple"},"jetpack_publicize_connections":[],"jetpack_sharing_enabled":true,"_links":{"self":[{"href":"https:\/\/medietek.com\/tr\/wp-json\/wp\/v2\/product\/731","targetHints":{"allow":["GET"]}}],"collection":[{"href":"https:\/\/medietek.com\/tr\/wp-json\/wp\/v2\/product"}],"about":[{"href":"https:\/\/medietek.com\/tr\/wp-json\/wp\/v2\/types\/product"}],"replies":[{"embeddable":true,"href":"https:\/\/medietek.com\/tr\/wp-json\/wp\/v2\/comments?post=731"}],"wp:attachment":[{"href":"https:\/\/medietek.com\/tr\/wp-json\/wp\/v2\/media?parent=731"}],"wp:term":[{"taxonomy":"product_brand","embeddable":true,"href":"https:\/\/medietek.com\/tr\/wp-json\/wp\/v2\/product_brand?post=731"},{"taxonomy":"product_cat","embeddable":true,"href":"https:\/\/medietek.com\/tr\/wp-json\/wp\/v2\/product_cat?post=731"},{"taxonomy":"product_tag","embeddable":true,"href":"https:\/\/medietek.com\/tr\/wp-json\/wp\/v2\/product_tag?post=731"}],"curies":[{"name":"wp","href":"https:\/\/api.w.org\/{rel}","templated":true}]}}