{"id":734,"date":"2026-01-09T11:44:05","date_gmt":"2026-01-09T11:44:05","guid":{"rendered":"https:\/\/medietek.com\/product\/easyrig-boom-rig-yeni-2024-komple-destek-cubugu-2-10-kg-4-4-22-lbs\/"},"modified":"2026-01-09T11:44:14","modified_gmt":"2026-01-09T11:44:14","slug":"easyrig-boom-rig-yeni-2024-komple-destek-cubugu-2-10-kg-4-4-22-lbs","status":"publish","type":"product","link":"https:\/\/medietek.com\/tr\/urun\/easyrig-boom-rig-yeni-2024-komple-destek-cubugu-2-10-kg-4-4-22-lbs\/","title":{"rendered":"Easyrig Boom Rig YEN\u0130! 2024 komple destek \u00e7ubu\u011fu 2\u201310 kg \/ 4.4\u201322 lbs"},"content":{"rendered":"<p><b>Easyrig Boom Rig NEW! 2024 Complete Support Bar (2\u201310 kg \/ 4,4\u201322 lbs)<\/b><br \/><span>Easyrig Boom Rig 2024, orta ve a\u011f\u0131r kamera sistemleri i\u00e7in tasarlanm\u0131\u015f \u00e7ok y\u00f6nl\u00fc bir kamera ta\u015f\u0131ma sistemidir. Uzat\u0131lm\u0131\u015f boom kolu sayesinde daha geni\u015f hareket alan\u0131 ve y\u00fcksek esneklik sunar. Kamera a\u011f\u0131rl\u0131\u011f\u0131n\u0131 g\u00f6vde ve kal\u00e7alara aktararak kol, omuz ve s\u0131rt \u00fczerindeki y\u00fck\u00fc \u00f6nemli \u00f6l\u00e7\u00fcde azalt\u0131r. Dinamik \u00e7ekimler, belgeseller ve uzun s\u00fcreli elde \u00e7ekimler i\u00e7in idealdir.<\/span><\/p>\n","protected":false},"excerpt":{"rendered":"<p>Easyrig Boom Rig NEW! 2024 Complete Support Bar (2\u201310 kg \/ 4,4\u201322 lbs)Easyrig Boom Rig 2024, orta ve a\u011f\u0131r kamera sistemleri i\u00e7in tasarlanm\u0131\u015f \u00e7ok y\u00f6nl\u00fc bir kamera ta\u015f\u0131ma sistemidir. Uzat\u0131lm\u0131\u015f boom kolu sayesinde daha geni\u015f hareket alan\u0131 ve y\u00fcksek esneklik sunar. Kamera a\u011f\u0131rl\u0131\u011f\u0131n\u0131 g\u00f6vde ve kal\u00e7alara aktararak kol, omuz ve s\u0131rt \u00fczerindeki y\u00fck\u00fc \u00f6nemli \u00f6l\u00e7\u00fcde [&hellip;]<\/p>\n","protected":false},"featured_media":0,"comment_status":"open","ping_status":"closed","template":"","meta":{"_et_pb_use_builder":"","_et_pb_old_content":"","_et_gb_content_width":"","jetpack_publicize_message":"","jetpack_publicize_feature_enabled":true,"jetpack_social_post_already_shared":false,"jetpack_social_options":{"image_generator_settings":{"template":"highway","default_image_id":0,"font":"","enabled":false},"version":2}},"product_brand":[],"product_cat":[61,58],"product_tag":[],"class_list":{"0":"post-734","1":"product","2":"type-product","3":"status-publish","5":"product_cat-boom-rig","6":"product_cat-easyrig","8":"first","9":"outofstock","10":"shipping-taxable","11":"product-type-simple"},"jetpack_publicize_connections":[],"jetpack_sharing_enabled":true,"_links":{"self":[{"href":"https:\/\/medietek.com\/tr\/wp-json\/wp\/v2\/product\/734","targetHints":{"allow":["GET"]}}],"collection":[{"href":"https:\/\/medietek.com\/tr\/wp-json\/wp\/v2\/product"}],"about":[{"href":"https:\/\/medietek.com\/tr\/wp-json\/wp\/v2\/types\/product"}],"replies":[{"embeddable":true,"href":"https:\/\/medietek.com\/tr\/wp-json\/wp\/v2\/comments?post=734"}],"wp:attachment":[{"href":"https:\/\/medietek.com\/tr\/wp-json\/wp\/v2\/media?parent=734"}],"wp:term":[{"taxonomy":"product_brand","embeddable":true,"href":"https:\/\/medietek.com\/tr\/wp-json\/wp\/v2\/product_brand?post=734"},{"taxonomy":"product_cat","embeddable":true,"href":"https:\/\/medietek.com\/tr\/wp-json\/wp\/v2\/product_cat?post=734"},{"taxonomy":"product_tag","embeddable":true,"href":"https:\/\/medietek.com\/tr\/wp-json\/wp\/v2\/product_tag?post=734"}],"curies":[{"name":"wp","href":"https:\/\/api.w.org\/{rel}","templated":true}]}}