{"id":736,"date":"2026-01-09T11:44:18","date_gmt":"2026-01-09T11:44:18","guid":{"rendered":"https:\/\/medietek.com\/product\/yeni-2026-easyrig-stabil-medium-sonumlemeli-ve-katlanabilir-ust-kol-280-mm-11\/"},"modified":"2026-01-09T11:44:28","modified_gmt":"2026-01-09T11:44:28","slug":"yeni-2026-easyrig-stabil-medium-sonumlemeli-ve-katlanabilir-ust-kol-280-mm-11","status":"publish","type":"product","link":"https:\/\/medietek.com\/tr\/urun\/yeni-2026-easyrig-stabil-medium-sonumlemeli-ve-katlanabilir-ust-kol-280-mm-11\/","title":{"rendered":"YEN\u0130! 2026 Easyrig STABIL Medium S\u00f6n\u00fcmlemeli ve katlanabilir \u00fcst kol 280 mm (11&#8243;)"},"content":{"rendered":"<p><b>NEW! 2026 Easyrig STABIL Medium \u2013 S\u00f6n\u00fcmleme ve katlanabilir \u00fcst kol (280 mm \/ 11&#8243;)<\/b><br \/><span>Easyrig STABIL Medium 2026, elde \u00e7ekim s\u0131ras\u0131nda olu\u015fan hareket ve titre\u015fimleri azaltan geli\u015ftirilmi\u015f s\u00f6n\u00fcmleme sistemi sunar. 280 mm uzunlu\u011fundaki katlanabilir \u00fcst kol, daha kolay ta\u015f\u0131ma, kompakt kullan\u0131m ve y\u00fcksek esneklik sa\u011flar. Dinamik \u00e7ekimlerde daha fazla denge ve kontrol isteyen profesyonel kameramanlar i\u00e7in tasarlanm\u0131\u015ft\u0131r.<\/span><\/p>\n","protected":false},"excerpt":{"rendered":"<p>NEW! 2026 Easyrig STABIL Medium \u2013 S\u00f6n\u00fcmleme ve katlanabilir \u00fcst kol (280 mm \/ 11&#8243;)Easyrig STABIL Medium 2026, elde \u00e7ekim s\u0131ras\u0131nda olu\u015fan hareket ve titre\u015fimleri azaltan geli\u015ftirilmi\u015f s\u00f6n\u00fcmleme sistemi sunar. 280 mm uzunlu\u011fundaki katlanabilir \u00fcst kol, daha kolay ta\u015f\u0131ma, kompakt kullan\u0131m ve y\u00fcksek esneklik sa\u011flar. Dinamik \u00e7ekimlerde daha fazla denge ve kontrol isteyen profesyonel kameramanlar [&hellip;]<\/p>\n","protected":false},"featured_media":0,"comment_status":"open","ping_status":"closed","template":"","meta":{"_et_pb_use_builder":"","_et_pb_old_content":"","_et_gb_content_width":"","jetpack_publicize_message":"","jetpack_publicize_feature_enabled":true,"jetpack_social_post_already_shared":false,"jetpack_social_options":{"image_generator_settings":{"template":"highway","default_image_id":0,"font":"","enabled":false},"version":2}},"product_brand":[],"product_cat":[58],"product_tag":[],"class_list":{"0":"post-736","1":"product","2":"type-product","3":"status-publish","5":"product_cat-easyrig","7":"first","8":"outofstock","9":"shipping-taxable","10":"product-type-simple"},"jetpack_publicize_connections":[],"jetpack_sharing_enabled":true,"_links":{"self":[{"href":"https:\/\/medietek.com\/tr\/wp-json\/wp\/v2\/product\/736","targetHints":{"allow":["GET"]}}],"collection":[{"href":"https:\/\/medietek.com\/tr\/wp-json\/wp\/v2\/product"}],"about":[{"href":"https:\/\/medietek.com\/tr\/wp-json\/wp\/v2\/types\/product"}],"replies":[{"embeddable":true,"href":"https:\/\/medietek.com\/tr\/wp-json\/wp\/v2\/comments?post=736"}],"wp:attachment":[{"href":"https:\/\/medietek.com\/tr\/wp-json\/wp\/v2\/media?parent=736"}],"wp:term":[{"taxonomy":"product_brand","embeddable":true,"href":"https:\/\/medietek.com\/tr\/wp-json\/wp\/v2\/product_brand?post=736"},{"taxonomy":"product_cat","embeddable":true,"href":"https:\/\/medietek.com\/tr\/wp-json\/wp\/v2\/product_cat?post=736"},{"taxonomy":"product_tag","embeddable":true,"href":"https:\/\/medietek.com\/tr\/wp-json\/wp\/v2\/product_tag?post=736"}],"curies":[{"name":"wp","href":"https:\/\/api.w.org\/{rel}","templated":true}]}}