{"id":738,"date":"2026-01-09T11:44:33","date_gmt":"2026-01-09T11:44:33","guid":{"rendered":"https:\/\/medietek.com\/product\/easyrig-big-bag-tum-modeller-ve-ust-kollar-icin\/"},"modified":"2026-01-09T11:44:44","modified_gmt":"2026-01-09T11:44:44","slug":"easyrig-big-bag-tum-modeller-ve-ust-kollar-icin","status":"publish","type":"product","link":"https:\/\/medietek.com\/tr\/urun\/easyrig-big-bag-tum-modeller-ve-ust-kollar-icin\/","title":{"rendered":"Easyrig BIG BAG T\u00fcm modeller ve \u00fcst kollar i\u00e7in"},"content":{"rendered":"<p><b>BIG BAG \u2013 T\u00fcm modeller ve \u00fcst kollar i\u00e7in<\/b><br \/><span>BIG BAG, t\u00fcm Easyrig modelleri ve \u00fcst kollar i\u00e7in tasarlanm\u0131\u015f geni\u015f hacimli bir ta\u015f\u0131ma \u00e7antas\u0131d\u0131r. Ta\u015f\u0131ma ve depolama s\u0131ras\u0131nda ekipman\u0131 korur; dayan\u0131kl\u0131 yap\u0131s\u0131 ve geni\u015f i\u00e7 hacmi sayesinde sistemi g\u00fcvenli ve rahat bir \u015fekilde ta\u015f\u0131may\u0131 sa\u011flar.<\/span><\/p>\n","protected":false},"excerpt":{"rendered":"<p>BIG BAG \u2013 T\u00fcm modeller ve \u00fcst kollar i\u00e7inBIG BAG, t\u00fcm Easyrig modelleri ve \u00fcst kollar i\u00e7in tasarlanm\u0131\u015f geni\u015f hacimli bir ta\u015f\u0131ma \u00e7antas\u0131d\u0131r. Ta\u015f\u0131ma ve depolama s\u0131ras\u0131nda ekipman\u0131 korur; dayan\u0131kl\u0131 yap\u0131s\u0131 ve geni\u015f i\u00e7 hacmi sayesinde sistemi g\u00fcvenli ve rahat bir \u015fekilde ta\u015f\u0131may\u0131 sa\u011flar.<\/p>\n","protected":false},"featured_media":0,"comment_status":"open","ping_status":"closed","template":"","meta":{"_et_pb_use_builder":"","_et_pb_old_content":"","_et_gb_content_width":"","jetpack_publicize_message":"","jetpack_publicize_feature_enabled":true,"jetpack_social_post_already_shared":false,"jetpack_social_options":{"image_generator_settings":{"template":"highway","default_image_id":0,"font":"","enabled":false},"version":2}},"product_brand":[],"product_cat":[58],"product_tag":[],"class_list":{"0":"post-738","1":"product","2":"type-product","3":"status-publish","5":"product_cat-easyrig","7":"first","8":"outofstock","9":"shipping-taxable","10":"product-type-simple"},"jetpack_publicize_connections":[],"jetpack_sharing_enabled":true,"_links":{"self":[{"href":"https:\/\/medietek.com\/tr\/wp-json\/wp\/v2\/product\/738","targetHints":{"allow":["GET"]}}],"collection":[{"href":"https:\/\/medietek.com\/tr\/wp-json\/wp\/v2\/product"}],"about":[{"href":"https:\/\/medietek.com\/tr\/wp-json\/wp\/v2\/types\/product"}],"replies":[{"embeddable":true,"href":"https:\/\/medietek.com\/tr\/wp-json\/wp\/v2\/comments?post=738"}],"wp:attachment":[{"href":"https:\/\/medietek.com\/tr\/wp-json\/wp\/v2\/media?parent=738"}],"wp:term":[{"taxonomy":"product_brand","embeddable":true,"href":"https:\/\/medietek.com\/tr\/wp-json\/wp\/v2\/product_brand?post=738"},{"taxonomy":"product_cat","embeddable":true,"href":"https:\/\/medietek.com\/tr\/wp-json\/wp\/v2\/product_cat?post=738"},{"taxonomy":"product_tag","embeddable":true,"href":"https:\/\/medietek.com\/tr\/wp-json\/wp\/v2\/product_tag?post=738"}],"curies":[{"name":"wp","href":"https:\/\/api.w.org\/{rel}","templated":true}]}}