{"id":740,"date":"2026-01-09T11:44:48","date_gmt":"2026-01-09T11:44:48","guid":{"rendered":"https:\/\/medietek.com\/product\/ace-ii-her-tur-yelekli-rigler-icin-130-mm-5-ve-stabil-kol-ile-uyumludur\/"},"modified":"2026-01-09T11:44:58","modified_gmt":"2026-01-09T11:44:58","slug":"ace-ii-her-tur-yelekli-rigler-icin-130-mm-5-ve-stabil-kol-ile-uyumludur","status":"publish","type":"product","link":"https:\/\/medietek.com\/tr\/urun\/ace-ii-her-tur-yelekli-rigler-icin-130-mm-5-ve-stabil-kol-ile-uyumludur\/","title":{"rendered":"ACE II Her t\u00fcr yelekli rigler i\u00e7in +130 mm (5&#8243;) ve STABIL kol ile uyumludur"},"content":{"rendered":"<p><b>ACE II \u2013 +130 mm (5&#8243;)\u2019ye kadar t\u00fcm yelekler ve STABIL kol ile uyumlu<\/b><br \/><span>ACE II, STABIL kol kullan\u0131lan Easyrig sistemleri i\u00e7in geli\u015ftirilmi\u015f \u00e7ok y\u00f6nl\u00fc bir aksesuard\u0131r. +130 mm\u2019ye (5&#8243;) kadar y\u00fckseklik ayar\u0131 sunan t\u00fcm Easyrig yelekleriyle kamera sistemlerinin kullan\u0131lmas\u0131n\u0131 sa\u011flar. Profesyonel \u00e7ekimlerde daha fazla esneklik, ergonomi ve hassas kamera kontrol\u00fc i\u00e7in tasarlanm\u0131\u015ft\u0131r.<\/span><\/p>\n","protected":false},"excerpt":{"rendered":"<p>ACE II \u2013 +130 mm (5&#8243;)\u2019ye kadar t\u00fcm yelekler ve STABIL kol ile uyumluACE II, STABIL kol kullan\u0131lan Easyrig sistemleri i\u00e7in geli\u015ftirilmi\u015f \u00e7ok y\u00f6nl\u00fc bir aksesuard\u0131r. +130 mm\u2019ye (5&#8243;) kadar y\u00fckseklik ayar\u0131 sunan t\u00fcm Easyrig yelekleriyle kamera sistemlerinin kullan\u0131lmas\u0131n\u0131 sa\u011flar. Profesyonel \u00e7ekimlerde daha fazla esneklik, ergonomi ve hassas kamera kontrol\u00fc i\u00e7in tasarlanm\u0131\u015ft\u0131r.<\/p>\n","protected":false},"featured_media":0,"comment_status":"open","ping_status":"closed","template":"","meta":{"_et_pb_use_builder":"","_et_pb_old_content":"","_et_gb_content_width":"","jetpack_publicize_message":"","jetpack_publicize_feature_enabled":true,"jetpack_social_post_already_shared":false,"jetpack_social_options":{"image_generator_settings":{"template":"highway","default_image_id":0,"font":"","enabled":false},"version":2}},"product_brand":[],"product_cat":[58],"product_tag":[],"class_list":{"0":"post-740","1":"product","2":"type-product","3":"status-publish","5":"product_cat-easyrig","7":"first","8":"outofstock","9":"shipping-taxable","10":"product-type-simple"},"jetpack_publicize_connections":[],"jetpack_sharing_enabled":true,"_links":{"self":[{"href":"https:\/\/medietek.com\/tr\/wp-json\/wp\/v2\/product\/740","targetHints":{"allow":["GET"]}}],"collection":[{"href":"https:\/\/medietek.com\/tr\/wp-json\/wp\/v2\/product"}],"about":[{"href":"https:\/\/medietek.com\/tr\/wp-json\/wp\/v2\/types\/product"}],"replies":[{"embeddable":true,"href":"https:\/\/medietek.com\/tr\/wp-json\/wp\/v2\/comments?post=740"}],"wp:attachment":[{"href":"https:\/\/medietek.com\/tr\/wp-json\/wp\/v2\/media?parent=740"}],"wp:term":[{"taxonomy":"product_brand","embeddable":true,"href":"https:\/\/medietek.com\/tr\/wp-json\/wp\/v2\/product_brand?post=740"},{"taxonomy":"product_cat","embeddable":true,"href":"https:\/\/medietek.com\/tr\/wp-json\/wp\/v2\/product_cat?post=740"},{"taxonomy":"product_tag","embeddable":true,"href":"https:\/\/medietek.com\/tr\/wp-json\/wp\/v2\/product_tag?post=740"}],"curies":[{"name":"wp","href":"https:\/\/api.w.org\/{rel}","templated":true}]}}