{"id":748,"date":"2026-01-13T09:14:26","date_gmt":"2026-01-13T09:14:26","guid":{"rendered":"https:\/\/medietek.com\/product\/wisycom-mtp61-bel-tipi-verici\/"},"modified":"2026-01-13T09:14:34","modified_gmt":"2026-01-13T09:14:34","slug":"wisycom-mtp61-bel-tipi-verici","status":"publish","type":"product","link":"https:\/\/medietek.com\/tr\/urun\/wisycom-mtp61-bel-tipi-verici\/","title":{"rendered":"Wisycom MTP61 Bel Tipi Verici"},"content":{"rendered":"<ul>\n<li>\n<p>\u00c7ok bantl\u0131 MTP61 \u015fu anda piyasadaki t\u00fcm kablosuz vericiler aras\u0131nda en geni\u015f ayar aral\u0131\u011f\u0131na sahiptir (470 ila 1260 MHz)<\/p>\n<\/li>\n<li>\n<p>Parametreleri ger\u00e7ek zamanl\u0131 olarak ayarlamak i\u00e7in Wisycom BT Uygulamas\u0131 arac\u0131l\u0131\u011f\u0131yla Bluetooth ile izleme ve kontrol<\/p>\n<\/li>\n<li>\n<p>Bluetooth aray\u00fcz\u00fc ve mobil uygulama, cep telefonundan veya tabletten tam kontrol sa\u011flar<\/p>\n<\/li>\n<li>\n<p>Geli\u015fmi\u015f lineer teknoloji, daha sa\u011flam sinyal, daha uzun menzil ve intermod frekans plan\u0131na ihtiya\u00e7 duymadan birden fazla vericiyi birbirine yak\u0131n \u00e7al\u0131\u015ft\u0131rma yetene\u011fi i\u00e7in intermod\u00fclasyon bozulmas\u0131n\u0131 ortadan kald\u0131r\u0131r<\/p>\n<\/li>\n<li>\n<p>Do\u011frudan dahili 64 GB mikro SD karta kay\u0131t yapmak i\u00e7in g\u00f6m\u00fcl\u00fc kay\u0131t cihaz\u0131 ve entegre Do\u011frusal Zaman Kodu kod \u00e7\u00f6zme<\/p>\n<\/li>\n<li>\n<p>DSP tabanl\u0131 sinyal i\u015fleme, geni\u015f ve dar bantl\u0131 \u00e7al\u0131\u015fma aras\u0131nda kolay ge\u00e7i\u015f sa\u011flar<\/p>\n<\/li>\n<li>\n<p>Tamamen net bir ses i\u00e7in ENS kompander<\/p>\n<\/li>\n<li>\n<p>Lityum-iyon pil LBP61 ile g\u00fc\u00e7 sa\u011flama<\/p>\n<\/li>\n<li>\n<p>Entegre d\u00fc\u015f\u00fck ge\u00e7i\u015fli ses filtresi, odak \u00e7ekiciler gibi cihazlardan kaynaklanan ultrasonik paraziti ortadan kald\u0131r\u0131r<\/p>\n<\/li>\n<li>\n<p>\u00c7oklu k\u0131sayol kombinasyonlar\u0131 sayesinde men\u00fcye h\u0131zl\u0131ca girmek i\u00e7in \u00f6n panel d\u00fc\u011fmeleri<\/p>\n<\/li>\n<\/ul>\n","protected":false},"excerpt":{"rendered":"<p>\u00c7ok bantl\u0131 MTP61 \u015fu anda piyasadaki t\u00fcm kablosuz vericiler aras\u0131nda en geni\u015f ayar aral\u0131\u011f\u0131na sahiptir (470 ila 1260 MHz) Parametreleri ger\u00e7ek zamanl\u0131 olarak ayarlamak i\u00e7in Wisycom BT Uygulamas\u0131 arac\u0131l\u0131\u011f\u0131yla Bluetooth ile izleme ve kontrol Bluetooth aray\u00fcz\u00fc ve mobil uygulama, cep telefonundan veya tabletten tam kontrol sa\u011flar Geli\u015fmi\u015f lineer teknoloji, daha sa\u011flam sinyal, daha uzun menzil [&hellip;]<\/p>\n","protected":false},"featured_media":744,"comment_status":"open","ping_status":"closed","template":"","meta":{"_et_pb_use_builder":"","_et_pb_old_content":"","_et_gb_content_width":"","jetpack_publicize_message":"","jetpack_publicize_feature_enabled":true,"jetpack_social_post_already_shared":false,"jetpack_social_options":{"image_generator_settings":{"template":"highway","default_image_id":0,"font":"","enabled":false},"version":2}},"product_brand":[],"product_cat":[34],"product_tag":[],"class_list":{"0":"post-748","1":"product","2":"type-product","3":"status-publish","4":"has-post-thumbnail","6":"product_cat-uncategorized-tr","8":"first","9":"outofstock","10":"shipping-taxable","11":"purchasable","12":"product-type-simple"},"jetpack_publicize_connections":[],"jetpack_sharing_enabled":true,"_links":{"self":[{"href":"https:\/\/medietek.com\/tr\/wp-json\/wp\/v2\/product\/748","targetHints":{"allow":["GET"]}}],"collection":[{"href":"https:\/\/medietek.com\/tr\/wp-json\/wp\/v2\/product"}],"about":[{"href":"https:\/\/medietek.com\/tr\/wp-json\/wp\/v2\/types\/product"}],"replies":[{"embeddable":true,"href":"https:\/\/medietek.com\/tr\/wp-json\/wp\/v2\/comments?post=748"}],"wp:featuredmedia":[{"embeddable":true,"href":"https:\/\/medietek.com\/tr\/wp-json\/wp\/v2\/media\/744"}],"wp:attachment":[{"href":"https:\/\/medietek.com\/tr\/wp-json\/wp\/v2\/media?parent=748"}],"wp:term":[{"taxonomy":"product_brand","embeddable":true,"href":"https:\/\/medietek.com\/tr\/wp-json\/wp\/v2\/product_brand?post=748"},{"taxonomy":"product_cat","embeddable":true,"href":"https:\/\/medietek.com\/tr\/wp-json\/wp\/v2\/product_cat?post=748"},{"taxonomy":"product_tag","embeddable":true,"href":"https:\/\/medietek.com\/tr\/wp-json\/wp\/v2\/product_tag?post=748"}],"curies":[{"name":"wp","href":"https:\/\/api.w.org\/{rel}","templated":true}]}}