{"id":757,"date":"2026-01-13T09:52:50","date_gmt":"2026-01-13T09:52:50","guid":{"rendered":"https:\/\/medietek.com\/product\/wisycom-mtp60-bel-tipi-verici\/"},"modified":"2026-01-16T11:08:36","modified_gmt":"2026-01-16T11:08:36","slug":"wisycom-mtp60-bel-tipi-verici","status":"publish","type":"product","link":"https:\/\/medietek.com\/tr\/urun\/wisycom-mtp60-bel-tipi-verici\/","title":{"rendered":"Wisycom MTP60 Bel Tipi Verici"},"content":{"rendered":"<ul>\n<li>\n<p>\u00c7ok bantl\u0131 MTP60 \u015fu anda piyasadaki t\u00fcm kablosuz vericiler aras\u0131nda en geni\u015f ayar aral\u0131\u011f\u0131na sahiptir (470 ila 1075MHz)<\/p>\n<\/li>\n<li>\n<p>Parametreleri ger\u00e7ek zamanl\u0131 olarak ayarlamak i\u00e7in Wisycom Manager yaz\u0131l\u0131m\u0131 veya mobil cihaz uygulamalar\u0131 arac\u0131l\u0131\u011f\u0131yla Bluetooth ile izleme ve kontrol<\/p>\n<\/li>\n<li>\n<p>\u00d6zel donan\u0131m, geli\u015fmi\u015f kullan\u0131c\u0131 aray\u00fcz\u00fc ile do\u011fru ger\u00e7ek zamanl\u0131 konum izleme sa\u011flar.<\/p>\n<\/li>\n<li>\n<p>Geli\u015fmi\u015f do\u011frusal teknoloji (L20mW) daha sa\u011flam sinyal i\u00e7in intermod\u00fclasyon bozulmas\u0131n\u0131 ortadan kald\u0131r\u0131r<\/p>\n<\/li>\n<li>\n<p>Do\u011frudan MTP60 bellek kart\u0131na kay\u0131t yapmak i\u00e7in dahili kaydedici ve entegre Do\u011frusal Zaman Kodu kod \u00e7\u00f6zme<\/p>\n<\/li>\n<li>\n<p>Tescilli bir &#8220;intermod\u00fclasyon iptali&#8221; devresi sayesinde kendinden parazitlere ve anten performanslar\u0131na kar\u015f\u0131 geli\u015ftirilmi\u015f sa\u011flaml\u0131k<\/p>\n<\/li>\n<li>\n<p>Farkl\u0131 titre\u015fim modelleriyle dokunsal geri bildirim veren entegre bir dokunsal motor<\/p>\n<\/li>\n<li>\n<p>FPGA tabanl\u0131 sinyal i\u015fleme, geni\u015f ve dar bant \u00e7al\u0131\u015fmas\u0131 aras\u0131nda kolay ge\u00e7i\u015f sa\u011flar<\/p>\n<\/li>\n<li>\n<p>Geni\u015fletilmi\u015f g\u00fcvenilirlik i\u00e7in esnek PCB&#8217;li (konekt\u00f6rs\u00fcz) minyat\u00fcr tasar\u0131m<\/p>\n<\/li>\n<li>\n<p>Tamamen net bir ses i\u00e7in yeni ENS kompander<\/p>\n<\/li>\n<li>\n<p>2 x AA pil (Alkalin, NiMh, Lityum) veya MPRLBP lityum pil (5,55 Wh) ile g\u00fc\u00e7 sa\u011flama<\/p>\n<\/li>\n<li>\n<p>Bluetooth aray\u00fcz\u00fc ve mobil uygulama, cep telefonundan veya tabletten tam kontrol sa\u011flar<\/p>\n<\/li>\n<li>\n<p>Entegre d\u00fc\u015f\u00fck ge\u00e7i\u015fli ses filtresi, odak \u00e7ekiciler gibi cihazlardan kaynaklanan ultrasonik paraziti ortadan kald\u0131r\u0131r<\/p>\n<\/li>\n<li>\n<p>Bluetooth 5 Uzun Menzilli (S\u0131n\u0131f 1, 100mW) MRK16 ile k\u00f6pr\u00fc olarak MTP60&#8217;\u0131n y\u00fczlerce metreden uzaktan kontrol edilmesini sa\u011flar<\/p>\n<\/li>\n<li>\n<p>\u00c7oklu k\u0131sayol kombinasyonlar\u0131 sayesinde men\u00fcye h\u0131zl\u0131ca girmek i\u00e7in \u00f6n panel d\u00fc\u011fmeleri<\/p>\n<\/li>\n<li>\n<p>Mikserlere ve enstr\u00fcmanlara do\u011frudan ba\u011flanmak i\u00e7in maksimum giri\u015f seviyesi 26dBu (15,5 V k\u0131rpma)<\/p>\n<\/li>\n<li>\n<p>PHA60 aksesuar\u0131 arac\u0131l\u0131\u011f\u0131yla kablolu mikrofon kullanmak i\u00e7in 48V fantom g\u00fc\u00e7<\/p>\n<\/li>\n<\/ul>\n","protected":false},"excerpt":{"rendered":"<p>\u00c7ok bantl\u0131 MTP60 \u015fu anda piyasadaki t\u00fcm kablosuz vericiler aras\u0131nda en geni\u015f ayar aral\u0131\u011f\u0131na sahiptir (470 ila 1075MHz) Parametreleri ger\u00e7ek zamanl\u0131 olarak ayarlamak i\u00e7in Wisycom Manager yaz\u0131l\u0131m\u0131 veya mobil cihaz uygulamalar\u0131 arac\u0131l\u0131\u011f\u0131yla Bluetooth ile izleme ve kontrol \u00d6zel donan\u0131m, geli\u015fmi\u015f kullan\u0131c\u0131 aray\u00fcz\u00fc ile do\u011fru ger\u00e7ek zamanl\u0131 konum izleme sa\u011flar. Geli\u015fmi\u015f do\u011frusal teknoloji (L20mW) daha sa\u011flam [&hellip;]<\/p>\n","protected":false},"featured_media":751,"comment_status":"open","ping_status":"closed","template":"","meta":{"_et_pb_use_builder":"","_et_pb_old_content":"","_et_gb_content_width":"","jetpack_publicize_message":"","jetpack_publicize_feature_enabled":true,"jetpack_social_post_already_shared":false,"jetpack_social_options":{"image_generator_settings":{"template":"highway","default_image_id":0,"font":"","enabled":false},"version":2}},"product_brand":[],"product_cat":[118,117],"product_tag":[],"class_list":{"0":"post-757","1":"product","2":"type-product","3":"status-publish","4":"has-post-thumbnail","6":"product_cat-kablosuz-mikrofon-sistemleri","7":"product_cat-wisycom","9":"first","10":"outofstock","11":"shipping-taxable","12":"purchasable","13":"product-type-simple"},"jetpack_publicize_connections":[],"jetpack_sharing_enabled":true,"_links":{"self":[{"href":"https:\/\/medietek.com\/tr\/wp-json\/wp\/v2\/product\/757","targetHints":{"allow":["GET"]}}],"collection":[{"href":"https:\/\/medietek.com\/tr\/wp-json\/wp\/v2\/product"}],"about":[{"href":"https:\/\/medietek.com\/tr\/wp-json\/wp\/v2\/types\/product"}],"replies":[{"embeddable":true,"href":"https:\/\/medietek.com\/tr\/wp-json\/wp\/v2\/comments?post=757"}],"wp:featuredmedia":[{"embeddable":true,"href":"https:\/\/medietek.com\/tr\/wp-json\/wp\/v2\/media\/751"}],"wp:attachment":[{"href":"https:\/\/medietek.com\/tr\/wp-json\/wp\/v2\/media?parent=757"}],"wp:term":[{"taxonomy":"product_brand","embeddable":true,"href":"https:\/\/medietek.com\/tr\/wp-json\/wp\/v2\/product_brand?post=757"},{"taxonomy":"product_cat","embeddable":true,"href":"https:\/\/medietek.com\/tr\/wp-json\/wp\/v2\/product_cat?post=757"},{"taxonomy":"product_tag","embeddable":true,"href":"https:\/\/medietek.com\/tr\/wp-json\/wp\/v2\/product_tag?post=757"}],"curies":[{"name":"wp","href":"https:\/\/api.w.org\/{rel}","templated":true}]}}