{"id":760,"date":"2026-01-13T10:02:07","date_gmt":"2026-01-13T10:02:07","guid":{"rendered":"https:\/\/medietek.com\/product\/wisycom-adfa-genis-bant-cok-yonlu-aktif-anten\/"},"modified":"2026-01-16T11:25:50","modified_gmt":"2026-01-16T11:25:50","slug":"wisycom-adfa-genis-bant-cok-yonlu-aktif-anten","status":"publish","type":"product","link":"https:\/\/medietek.com\/tr\/urun\/wisycom-adfa-genis-bant-cok-yonlu-aktif-anten\/","title":{"rendered":"Wisycom ADFA Geni\u015f Bant \u00c7ok Y\u00f6nl\u00fc Aktif Anten"},"content":{"rendered":"<ul>\n<li>\n<p>B\u00fcy\u00fck al\u0131m band\u0131: 430-1160 MHz<\/p>\n<\/li>\n<li>\n<p>Koaksiyel kablo arac\u0131l\u0131\u011f\u0131yla uzaktan kontrol edilebilir (MAT244\/MAT288\/SPL2208\/SPL2216 ile)<\/p>\n<\/li>\n<li>\n<p>RF kazanc\u0131 -12 ila +27 dBu (1 dB ad\u0131m)<\/p>\n<\/li>\n<li>\n<p>TFT ekran \u00fczerinden kolay yap\u0131land\u0131rma<\/p>\n<\/li>\n<li>\n<p>Parazit kontrol\u00fc i\u00e7in ayarlanabilir filtre<\/p>\n<\/li>\n<li>\n<p>RF b\u00f6lgesini devre d\u0131\u015f\u0131 b\u0131rakmak i\u00e7in anten kapal\u0131<\/p>\n<\/li>\n<li>\n<p>Sabit \u015ferit filtresi<\/p>\n<\/li>\n<li>\n<p>3 Y\u00fcksek Ge\u00e7i\u015f ve 3 D\u00fc\u015f\u00fck Ge\u00e7i\u015f filtresi<\/p>\n<\/li>\n<li>\n<p>Conta s\u0131zd\u0131rmazl\u0131\u011f\u0131 ile su ge\u00e7irmez<\/p>\n<\/li>\n<\/ul>\n","protected":false},"excerpt":{"rendered":"<p>B\u00fcy\u00fck al\u0131m band\u0131: 430-1160 MHz Koaksiyel kablo arac\u0131l\u0131\u011f\u0131yla uzaktan kontrol edilebilir (MAT244\/MAT288\/SPL2208\/SPL2216 ile) RF kazanc\u0131 -12 ila +27 dBu (1 dB ad\u0131m) TFT ekran \u00fczerinden kolay yap\u0131land\u0131rma Parazit kontrol\u00fc i\u00e7in ayarlanabilir filtre RF b\u00f6lgesini devre d\u0131\u015f\u0131 b\u0131rakmak i\u00e7in anten kapal\u0131 Sabit \u015ferit filtresi 3 Y\u00fcksek Ge\u00e7i\u015f ve 3 D\u00fc\u015f\u00fck Ge\u00e7i\u015f filtresi Conta s\u0131zd\u0131rmazl\u0131\u011f\u0131 ile su [&hellip;]<\/p>\n","protected":false},"featured_media":758,"comment_status":"open","ping_status":"closed","template":"","meta":{"_et_pb_use_builder":"","_et_pb_old_content":"","_et_gb_content_width":"","jetpack_publicize_message":"","jetpack_publicize_feature_enabled":true,"jetpack_social_post_already_shared":false,"jetpack_social_options":{"image_generator_settings":{"template":"highway","default_image_id":0,"font":"","enabled":false},"version":2}},"product_brand":[],"product_cat":[117],"product_tag":[],"class_list":{"0":"post-760","1":"product","2":"type-product","3":"status-publish","4":"has-post-thumbnail","6":"product_cat-wisycom","8":"first","9":"outofstock","10":"shipping-taxable","11":"purchasable","12":"product-type-simple"},"jetpack_publicize_connections":[],"jetpack_sharing_enabled":true,"_links":{"self":[{"href":"https:\/\/medietek.com\/tr\/wp-json\/wp\/v2\/product\/760","targetHints":{"allow":["GET"]}}],"collection":[{"href":"https:\/\/medietek.com\/tr\/wp-json\/wp\/v2\/product"}],"about":[{"href":"https:\/\/medietek.com\/tr\/wp-json\/wp\/v2\/types\/product"}],"replies":[{"embeddable":true,"href":"https:\/\/medietek.com\/tr\/wp-json\/wp\/v2\/comments?post=760"}],"wp:featuredmedia":[{"embeddable":true,"href":"https:\/\/medietek.com\/tr\/wp-json\/wp\/v2\/media\/758"}],"wp:attachment":[{"href":"https:\/\/medietek.com\/tr\/wp-json\/wp\/v2\/media?parent=760"}],"wp:term":[{"taxonomy":"product_brand","embeddable":true,"href":"https:\/\/medietek.com\/tr\/wp-json\/wp\/v2\/product_brand?post=760"},{"taxonomy":"product_cat","embeddable":true,"href":"https:\/\/medietek.com\/tr\/wp-json\/wp\/v2\/product_cat?post=760"},{"taxonomy":"product_tag","embeddable":true,"href":"https:\/\/medietek.com\/tr\/wp-json\/wp\/v2\/product_tag?post=760"}],"curies":[{"name":"wp","href":"https:\/\/api.w.org\/{rel}","templated":true}]}}