{"id":770,"date":"2026-01-13T10:28:15","date_gmt":"2026-01-13T10:28:15","guid":{"rendered":"https:\/\/medietek.com\/product\/wisycom-mrk16-16-kanal-uitra-wideband-kablosuz-sistem\/"},"modified":"2026-01-16T14:08:14","modified_gmt":"2026-01-16T14:08:14","slug":"wisycom-mrk16-16-kanal-uitra-wideband-kablosuz-sistem","status":"publish","type":"product","link":"https:\/\/medietek.com\/tr\/urun\/wisycom-mrk16-16-kanal-uitra-wideband-kablosuz-sistem\/","title":{"rendered":"Wisycom MRK16 16 Kanal UItra-Wideband Kablosuz Sistem"},"content":{"rendered":"<ul>\n<li>\n<p>Kompakt 19&#8243; 1U rafta 16 adede kadar ger\u00e7ek \u00e7e\u015fitlilik kanal\u0131 (4x MCR54)<\/p>\n<\/li>\n<li>\n<p>Otomatik olarak se\u00e7ilen 10 bant ge\u00e7iren filtre ile donat\u0131lm\u0131\u015f 470 ila 1260 MHz aras\u0131nda ultra geni\u015f bant al\u0131c\u0131 sistemi<\/p>\n<\/li>\n<li>\n<p>Mesafe s\u0131n\u0131r\u0131 olmadan sinyal al\u0131m\u0131 i\u00e7in Fiber \u00dczerinden RF! \u0130ste\u011fe ba\u011fl\u0131 fiber mod\u00fcl EXP3, koaksiyel kablonun ve kilometrelerce uzaktaki antenlerin de\u011fi\u015ftirilmesine olanak tan\u0131r<\/p>\n<\/li>\n<li>\n<p>\u00c7oklu ses \u00e7\u0131k\u0131\u015flar\u0131:<\/p>\n<\/li>\n<\/ul>\n<p>-Dijital (AES72&amp;AES59)<\/p>\n<p>-Dante&nbsp;<\/p>\n<p>-Analog (2xDB25 Tascam kablolama)<\/p>\n<ul>\n<li>\n<p>\u00c7ift Alan Matrisi 2 \u00e7e\u015fitlilik b\u00f6lgesini se\u00e7mek ve birle\u015ftirmek i\u00e7in. Anten g\u00fc\u00e7lendirici ve Wisycom LFA\/ADFA\/BFA&#8217;n\u0131n uzaktan kumandas\u0131.<\/p>\n<\/li>\n<li>\n<p>Bluetooth 5 Uzun Menzil: Wisycom cihazlar\u0131n\u0131 y\u00fczlerce metre menzil i\u00e7inde ba\u011flamak i\u00e7in S\u0131n\u0131f 1 (100mW) uzaktan kumanda.<\/p>\n<\/li>\n<\/ul>\n<p>Sadece 4U&#8217;da 64 kanal i\u00e7in 4 rafa kadar papatya zinciri<\/p>\n<ul>\n<li>\n<p>5 portlu y\u00f6netilebilir Gigabit Ethernet anahtar\u0131 (ETH5, fiber veri i\u00e7in dahili bir SFP mod\u00fcl\u00fcne ba\u011fl\u0131d\u0131r)<\/p>\n<\/li>\n<li>\n<p>XLR \u00fczerinde yedek (\u00e7ift) g\u00fc\u00e7 kayna\u011f\u0131<\/p>\n<\/li>\n<li>\n<p>\u00c7ift Ethernet \u00dczerinden G\u00fc\u00e7 giri\u015fi ve PoE \u00e7\u0131k\u0131\u015f\u0131 (PE1 iste\u011fe ba\u011fl\u0131)<\/p>\n<\/li>\n<li>\n<p>G\u00fc\u00e7 sa\u011flayan USB-C ba\u011flant\u0131s\u0131 (1,5A)<\/p>\n<\/li>\n<\/ul>\n","protected":false},"excerpt":{"rendered":"<p>Kompakt 19&#8243; 1U rafta 16 adede kadar ger\u00e7ek \u00e7e\u015fitlilik kanal\u0131 (4x MCR54) Otomatik olarak se\u00e7ilen 10 bant ge\u00e7iren filtre ile donat\u0131lm\u0131\u015f 470 ila 1260 MHz aras\u0131nda ultra geni\u015f bant al\u0131c\u0131 sistemi Mesafe s\u0131n\u0131r\u0131 olmadan sinyal al\u0131m\u0131 i\u00e7in Fiber \u00dczerinden RF! \u0130ste\u011fe ba\u011fl\u0131 fiber mod\u00fcl EXP3, koaksiyel kablonun ve kilometrelerce uzaktaki antenlerin de\u011fi\u015ftirilmesine olanak tan\u0131r \u00c7oklu [&hellip;]<\/p>\n","protected":false},"featured_media":763,"comment_status":"open","ping_status":"closed","template":"","meta":{"_et_pb_use_builder":"","_et_pb_old_content":"","_et_gb_content_width":"","jetpack_publicize_message":"","jetpack_publicize_feature_enabled":true,"jetpack_social_post_already_shared":false,"jetpack_social_options":{"image_generator_settings":{"template":"highway","default_image_id":0,"font":"","enabled":false},"version":2}},"product_brand":[],"product_cat":[117],"product_tag":[],"class_list":{"0":"post-770","1":"product","2":"type-product","3":"status-publish","4":"has-post-thumbnail","6":"product_cat-wisycom","8":"first","9":"outofstock","10":"shipping-taxable","11":"purchasable","12":"product-type-simple"},"jetpack_publicize_connections":[],"jetpack_sharing_enabled":true,"_links":{"self":[{"href":"https:\/\/medietek.com\/tr\/wp-json\/wp\/v2\/product\/770","targetHints":{"allow":["GET"]}}],"collection":[{"href":"https:\/\/medietek.com\/tr\/wp-json\/wp\/v2\/product"}],"about":[{"href":"https:\/\/medietek.com\/tr\/wp-json\/wp\/v2\/types\/product"}],"replies":[{"embeddable":true,"href":"https:\/\/medietek.com\/tr\/wp-json\/wp\/v2\/comments?post=770"}],"wp:featuredmedia":[{"embeddable":true,"href":"https:\/\/medietek.com\/tr\/wp-json\/wp\/v2\/media\/763"}],"wp:attachment":[{"href":"https:\/\/medietek.com\/tr\/wp-json\/wp\/v2\/media?parent=770"}],"wp:term":[{"taxonomy":"product_brand","embeddable":true,"href":"https:\/\/medietek.com\/tr\/wp-json\/wp\/v2\/product_brand?post=770"},{"taxonomy":"product_cat","embeddable":true,"href":"https:\/\/medietek.com\/tr\/wp-json\/wp\/v2\/product_cat?post=770"},{"taxonomy":"product_tag","embeddable":true,"href":"https:\/\/medietek.com\/tr\/wp-json\/wp\/v2\/product_tag?post=770"}],"curies":[{"name":"wp","href":"https:\/\/api.w.org\/{rel}","templated":true}]}}