{"id":775,"date":"2026-01-13T10:32:35","date_gmt":"2026-01-13T10:32:35","guid":{"rendered":"https:\/\/medietek.com\/product\/wisycom-lbn2-genis-band-anten\/"},"modified":"2026-01-13T10:32:40","modified_gmt":"2026-01-13T10:32:40","slug":"wisycom-lbn2-genis-band-anten","status":"publish","type":"product","link":"https:\/\/medietek.com\/tr\/urun\/wisycom-lbn2-genis-band-anten\/","title":{"rendered":"Wisycom LBN2 Geni\u015f Band Anten"},"content":{"rendered":"<ul>\n<li>\n<p>Minimum R\u00fczgar Y\u00fcklemesi i\u00e7in \u0130skelet Tasar\u0131m\u0131<\/p>\n<\/li>\n<li>\n<p>Minimum boyutla maksimum y\u00f6nl\u00fcl\u00fck i\u00e7in b\u00fckme elemanlar\u0131 (6 dBi kazan\u00e7)<\/p>\n<\/li>\n<li>\n<p>Gelece\u011fe d\u00f6n\u00fck b\u00fcy\u00fck al\u0131m bant geni\u015fli\u011fi 420-1300 GHz<\/p>\n<\/li>\n<li>\n<p>\u0130nce e\u011fim ayarl\u0131 sa\u011flam metal destek<\/p>\n<\/li>\n<li>\n<p>Tam metal destek ve montaj taban\u0131 (1\/4\u2033 &amp; 3\/8\u2033)<\/p>\n<\/li>\n<li>\n<p>Dokulu Hava Ko\u015fullar\u0131na Dayan\u0131kl\u0131 Kaplama<\/p>\n<\/li>\n<li>\n<p>Conta s\u0131zd\u0131rmazl\u0131\u011f\u0131 ile su ge\u00e7irmez<\/p>\n<\/li>\n<li>\n<p>BNC veya N konekt\u00f6r mevcuttur<\/p>\n<\/li>\n<\/ul>\n","protected":false},"excerpt":{"rendered":"<p>Minimum R\u00fczgar Y\u00fcklemesi i\u00e7in \u0130skelet Tasar\u0131m\u0131 Minimum boyutla maksimum y\u00f6nl\u00fcl\u00fck i\u00e7in b\u00fckme elemanlar\u0131 (6 dBi kazan\u00e7) Gelece\u011fe d\u00f6n\u00fck b\u00fcy\u00fck al\u0131m bant geni\u015fli\u011fi 420-1300 GHz \u0130nce e\u011fim ayarl\u0131 sa\u011flam metal destek Tam metal destek ve montaj taban\u0131 (1\/4\u2033 &amp; 3\/8\u2033) Dokulu Hava Ko\u015fullar\u0131na Dayan\u0131kl\u0131 Kaplama Conta s\u0131zd\u0131rmazl\u0131\u011f\u0131 ile su ge\u00e7irmez BNC veya N konekt\u00f6r mevcuttur<\/p>\n","protected":false},"featured_media":771,"comment_status":"open","ping_status":"closed","template":"","meta":{"_et_pb_use_builder":"","_et_pb_old_content":"","_et_gb_content_width":"","jetpack_publicize_message":"","jetpack_publicize_feature_enabled":true,"jetpack_social_post_already_shared":false,"jetpack_social_options":{"image_generator_settings":{"template":"highway","default_image_id":0,"font":"","enabled":false},"version":2}},"product_brand":[],"product_cat":[34],"product_tag":[],"class_list":{"0":"post-775","1":"product","2":"type-product","3":"status-publish","4":"has-post-thumbnail","6":"product_cat-uncategorized-tr","8":"first","9":"outofstock","10":"shipping-taxable","11":"purchasable","12":"product-type-simple"},"jetpack_publicize_connections":[],"jetpack_sharing_enabled":true,"_links":{"self":[{"href":"https:\/\/medietek.com\/tr\/wp-json\/wp\/v2\/product\/775","targetHints":{"allow":["GET"]}}],"collection":[{"href":"https:\/\/medietek.com\/tr\/wp-json\/wp\/v2\/product"}],"about":[{"href":"https:\/\/medietek.com\/tr\/wp-json\/wp\/v2\/types\/product"}],"replies":[{"embeddable":true,"href":"https:\/\/medietek.com\/tr\/wp-json\/wp\/v2\/comments?post=775"}],"wp:featuredmedia":[{"embeddable":true,"href":"https:\/\/medietek.com\/tr\/wp-json\/wp\/v2\/media\/771"}],"wp:attachment":[{"href":"https:\/\/medietek.com\/tr\/wp-json\/wp\/v2\/media?parent=775"}],"wp:term":[{"taxonomy":"product_brand","embeddable":true,"href":"https:\/\/medietek.com\/tr\/wp-json\/wp\/v2\/product_brand?post=775"},{"taxonomy":"product_cat","embeddable":true,"href":"https:\/\/medietek.com\/tr\/wp-json\/wp\/v2\/product_cat?post=775"},{"taxonomy":"product_tag","embeddable":true,"href":"https:\/\/medietek.com\/tr\/wp-json\/wp\/v2\/product_tag?post=775"}],"curies":[{"name":"wp","href":"https:\/\/api.w.org\/{rel}","templated":true}]}}