{"id":778,"date":"2026-01-13T10:37:38","date_gmt":"2026-01-13T10:37:38","guid":{"rendered":"https:\/\/medietek.com\/product\/wisycom-adb2-wideband-omnidirectional-antenna\/"},"modified":"2026-01-13T10:37:43","modified_gmt":"2026-01-13T10:37:43","slug":"wisycom-adb2-wideband-omnidirectional-antenna","status":"publish","type":"product","link":"https:\/\/medietek.com\/tr\/urun\/wisycom-adb2-wideband-omnidirectional-antenna\/","title":{"rendered":"Wisycom ADB2 Wideband Omnidirectional Antenna"},"content":{"rendered":"<ul>\n<li>\n<p>&nbsp;430-1160 MHz \u00e7al\u0131\u015fma bant geni\u015fli\u011fi<\/p>\n<\/li>\n<li>\n<p>Sa\u011flam metal g\u00f6vde yap\u0131s\u0131 ve kablo ba\u011flant\u0131lar\u0131nda epoksi koruma<\/p>\n<\/li>\n<li>\n<p>Optimize edilmi\u015f 3,2 dB kazan\u00e7<\/p>\n<\/li>\n<\/ul>\n","protected":false},"excerpt":{"rendered":"<p>&nbsp;430-1160 MHz \u00e7al\u0131\u015fma bant geni\u015fli\u011fi Sa\u011flam metal g\u00f6vde yap\u0131s\u0131 ve kablo ba\u011flant\u0131lar\u0131nda epoksi koruma Optimize edilmi\u015f 3,2 dB kazan\u00e7<\/p>\n","protected":false},"featured_media":776,"comment_status":"open","ping_status":"closed","template":"","meta":{"_et_pb_use_builder":"","_et_pb_old_content":"","_et_gb_content_width":"","jetpack_publicize_message":"","jetpack_publicize_feature_enabled":true,"jetpack_social_post_already_shared":false,"jetpack_social_options":{"image_generator_settings":{"template":"highway","default_image_id":0,"font":"","enabled":false},"version":2}},"product_brand":[],"product_cat":[34],"product_tag":[],"class_list":{"0":"post-778","1":"product","2":"type-product","3":"status-publish","4":"has-post-thumbnail","6":"product_cat-uncategorized-tr","8":"first","9":"outofstock","10":"shipping-taxable","11":"purchasable","12":"product-type-simple"},"jetpack_publicize_connections":[],"jetpack_sharing_enabled":true,"_links":{"self":[{"href":"https:\/\/medietek.com\/tr\/wp-json\/wp\/v2\/product\/778","targetHints":{"allow":["GET"]}}],"collection":[{"href":"https:\/\/medietek.com\/tr\/wp-json\/wp\/v2\/product"}],"about":[{"href":"https:\/\/medietek.com\/tr\/wp-json\/wp\/v2\/types\/product"}],"replies":[{"embeddable":true,"href":"https:\/\/medietek.com\/tr\/wp-json\/wp\/v2\/comments?post=778"}],"wp:featuredmedia":[{"embeddable":true,"href":"https:\/\/medietek.com\/tr\/wp-json\/wp\/v2\/media\/776"}],"wp:attachment":[{"href":"https:\/\/medietek.com\/tr\/wp-json\/wp\/v2\/media?parent=778"}],"wp:term":[{"taxonomy":"product_brand","embeddable":true,"href":"https:\/\/medietek.com\/tr\/wp-json\/wp\/v2\/product_brand?post=778"},{"taxonomy":"product_cat","embeddable":true,"href":"https:\/\/medietek.com\/tr\/wp-json\/wp\/v2\/product_cat?post=778"},{"taxonomy":"product_tag","embeddable":true,"href":"https:\/\/medietek.com\/tr\/wp-json\/wp\/v2\/product_tag?post=778"}],"curies":[{"name":"wp","href":"https:\/\/api.w.org\/{rel}","templated":true}]}}