{"id":783,"date":"2026-01-13T10:42:55","date_gmt":"2026-01-13T10:42:55","guid":{"rendered":"https:\/\/medietek.com\/product\/wisycom-pha60-48v-fantom-adaptor\/"},"modified":"2026-01-13T10:43:00","modified_gmt":"2026-01-13T10:43:00","slug":"wisycom-pha60-48v-fantom-adaptor","status":"publish","type":"product","link":"https:\/\/medietek.com\/tr\/urun\/wisycom-pha60-48v-fantom-adaptor\/","title":{"rendered":"Wisycom PHA60 48V Fantom Adapt\u00f6r"},"content":{"rendered":"<p>Kolay boompole ba\u011flant\u0131s\u0131 i\u00e7in ke\u00e7e kancal\u0131 48V Fantom adapt\u00f6r.<\/p>\n<p>Konekt\u00f6rler:<\/p>\n<ul>\n<li>\n<p>mini XLR-5M (TX&#8217;e)<\/p>\n<\/li>\n<li>\n<p>mini XLR-3M (MIC&#8217;e)<\/p>\n<\/li>\n<\/ul>\n<p>&nbsp;<\/p>\n<p>&nbsp; &nbsp;\u00d6nemli Not: Kablo hari\u00e7tir.<\/p>\n","protected":false},"excerpt":{"rendered":"<p>Kolay boompole ba\u011flant\u0131s\u0131 i\u00e7in ke\u00e7e kancal\u0131 48V Fantom adapt\u00f6r. Konekt\u00f6rler: mini XLR-5M (TX&#8217;e) mini XLR-3M (MIC&#8217;e) &nbsp; &nbsp; &nbsp;\u00d6nemli Not: Kablo hari\u00e7tir.<\/p>\n","protected":false},"featured_media":779,"comment_status":"open","ping_status":"closed","template":"","meta":{"_et_pb_use_builder":"","_et_pb_old_content":"","_et_gb_content_width":"","jetpack_publicize_message":"","jetpack_publicize_feature_enabled":true,"jetpack_social_post_already_shared":false,"jetpack_social_options":{"image_generator_settings":{"template":"highway","default_image_id":0,"font":"","enabled":false},"version":2}},"product_brand":[],"product_cat":[34],"product_tag":[],"class_list":{"0":"post-783","1":"product","2":"type-product","3":"status-publish","4":"has-post-thumbnail","6":"product_cat-uncategorized-tr","8":"first","9":"outofstock","10":"shipping-taxable","11":"purchasable","12":"product-type-simple"},"jetpack_publicize_connections":[],"jetpack_sharing_enabled":true,"_links":{"self":[{"href":"https:\/\/medietek.com\/tr\/wp-json\/wp\/v2\/product\/783","targetHints":{"allow":["GET"]}}],"collection":[{"href":"https:\/\/medietek.com\/tr\/wp-json\/wp\/v2\/product"}],"about":[{"href":"https:\/\/medietek.com\/tr\/wp-json\/wp\/v2\/types\/product"}],"replies":[{"embeddable":true,"href":"https:\/\/medietek.com\/tr\/wp-json\/wp\/v2\/comments?post=783"}],"wp:featuredmedia":[{"embeddable":true,"href":"https:\/\/medietek.com\/tr\/wp-json\/wp\/v2\/media\/779"}],"wp:attachment":[{"href":"https:\/\/medietek.com\/tr\/wp-json\/wp\/v2\/media?parent=783"}],"wp:term":[{"taxonomy":"product_brand","embeddable":true,"href":"https:\/\/medietek.com\/tr\/wp-json\/wp\/v2\/product_brand?post=783"},{"taxonomy":"product_cat","embeddable":true,"href":"https:\/\/medietek.com\/tr\/wp-json\/wp\/v2\/product_cat?post=783"},{"taxonomy":"product_tag","embeddable":true,"href":"https:\/\/medietek.com\/tr\/wp-json\/wp\/v2\/product_tag?post=783"}],"curies":[{"name":"wp","href":"https:\/\/api.w.org\/{rel}","templated":true}]}}