{"id":786,"date":"2026-01-13T10:50:19","date_gmt":"2026-01-13T10:50:19","guid":{"rendered":"https:\/\/medietek.com\/product\/wisycom-mtb-40s-plug-on-tipi-verici\/"},"modified":"2026-01-13T10:50:27","modified_gmt":"2026-01-13T10:50:27","slug":"wisycom-mtb-40s-plug-on-tipi-verici","status":"publish","type":"product","link":"https:\/\/medietek.com\/tr\/urun\/wisycom-mtb-40s-plug-on-tipi-verici\/","title":{"rendered":"Wisycom MTB-40S Plug-On tipi verici"},"content":{"rendered":"<ul>\n<li>\n<p>D\u00fcnyan\u0131n her yerinde en iyi frekans\u0131 bulmak i\u00e7in 232 MHz aral\u0131\u011f\u0131na kadar mevcut en geni\u015f anahtarlama bant geni\u015fli\u011fini sa\u011flar.<\/p>\n<\/li>\n<li>\n<p>Herhangi bir ultrasonik paraziti \u00f6nlemek i\u00e7in en iyi se\u00e7ici ses filtresini monte eder<\/p>\n<\/li>\n<li>\n<p>Geli\u015fmi\u015f lineer teknoloji, daha sa\u011flam sinyal, geni\u015fletilmi\u015f menzil ve birbirine yak\u0131n mesafede birka\u00e7 vericiyi \u00e7al\u0131\u015ft\u0131rma yetene\u011fi i\u00e7in intermod\u00fclasyon bozulmas\u0131n\u0131 ortadan kald\u0131r\u0131r.<\/p>\n<\/li>\n<li>\n<p>Dar Bant ve Do\u011frusal vericilerin kombinasyonu, her 200 kHz&#8217;de bir ayar yapman\u0131za olanak tan\u0131r ve azalt\u0131lm\u0131\u015f RX bant geni\u015fli\u011fi, hassasiyette 3dB art\u0131\u015f sa\u011flar.<\/p>\n<\/li>\n<li>\n<p>&#8220;Geni\u015f bant&#8221; modunda SW ile ge\u00e7i\u015f yapan MTB40S-UN, \u00f6nceki t\u00fcm Wisycom eski al\u0131c\u0131lar\u0131yla tam uyumluluk sa\u011flar<\/p>\n<\/li>\n<li>\n<p>Verici, daha az \u0131s\u0131 \u00fcreten minimum g\u00fc\u00e7 t\u00fcketimi ile maksimum performans i\u00e7in tasarlanm\u0131\u015ft\u0131r &#8211; giymesi veya \u00e7al\u0131\u015ft\u0131rmas\u0131 her zaman rahatt\u0131r.<\/p>\n<\/li>\n<li>\n<p>ENC ve ENR algoritmalar\u0131, istenen ses i\u00e7in \u00f6n ayarlar olu\u015fturma ve \u015fekillendirme ile neredeyse gecikmesiz her uygulamada m\u00fckemmel ses i\u00e7in.<\/p>\n<\/li>\n<\/ul>\n","protected":false},"excerpt":{"rendered":"<p>D\u00fcnyan\u0131n her yerinde en iyi frekans\u0131 bulmak i\u00e7in 232 MHz aral\u0131\u011f\u0131na kadar mevcut en geni\u015f anahtarlama bant geni\u015fli\u011fini sa\u011flar. Herhangi bir ultrasonik paraziti \u00f6nlemek i\u00e7in en iyi se\u00e7ici ses filtresini monte eder Geli\u015fmi\u015f lineer teknoloji, daha sa\u011flam sinyal, geni\u015fletilmi\u015f menzil ve birbirine yak\u0131n mesafede birka\u00e7 vericiyi \u00e7al\u0131\u015ft\u0131rma yetene\u011fi i\u00e7in intermod\u00fclasyon bozulmas\u0131n\u0131 ortadan kald\u0131r\u0131r. Dar Bant [&hellip;]<\/p>\n","protected":false},"featured_media":784,"comment_status":"open","ping_status":"closed","template":"","meta":{"_et_pb_use_builder":"","_et_pb_old_content":"","_et_gb_content_width":"","jetpack_publicize_message":"","jetpack_publicize_feature_enabled":true,"jetpack_social_post_already_shared":false,"jetpack_social_options":{"image_generator_settings":{"template":"highway","default_image_id":0,"font":"","enabled":false},"version":2}},"product_brand":[],"product_cat":[34],"product_tag":[],"class_list":{"0":"post-786","1":"product","2":"type-product","3":"status-publish","4":"has-post-thumbnail","6":"product_cat-uncategorized-tr","8":"first","9":"outofstock","10":"shipping-taxable","11":"purchasable","12":"product-type-simple"},"jetpack_publicize_connections":[],"jetpack_sharing_enabled":true,"_links":{"self":[{"href":"https:\/\/medietek.com\/tr\/wp-json\/wp\/v2\/product\/786","targetHints":{"allow":["GET"]}}],"collection":[{"href":"https:\/\/medietek.com\/tr\/wp-json\/wp\/v2\/product"}],"about":[{"href":"https:\/\/medietek.com\/tr\/wp-json\/wp\/v2\/types\/product"}],"replies":[{"embeddable":true,"href":"https:\/\/medietek.com\/tr\/wp-json\/wp\/v2\/comments?post=786"}],"wp:featuredmedia":[{"embeddable":true,"href":"https:\/\/medietek.com\/tr\/wp-json\/wp\/v2\/media\/784"}],"wp:attachment":[{"href":"https:\/\/medietek.com\/tr\/wp-json\/wp\/v2\/media?parent=786"}],"wp:term":[{"taxonomy":"product_brand","embeddable":true,"href":"https:\/\/medietek.com\/tr\/wp-json\/wp\/v2\/product_brand?post=786"},{"taxonomy":"product_cat","embeddable":true,"href":"https:\/\/medietek.com\/tr\/wp-json\/wp\/v2\/product_cat?post=786"},{"taxonomy":"product_tag","embeddable":true,"href":"https:\/\/medietek.com\/tr\/wp-json\/wp\/v2\/product_tag?post=786"}],"curies":[{"name":"wp","href":"https:\/\/api.w.org\/{rel}","templated":true}]}}