{"id":790,"date":"2026-01-13T10:54:27","date_gmt":"2026-01-13T10:54:27","guid":{"rendered":"https:\/\/medietek.com\/product\/wisycom-bpa54-stand-alone\/"},"modified":"2026-01-13T10:54:32","modified_gmt":"2026-01-13T10:54:32","slug":"wisycom-bpa54-stand-alone","status":"publish","type":"product","link":"https:\/\/medietek.com\/tr\/urun\/wisycom-bpa54-stand-alone\/","title":{"rendered":"Wisycom BPA54 Stand Alone"},"content":{"rendered":"<ul>\n<li>\n<p>Ba\u011f\u0131ms\u0131z&#8221; arka panel<\/p>\n<\/li>\n<\/ul>\n<p>&nbsp; &nbsp; &nbsp; &nbsp; &#8211; 2 mini XLR-5pin erkek \u00e7\u0131k\u0131\u015f (4 analog kanal veya 4 dijital AES kanal\u0131 i\u00e7in)<\/p>\n<p>&nbsp; &nbsp; &nbsp; &nbsp; &#8211; 1 Harici g\u00fc\u00e7 i\u00e7in Hirose konekt\u00f6r\u00fc<\/p>\n","protected":false},"excerpt":{"rendered":"<p>Ba\u011f\u0131ms\u0131z&#8221; arka panel &nbsp; &nbsp; &nbsp; &nbsp; &#8211; 2 mini XLR-5pin erkek \u00e7\u0131k\u0131\u015f (4 analog kanal veya 4 dijital AES kanal\u0131 i\u00e7in) &nbsp; &nbsp; &nbsp; &nbsp; &#8211; 1 Harici g\u00fc\u00e7 i\u00e7in Hirose konekt\u00f6r\u00fc<\/p>\n","protected":false},"featured_media":787,"comment_status":"open","ping_status":"closed","template":"","meta":{"_et_pb_use_builder":"","_et_pb_old_content":"","_et_gb_content_width":"","jetpack_publicize_message":"","jetpack_publicize_feature_enabled":true,"jetpack_social_post_already_shared":false,"jetpack_social_options":{"image_generator_settings":{"template":"highway","default_image_id":0,"font":"","enabled":false},"version":2}},"product_brand":[],"product_cat":[34],"product_tag":[],"class_list":{"0":"post-790","1":"product","2":"type-product","3":"status-publish","4":"has-post-thumbnail","6":"product_cat-uncategorized-tr","8":"first","9":"outofstock","10":"shipping-taxable","11":"purchasable","12":"product-type-simple"},"jetpack_publicize_connections":[],"jetpack_sharing_enabled":true,"_links":{"self":[{"href":"https:\/\/medietek.com\/tr\/wp-json\/wp\/v2\/product\/790","targetHints":{"allow":["GET"]}}],"collection":[{"href":"https:\/\/medietek.com\/tr\/wp-json\/wp\/v2\/product"}],"about":[{"href":"https:\/\/medietek.com\/tr\/wp-json\/wp\/v2\/types\/product"}],"replies":[{"embeddable":true,"href":"https:\/\/medietek.com\/tr\/wp-json\/wp\/v2\/comments?post=790"}],"wp:featuredmedia":[{"embeddable":true,"href":"https:\/\/medietek.com\/tr\/wp-json\/wp\/v2\/media\/787"}],"wp:attachment":[{"href":"https:\/\/medietek.com\/tr\/wp-json\/wp\/v2\/media?parent=790"}],"wp:term":[{"taxonomy":"product_brand","embeddable":true,"href":"https:\/\/medietek.com\/tr\/wp-json\/wp\/v2\/product_brand?post=790"},{"taxonomy":"product_cat","embeddable":true,"href":"https:\/\/medietek.com\/tr\/wp-json\/wp\/v2\/product_cat?post=790"},{"taxonomy":"product_tag","embeddable":true,"href":"https:\/\/medietek.com\/tr\/wp-json\/wp\/v2\/product_tag?post=790"}],"curies":[{"name":"wp","href":"https:\/\/api.w.org\/{rel}","templated":true}]}}