{"id":794,"date":"2026-01-13T10:58:50","date_gmt":"2026-01-13T10:58:50","guid":{"rendered":"https:\/\/medietek.com\/product\/wisycom-slk54-ik\/"},"modified":"2026-01-13T10:58:58","modified_gmt":"2026-01-13T10:58:58","slug":"wisycom-slk54-ik","status":"publish","type":"product","link":"https:\/\/medietek.com\/tr\/urun\/wisycom-slk54-ik\/","title":{"rendered":"Wisycom SLK54-IK"},"content":{"rendered":"<ul>\n<li>\n<p>Sound Device SuperSlot (yetenekli cihazlarda 4 ses \u00e7\u0131k\u0131\u015f\u0131, \u00f6rne\u011fin Soundevices\u2122 SL-2)<\/p>\n<\/li>\n<li>\n<p>MRK16 \u00c7ok Yuval\u0131 raf (4 ses \u00e7\u0131k\u0131\u015f\u0131)<\/p>\n<\/li>\n<li>\n<p>Unislot (Ikegami, Panasonic kameralar)<\/p>\n<\/li>\n<\/ul>\n","protected":false},"excerpt":{"rendered":"<p>Sound Device SuperSlot (yetenekli cihazlarda 4 ses \u00e7\u0131k\u0131\u015f\u0131, \u00f6rne\u011fin Soundevices\u2122 SL-2) MRK16 \u00c7ok Yuval\u0131 raf (4 ses \u00e7\u0131k\u0131\u015f\u0131) Unislot (Ikegami, Panasonic kameralar)<\/p>\n","protected":false},"featured_media":791,"comment_status":"open","ping_status":"closed","template":"","meta":{"_et_pb_use_builder":"","_et_pb_old_content":"","_et_gb_content_width":"","jetpack_publicize_message":"","jetpack_publicize_feature_enabled":true,"jetpack_social_post_already_shared":false,"jetpack_social_options":{"image_generator_settings":{"template":"highway","default_image_id":0,"font":"","enabled":false},"version":2}},"product_brand":[],"product_cat":[34],"product_tag":[],"class_list":{"0":"post-794","1":"product","2":"type-product","3":"status-publish","4":"has-post-thumbnail","6":"product_cat-uncategorized-tr","8":"first","9":"outofstock","10":"shipping-taxable","11":"purchasable","12":"product-type-simple"},"jetpack_publicize_connections":[],"jetpack_sharing_enabled":true,"_links":{"self":[{"href":"https:\/\/medietek.com\/tr\/wp-json\/wp\/v2\/product\/794","targetHints":{"allow":["GET"]}}],"collection":[{"href":"https:\/\/medietek.com\/tr\/wp-json\/wp\/v2\/product"}],"about":[{"href":"https:\/\/medietek.com\/tr\/wp-json\/wp\/v2\/types\/product"}],"replies":[{"embeddable":true,"href":"https:\/\/medietek.com\/tr\/wp-json\/wp\/v2\/comments?post=794"}],"wp:featuredmedia":[{"embeddable":true,"href":"https:\/\/medietek.com\/tr\/wp-json\/wp\/v2\/media\/791"}],"wp:attachment":[{"href":"https:\/\/medietek.com\/tr\/wp-json\/wp\/v2\/media?parent=794"}],"wp:term":[{"taxonomy":"product_brand","embeddable":true,"href":"https:\/\/medietek.com\/tr\/wp-json\/wp\/v2\/product_brand?post=794"},{"taxonomy":"product_cat","embeddable":true,"href":"https:\/\/medietek.com\/tr\/wp-json\/wp\/v2\/product_cat?post=794"},{"taxonomy":"product_tag","embeddable":true,"href":"https:\/\/medietek.com\/tr\/wp-json\/wp\/v2\/product_tag?post=794"}],"curies":[{"name":"wp","href":"https:\/\/api.w.org\/{rel}","templated":true}]}}