{"id":798,"date":"2026-01-16T09:11:48","date_gmt":"2026-01-16T09:11:48","guid":{"rendered":"https:\/\/medietek.com\/product\/wisycom-mpr60-genis-bant-iem-alicisi\/"},"modified":"2026-01-16T09:25:39","modified_gmt":"2026-01-16T09:25:39","slug":"wisycom-mpr60-genis-bant-iem-alicisi","status":"publish","type":"product","link":"https:\/\/medietek.com\/tr\/urun\/wisycom-mpr60-genis-bant-iem-alicisi\/","title":{"rendered":"Wisycom MPR60 Geni\u015f Bant IEM Al\u0131c\u0131s\u0131"},"content":{"rendered":"<p>Wisycom MPR60, profesyonel In-Ear Monitoring alan\u0131nda yeni standartlar belirliyor.<\/p>\n<p>Yerle\u015fik bir end\u00fcstri standard\u0131n\u0131n geli\u015ftirilmi\u015f hali olarak, en y\u00fcksek RF dayan\u0131kl\u0131l\u0131\u011f\u0131n\u0131, ola\u011fan\u00fcst\u00fc ses kalitesini ve en modern kablosuz teknolojiyi son derece g\u00fcvenilir bir bodypack i\u00e7inde bir araya getirir.<\/p>\n","protected":false},"excerpt":{"rendered":"<p>Wisycom MPR60, profesyonel In-Ear Monitoring alan\u0131nda yeni standartlar belirliyor. Yerle\u015fik bir end\u00fcstri standard\u0131n\u0131n geli\u015ftirilmi\u015f hali olarak, en y\u00fcksek RF dayan\u0131kl\u0131l\u0131\u011f\u0131n\u0131, ola\u011fan\u00fcst\u00fc ses kalitesini ve en modern kablosuz teknolojiyi son derece g\u00fcvenilir bir bodypack i\u00e7inde bir araya getirir.<\/p>\n","protected":false},"featured_media":803,"comment_status":"open","ping_status":"closed","template":"","meta":{"_et_pb_use_builder":"","_et_pb_old_content":"","_et_gb_content_width":"","jetpack_publicize_message":"","jetpack_publicize_feature_enabled":true,"jetpack_social_post_already_shared":false,"jetpack_social_options":{"image_generator_settings":{"template":"highway","default_image_id":0,"font":"","enabled":false},"version":2}},"product_brand":[],"product_cat":[124,117],"product_tag":[],"class_list":{"0":"post-798","1":"product","2":"type-product","3":"status-publish","4":"has-post-thumbnail","6":"product_cat-kulak-ici-izleme-sistemleri","7":"product_cat-wisycom","9":"first","10":"outofstock","11":"shipping-taxable","12":"purchasable","13":"product-type-simple"},"jetpack_publicize_connections":[],"jetpack_sharing_enabled":true,"_links":{"self":[{"href":"https:\/\/medietek.com\/tr\/wp-json\/wp\/v2\/product\/798","targetHints":{"allow":["GET"]}}],"collection":[{"href":"https:\/\/medietek.com\/tr\/wp-json\/wp\/v2\/product"}],"about":[{"href":"https:\/\/medietek.com\/tr\/wp-json\/wp\/v2\/types\/product"}],"replies":[{"embeddable":true,"href":"https:\/\/medietek.com\/tr\/wp-json\/wp\/v2\/comments?post=798"}],"wp:featuredmedia":[{"embeddable":true,"href":"https:\/\/medietek.com\/tr\/wp-json\/wp\/v2\/media\/803"}],"wp:attachment":[{"href":"https:\/\/medietek.com\/tr\/wp-json\/wp\/v2\/media?parent=798"}],"wp:term":[{"taxonomy":"product_brand","embeddable":true,"href":"https:\/\/medietek.com\/tr\/wp-json\/wp\/v2\/product_brand?post=798"},{"taxonomy":"product_cat","embeddable":true,"href":"https:\/\/medietek.com\/tr\/wp-json\/wp\/v2\/product_cat?post=798"},{"taxonomy":"product_tag","embeddable":true,"href":"https:\/\/medietek.com\/tr\/wp-json\/wp\/v2\/product_tag?post=798"}],"curies":[{"name":"wp","href":"https:\/\/api.w.org\/{rel}","templated":true}]}}