{"id":814,"date":"2026-01-16T10:35:54","date_gmt":"2026-01-16T10:35:54","guid":{"rendered":"https:\/\/medietek.com\/product\/wisycom-mcr54-b12-cok-bantli-4-kanalli-alici\/"},"modified":"2026-01-16T10:36:14","modified_gmt":"2026-01-16T10:36:14","slug":"wisycom-mcr54-b12-cok-bantli-4-kanalli-alici","status":"publish","type":"product","link":"https:\/\/medietek.com\/tr\/urun\/wisycom-mcr54-b12-cok-bantli-4-kanalli-alici\/","title":{"rendered":"Wisycom MCR54-B12 \u00c7ok Bantl\u0131 4 Kanall\u0131 Al\u0131c\u0131"},"content":{"rendered":"<p>MCR54, mod\u00fcler ba\u011f\u0131ms\u0131z (stand-alone) veya slot-in konfig\u00fcrasyonunda kullan\u0131labilen, kameralar i\u00e7in tasarlanm\u0131\u015f kablosuz d\u00f6rt kanall\u0131 diversity mikrofon al\u0131c\u0131 sistemidir. \u00c7o\u011fu kamera yuvas\u0131 ve \u201cmulti-slot\u201d mikser aksesuarlar\u0131yla uyumludur.<\/p>\n","protected":false},"excerpt":{"rendered":"<p>MCR54, mod\u00fcler ba\u011f\u0131ms\u0131z (stand-alone) veya slot-in konfig\u00fcrasyonunda kullan\u0131labilen, kameralar i\u00e7in tasarlanm\u0131\u015f kablosuz d\u00f6rt kanall\u0131 diversity mikrofon al\u0131c\u0131 sistemidir. \u00c7o\u011fu kamera yuvas\u0131 ve \u201cmulti-slot\u201d mikser aksesuarlar\u0131yla uyumludur.<\/p>\n","protected":false},"featured_media":806,"comment_status":"open","ping_status":"closed","template":"","meta":{"_et_pb_use_builder":"","_et_pb_old_content":"","_et_gb_content_width":"","jetpack_publicize_message":"","jetpack_publicize_feature_enabled":true,"jetpack_social_post_already_shared":false,"jetpack_social_options":{"image_generator_settings":{"template":"highway","default_image_id":0,"font":"","enabled":false},"version":2}},"product_brand":[],"product_cat":[34],"product_tag":[],"class_list":{"0":"post-814","1":"product","2":"type-product","3":"status-publish","4":"has-post-thumbnail","6":"product_cat-uncategorized-tr","8":"first","9":"outofstock","10":"shipping-taxable","11":"purchasable","12":"product-type-simple"},"jetpack_publicize_connections":[],"jetpack_sharing_enabled":true,"_links":{"self":[{"href":"https:\/\/medietek.com\/tr\/wp-json\/wp\/v2\/product\/814","targetHints":{"allow":["GET"]}}],"collection":[{"href":"https:\/\/medietek.com\/tr\/wp-json\/wp\/v2\/product"}],"about":[{"href":"https:\/\/medietek.com\/tr\/wp-json\/wp\/v2\/types\/product"}],"replies":[{"embeddable":true,"href":"https:\/\/medietek.com\/tr\/wp-json\/wp\/v2\/comments?post=814"}],"wp:featuredmedia":[{"embeddable":true,"href":"https:\/\/medietek.com\/tr\/wp-json\/wp\/v2\/media\/806"}],"wp:attachment":[{"href":"https:\/\/medietek.com\/tr\/wp-json\/wp\/v2\/media?parent=814"}],"wp:term":[{"taxonomy":"product_brand","embeddable":true,"href":"https:\/\/medietek.com\/tr\/wp-json\/wp\/v2\/product_brand?post=814"},{"taxonomy":"product_cat","embeddable":true,"href":"https:\/\/medietek.com\/tr\/wp-json\/wp\/v2\/product_cat?post=814"},{"taxonomy":"product_tag","embeddable":true,"href":"https:\/\/medietek.com\/tr\/wp-json\/wp\/v2\/product_tag?post=814"}],"curies":[{"name":"wp","href":"https:\/\/api.w.org\/{rel}","templated":true}]}}