{"id":836,"date":"2026-01-20T15:25:54","date_gmt":"2026-01-20T15:25:54","guid":{"rendered":"https:\/\/medietek.com\/product\/wisycom-matf-genis-bant-anten-matrisi\/"},"modified":"2026-03-10T10:39:27","modified_gmt":"2026-03-10T10:39:27","slug":"wisycom-matf-genis-bant-anten-matrisi","status":"publish","type":"product","link":"https:\/\/medietek.com\/tr\/urun\/wisycom-matf-genis-bant-anten-matrisi\/","title":{"rendered":""},"content":{"rendered":"<p>4 koaksiyel RF giri\u015fi ve 4 optik fiber giri\u015finin birle\u015fiminden olu\u015fan bir RF-over-Fiber anten matris sistemi. Bu konfig\u00fcrasyon, hem yerel antenlerin hem de uzak RF-over-Fiber b\u00f6lgelerinin entegre edilmesi gereken kurulumlar i\u00e7in uygundur. Sistem, \u00e7e\u015fitlilik modunda 8 adede kadar RF b\u00f6lgesinin merkezi y\u00f6netimini ve bunlar\u0131n profesyonel yay\u0131n, tiyatro veya canl\u0131 prod\u00fcksiyonlar i\u00e7in birden fazla \u00e7\u0131k\u0131\u015fa esnek bir \u015fekilde birle\u015ftirilmesini sa\u011flar.<\/p>\n<p>&nbsp;<\/p>\n<p>&nbsp;<\/p>\n","protected":false},"excerpt":{"rendered":"<p>4 koaksiyel RF giri\u015fi ve 4 optik fiber giri\u015finin birle\u015fiminden olu\u015fan bir RF-over-Fiber anten matris sistemi. Bu konfig\u00fcrasyon, hem yerel antenlerin hem de uzak RF-over-Fiber b\u00f6lgelerinin entegre edilmesi gereken kurulumlar i\u00e7in uygundur. Sistem, \u00e7e\u015fitlilik modunda 8 adede kadar RF b\u00f6lgesinin merkezi y\u00f6netimini ve bunlar\u0131n profesyonel yay\u0131n, tiyatro veya canl\u0131 prod\u00fcksiyonlar i\u00e7in birden fazla \u00e7\u0131k\u0131\u015fa esnek [&hellip;]<\/p>\n","protected":false},"featured_media":1640,"comment_status":"open","ping_status":"closed","template":"","meta":{"_et_pb_use_builder":"","_et_pb_old_content":"","_et_gb_content_width":"","jetpack_publicize_message":"","jetpack_publicize_feature_enabled":true,"jetpack_social_post_already_shared":false,"jetpack_social_options":{"image_generator_settings":{"template":"highway","default_image_id":0,"font":"","enabled":false},"version":2}},"product_brand":[],"product_cat":[127,117],"product_tag":[],"class_list":{"0":"post-836","1":"product","2":"type-product","3":"status-publish","4":"has-post-thumbnail","6":"product_cat-fiber-uzerinden-rf-sistemleri","7":"product_cat-wisycom","9":"first","10":"outofstock","11":"shipping-taxable","12":"product-type-simple"},"jetpack_publicize_connections":[],"jetpack_sharing_enabled":true,"_links":{"self":[{"href":"https:\/\/medietek.com\/tr\/wp-json\/wp\/v2\/product\/836","targetHints":{"allow":["GET"]}}],"collection":[{"href":"https:\/\/medietek.com\/tr\/wp-json\/wp\/v2\/product"}],"about":[{"href":"https:\/\/medietek.com\/tr\/wp-json\/wp\/v2\/types\/product"}],"replies":[{"embeddable":true,"href":"https:\/\/medietek.com\/tr\/wp-json\/wp\/v2\/comments?post=836"}],"wp:featuredmedia":[{"embeddable":true,"href":"https:\/\/medietek.com\/tr\/wp-json\/wp\/v2\/media\/1640"}],"wp:attachment":[{"href":"https:\/\/medietek.com\/tr\/wp-json\/wp\/v2\/media?parent=836"}],"wp:term":[{"taxonomy":"product_brand","embeddable":true,"href":"https:\/\/medietek.com\/tr\/wp-json\/wp\/v2\/product_brand?post=836"},{"taxonomy":"product_cat","embeddable":true,"href":"https:\/\/medietek.com\/tr\/wp-json\/wp\/v2\/product_cat?post=836"},{"taxonomy":"product_tag","embeddable":true,"href":"https:\/\/medietek.com\/tr\/wp-json\/wp\/v2\/product_tag?post=836"}],"curies":[{"name":"wp","href":"https:\/\/api.w.org\/{rel}","templated":true}]}}