{"id":846,"date":"2026-01-20T15:27:03","date_gmt":"2026-01-20T15:27:03","guid":{"rendered":"https:\/\/medietek.com\/product\/wisycom-matf-genis-bant-anten-matrisi-2\/"},"modified":"2026-03-10T10:38:40","modified_gmt":"2026-03-10T10:38:40","slug":"wisycom-matf-genis-bant-anten-matrisi-2","status":"publish","type":"product","link":"https:\/\/medietek.com\/tr\/urun\/wisycom-matf-genis-bant-anten-matrisi-2\/","title":{"rendered":""},"content":{"rendered":"<p>&nbsp;<\/p>\n<p>2 koaksiyel RF giri\u015fi ve 6 optik fiber giri\u015fi olan, \u00e7oklay\u0131c\u0131 i\u00e7ermeyen bir RF-over-Fiber anten matris sistemi. Bu versiyon, antenlerin \u00e7o\u011funun uzak konumlardan fiber optik ile ba\u011fland\u0131\u011f\u0131 kurulumlar i\u00e7in tasarlanm\u0131\u015ft\u0131r. Karma\u015f\u0131k kablosuz altyap\u0131larda 8 adede kadar RF b\u00f6lgesinin merkezi olarak birle\u015ftirilmesini ve y\u00f6netilmesini sa\u011flar.<\/p>\n","protected":false},"excerpt":{"rendered":"<p>&nbsp; 2 koaksiyel RF giri\u015fi ve 6 optik fiber giri\u015fi olan, \u00e7oklay\u0131c\u0131 i\u00e7ermeyen bir RF-over-Fiber anten matris sistemi. Bu versiyon, antenlerin \u00e7o\u011funun uzak konumlardan fiber optik ile ba\u011fland\u0131\u011f\u0131 kurulumlar i\u00e7in tasarlanm\u0131\u015ft\u0131r. Karma\u015f\u0131k kablosuz altyap\u0131larda 8 adede kadar RF b\u00f6lgesinin merkezi olarak birle\u015ftirilmesini ve y\u00f6netilmesini sa\u011flar.<\/p>\n","protected":false},"featured_media":1654,"comment_status":"open","ping_status":"closed","template":"","meta":{"_et_pb_use_builder":"","_et_pb_old_content":"","_et_gb_content_width":"","jetpack_publicize_message":"","jetpack_publicize_feature_enabled":true,"jetpack_social_post_already_shared":false,"jetpack_social_options":{"image_generator_settings":{"template":"highway","default_image_id":0,"font":"","enabled":false},"version":2}},"product_brand":[],"product_cat":[127,117],"product_tag":[],"class_list":{"0":"post-846","1":"product","2":"type-product","3":"status-publish","4":"has-post-thumbnail","6":"product_cat-fiber-uzerinden-rf-sistemleri","7":"product_cat-wisycom","9":"first","10":"outofstock","11":"shipping-taxable","12":"product-type-simple"},"jetpack_publicize_connections":[],"jetpack_sharing_enabled":true,"_links":{"self":[{"href":"https:\/\/medietek.com\/tr\/wp-json\/wp\/v2\/product\/846","targetHints":{"allow":["GET"]}}],"collection":[{"href":"https:\/\/medietek.com\/tr\/wp-json\/wp\/v2\/product"}],"about":[{"href":"https:\/\/medietek.com\/tr\/wp-json\/wp\/v2\/types\/product"}],"replies":[{"embeddable":true,"href":"https:\/\/medietek.com\/tr\/wp-json\/wp\/v2\/comments?post=846"}],"wp:featuredmedia":[{"embeddable":true,"href":"https:\/\/medietek.com\/tr\/wp-json\/wp\/v2\/media\/1654"}],"wp:attachment":[{"href":"https:\/\/medietek.com\/tr\/wp-json\/wp\/v2\/media?parent=846"}],"wp:term":[{"taxonomy":"product_brand","embeddable":true,"href":"https:\/\/medietek.com\/tr\/wp-json\/wp\/v2\/product_brand?post=846"},{"taxonomy":"product_cat","embeddable":true,"href":"https:\/\/medietek.com\/tr\/wp-json\/wp\/v2\/product_cat?post=846"},{"taxonomy":"product_tag","embeddable":true,"href":"https:\/\/medietek.com\/tr\/wp-json\/wp\/v2\/product_tag?post=846"}],"curies":[{"name":"wp","href":"https:\/\/api.w.org\/{rel}","templated":true}]}}